{"id":20828,"date":"2024-05-08T10:12:34","date_gmt":"2024-05-08T09:12:34","guid":{"rendered":"https:\/\/guggi.es\/?post_type=product&#038;p=20828"},"modified":"2024-05-08T10:12:34","modified_gmt":"2024-05-08T09:12:34","slug":"neumatico-michelin-pilot-sport-4-225-45-r17-91-v","status":"publish","type":"product","link":"https:\/\/guggi.es\/ca\/product\/neumatico-michelin-pilot-sport-4-225-45-r17-91-v\/","title":{"rendered":"Neum\u00e1tico MICHELIN PILOT SPORT 4 225\/45 R17 91 V"},"content":{"rendered":"<p>El neum\u00e1tico MICHELIN PILOT SPORT 4 est\u00e1 dise\u00f1ado con la tecnolog\u00eda Dynamica Response que cuenta con un cintur\u00f3n h\u00edbrido de aramida y nailon que transmite de forma instant\u00e1nea y precisa cada movimiento al detalle. Adem\u00e1s, cuenta con una escultura ultra-reactiva que se adapta continuamente a la carretera y optimiza la huella de contacto con la calzada.<br \/>\nEste neum\u00e1tico MICHELIN est\u00e1 fabricado con un compuesto de goma con s\u00edlice y elast\u00f3meros que ofrece una excelente adherencia y frenada sobre suelo mojado.<br \/>\nEl modelo PILOT SPORT 4 tiene un alto nivel de evacuaci\u00f3n de agua gracias a la anchura y profundidad de sus ranuras longitudinales, reduciendo as\u00ed el riesgo de aquaplaning.<\/p>","protected":false},"excerpt":{"rendered":"<p>El neum\u00e1tico MICHELIN PILOT SPORT 4 es un neum\u00e1tico de verano dise\u00f1ado para veh\u00edculos sport potentes, coup\u00e9s y berlinas de alto rendimiento.<\/p>","protected":false},"featured_media":20829,"comment_status":"open","ping_status":"closed","template":"","meta":[],"product_brand":[],"product_cat":[79],"product_tag":[],"class_list":{"0":"post-20828","1":"product","2":"type-product","3":"status-publish","4":"has-post-thumbnail","6":"product_cat-neumaticos","8":"first","9":"instock","10":"taxable","11":"shipping-taxable","12":"purchasable","13":"product-type-simple"},"yoast_head":"<!-- This site is optimized with the Yoast SEO plugin v27.4 - https:\/\/yoast.com\/product\/yoast-seo-wordpress\/ -->\n<title>Neum\u00e1tico MICHELIN PILOT SPORT 4 225\/45 R17 91 V - Taller chapa y pintura Guggi Torredembarra<\/title>\n<meta name=\"robots\" content=\"index, follow, max-snippet:-1, max-image-preview:large, max-video-preview:-1\" \/>\n<link rel=\"canonical\" href=\"https:\/\/guggi.es\/ca\/product\/neumatico-michelin-pilot-sport-4-225-45-r17-91-v\/\" \/>\n<meta property=\"og:locale\" content=\"ca_ES\" \/>\n<meta property=\"og:type\" content=\"article\" \/>\n<meta property=\"og:title\" content=\"Neum\u00e1tico MICHELIN PILOT SPORT 4 225\/45 R17 91 V - Taller chapa y pintura Guggi Torredembarra\" \/>\n<meta property=\"og:description\" content=\"El neum\u00e1tico MICHELIN PILOT SPORT 4 es un neum\u00e1tico de verano dise\u00f1ado para veh\u00edculos sport potentes, coup\u00e9s y berlinas de alto rendimiento.\" \/>\n<meta property=\"og:url\" content=\"https:\/\/guggi.es\/ca\/product\/neumatico-michelin-pilot-sport-4-225-45-r17-91-v\/\" \/>\n<meta property=\"og:site_name\" content=\"Taller chapa y pintura Guggi Torredembarra\" \/>\n<meta property=\"article:publisher\" content=\"https:\/\/www.facebook.com\/guggitaller\/\" \/>\n<meta property=\"og:image\" content=\"https:\/\/guggi.es\/wp-content\/uploads\/2024\/05\/neumatico-michelin-pilot-sport-4-225-45-r17-91-v-2108712.jpg\" \/>\n\t<meta property=\"og:image:width\" content=\"900\" \/>\n\t<meta property=\"og:image:height\" content=\"900\" \/>\n\t<meta property=\"og:image:type\" content=\"image\/jpeg\" \/>\n<meta name=\"twitter:card\" content=\"summary_large_image\" \/>\n<meta name=\"twitter:label1\" content=\"Temps estimat de lectura\" \/>\n\t<meta name=\"twitter:data1\" content=\"1 minut\" \/>\n<script type=\"application\/ld+json\" class=\"yoast-schema-graph\">{\"@context\":\"https:\\\/\\\/schema.org\",\"@graph\":[{\"@type\":\"WebPage\",\"@id\":\"https:\\\/\\\/guggi.es\\\/product\\\/neumatico-michelin-pilot-sport-4-225-45-r17-91-v\\\/\",\"url\":\"https:\\\/\\\/guggi.es\\\/product\\\/neumatico-michelin-pilot-sport-4-225-45-r17-91-v\\\/\",\"name\":\"Neum\u00e1tico MICHELIN PILOT SPORT 4 225\\\/45 R17 91 V - Taller chapa y pintura Guggi Torredembarra\",\"isPartOf\":{\"@id\":\"https:\\\/\\\/guggi.es\\\/#website\"},\"primaryImageOfPage\":{\"@id\":\"https:\\\/\\\/guggi.es\\\/product\\\/neumatico-michelin-pilot-sport-4-225-45-r17-91-v\\\/#primaryimage\"},\"image\":{\"@id\":\"https:\\\/\\\/guggi.es\\\/product\\\/neumatico-michelin-pilot-sport-4-225-45-r17-91-v\\\/#primaryimage\"},\"thumbnailUrl\":\"https:\\\/\\\/guggi.es\\\/wp-content\\\/uploads\\\/2024\\\/05\\\/neumatico-michelin-pilot-sport-4-225-45-r17-91-v-2108712.jpg\",\"datePublished\":\"2024-05-08T09:12:34+00:00\",\"breadcrumb\":{\"@id\":\"https:\\\/\\\/guggi.es\\\/product\\\/neumatico-michelin-pilot-sport-4-225-45-r17-91-v\\\/#breadcrumb\"},\"inLanguage\":\"ca\",\"potentialAction\":[{\"@type\":\"ReadAction\",\"target\":[\"https:\\\/\\\/guggi.es\\\/product\\\/neumatico-michelin-pilot-sport-4-225-45-r17-91-v\\\/\"]}]},{\"@type\":\"ImageObject\",\"inLanguage\":\"ca\",\"@id\":\"https:\\\/\\\/guggi.es\\\/product\\\/neumatico-michelin-pilot-sport-4-225-45-r17-91-v\\\/#primaryimage\",\"url\":\"https:\\\/\\\/guggi.es\\\/wp-content\\\/uploads\\\/2024\\\/05\\\/neumatico-michelin-pilot-sport-4-225-45-r17-91-v-2108712.jpg\",\"contentUrl\":\"https:\\\/\\\/guggi.es\\\/wp-content\\\/uploads\\\/2024\\\/05\\\/neumatico-michelin-pilot-sport-4-225-45-r17-91-v-2108712.jpg\",\"width\":900,\"height\":900},{\"@type\":\"BreadcrumbList\",\"@id\":\"https:\\\/\\\/guggi.es\\\/product\\\/neumatico-michelin-pilot-sport-4-225-45-r17-91-v\\\/#breadcrumb\",\"itemListElement\":[{\"@type\":\"ListItem\",\"position\":1,\"name\":\"Portada\",\"item\":\"https:\\\/\\\/guggi.es\\\/\"},{\"@type\":\"ListItem\",\"position\":2,\"name\":\"tienda\",\"item\":\"https:\\\/\\\/guggi.es\\\/tienda-2\\\/\"},{\"@type\":\"ListItem\",\"position\":3,\"name\":\"Neum\u00e1tico MICHELIN PILOT SPORT 4 225\\\/45 R17 91 V\"}]},{\"@type\":\"WebSite\",\"@id\":\"https:\\\/\\\/guggi.es\\\/#website\",\"url\":\"https:\\\/\\\/guggi.es\\\/\",\"name\":\"Taller chapa y pintura Guggi Torredembarra\",\"description\":\"Taller de chapa y pintura y alquiler de coches Torredembarra\",\"publisher\":{\"@id\":\"https:\\\/\\\/guggi.es\\\/#organization\"},\"alternateName\":\"Taller Guggi\",\"potentialAction\":[{\"@type\":\"SearchAction\",\"target\":{\"@type\":\"EntryPoint\",\"urlTemplate\":\"https:\\\/\\\/guggi.es\\\/?s={search_term_string}\"},\"query-input\":{\"@type\":\"PropertyValueSpecification\",\"valueRequired\":true,\"valueName\":\"search_term_string\"}}],\"inLanguage\":\"ca\"},{\"@type\":\"Organization\",\"@id\":\"https:\\\/\\\/guggi.es\\\/#organization\",\"name\":\"Taller Chapa y pintura Guggi Torredembarra\",\"alternateName\":\"Taller Guggi\",\"url\":\"https:\\\/\\\/guggi.es\\\/\",\"logo\":{\"@type\":\"ImageObject\",\"inLanguage\":\"ca\",\"@id\":\"https:\\\/\\\/guggi.es\\\/#\\\/schema\\\/logo\\\/image\\\/\",\"url\":\"https:\\\/\\\/guggi.es\\\/wp-content\\\/uploads\\\/2021\\\/12\\\/guggi-logo-2-2.svg\",\"contentUrl\":\"https:\\\/\\\/guggi.es\\\/wp-content\\\/uploads\\\/2021\\\/12\\\/guggi-logo-2-2.svg\",\"width\":500,\"height\":250,\"caption\":\"Taller Chapa y pintura Guggi Torredembarra\"},\"image\":{\"@id\":\"https:\\\/\\\/guggi.es\\\/#\\\/schema\\\/logo\\\/image\\\/\"},\"sameAs\":[\"https:\\\/\\\/www.facebook.com\\\/guggitaller\\\/\"]}]}<\/script>\n<!-- \/ Yoast SEO plugin. -->","yoast_head_json":{"title":"Neum\u00e1tico MICHELIN PILOT SPORT 4 225\/45 R17 91 V - Taller chapa y pintura Guggi Torredembarra","robots":{"index":"index","follow":"follow","max-snippet":"max-snippet:-1","max-image-preview":"max-image-preview:large","max-video-preview":"max-video-preview:-1"},"canonical":"https:\/\/guggi.es\/ca\/product\/neumatico-michelin-pilot-sport-4-225-45-r17-91-v\/","og_locale":"ca_ES","og_type":"article","og_title":"Neum\u00e1tico MICHELIN PILOT SPORT 4 225\/45 R17 91 V - Taller chapa y pintura Guggi Torredembarra","og_description":"El neum\u00e1tico MICHELIN PILOT SPORT 4 es un neum\u00e1tico de verano dise\u00f1ado para veh\u00edculos sport potentes, coup\u00e9s y berlinas de alto rendimiento.","og_url":"https:\/\/guggi.es\/ca\/product\/neumatico-michelin-pilot-sport-4-225-45-r17-91-v\/","og_site_name":"Taller chapa y pintura Guggi Torredembarra","article_publisher":"https:\/\/www.facebook.com\/guggitaller\/","og_image":[{"width":900,"height":900,"url":"https:\/\/guggi.es\/wp-content\/uploads\/2024\/05\/neumatico-michelin-pilot-sport-4-225-45-r17-91-v-2108712.jpg","type":"image\/jpeg"}],"twitter_card":"summary_large_image","twitter_misc":{"Temps estimat de lectura":"1 minut"},"schema":{"@context":"https:\/\/schema.org","@graph":[{"@type":"WebPage","@id":"https:\/\/guggi.es\/product\/neumatico-michelin-pilot-sport-4-225-45-r17-91-v\/","url":"https:\/\/guggi.es\/product\/neumatico-michelin-pilot-sport-4-225-45-r17-91-v\/","name":"Neum\u00e1tico MICHELIN PILOT SPORT 4 225\/45 R17 91 V - Taller chapa y pintura Guggi Torredembarra","isPartOf":{"@id":"https:\/\/guggi.es\/#website"},"primaryImageOfPage":{"@id":"https:\/\/guggi.es\/product\/neumatico-michelin-pilot-sport-4-225-45-r17-91-v\/#primaryimage"},"image":{"@id":"https:\/\/guggi.es\/product\/neumatico-michelin-pilot-sport-4-225-45-r17-91-v\/#primaryimage"},"thumbnailUrl":"https:\/\/guggi.es\/wp-content\/uploads\/2024\/05\/neumatico-michelin-pilot-sport-4-225-45-r17-91-v-2108712.jpg","datePublished":"2024-05-08T09:12:34+00:00","breadcrumb":{"@id":"https:\/\/guggi.es\/product\/neumatico-michelin-pilot-sport-4-225-45-r17-91-v\/#breadcrumb"},"inLanguage":"ca","potentialAction":[{"@type":"ReadAction","target":["https:\/\/guggi.es\/product\/neumatico-michelin-pilot-sport-4-225-45-r17-91-v\/"]}]},{"@type":"ImageObject","inLanguage":"ca","@id":"https:\/\/guggi.es\/product\/neumatico-michelin-pilot-sport-4-225-45-r17-91-v\/#primaryimage","url":"https:\/\/guggi.es\/wp-content\/uploads\/2024\/05\/neumatico-michelin-pilot-sport-4-225-45-r17-91-v-2108712.jpg","contentUrl":"https:\/\/guggi.es\/wp-content\/uploads\/2024\/05\/neumatico-michelin-pilot-sport-4-225-45-r17-91-v-2108712.jpg","width":900,"height":900},{"@type":"BreadcrumbList","@id":"https:\/\/guggi.es\/product\/neumatico-michelin-pilot-sport-4-225-45-r17-91-v\/#breadcrumb","itemListElement":[{"@type":"ListItem","position":1,"name":"Portada","item":"https:\/\/guggi.es\/"},{"@type":"ListItem","position":2,"name":"tienda","item":"https:\/\/guggi.es\/tienda-2\/"},{"@type":"ListItem","position":3,"name":"Neum\u00e1tico MICHELIN PILOT SPORT 4 225\/45 R17 91 V"}]},{"@type":"WebSite","@id":"https:\/\/guggi.es\/#website","url":"https:\/\/guggi.es\/","name":"Taller chapa y pintura Guggi Torredembarra","description":"Taller de chapa y pintura y alquiler de coches Torredembarra","publisher":{"@id":"https:\/\/guggi.es\/#organization"},"alternateName":"Taller Guggi","potentialAction":[{"@type":"SearchAction","target":{"@type":"EntryPoint","urlTemplate":"https:\/\/guggi.es\/?s={search_term_string}"},"query-input":{"@type":"PropertyValueSpecification","valueRequired":true,"valueName":"search_term_string"}}],"inLanguage":"ca"},{"@type":"Organization","@id":"https:\/\/guggi.es\/#organization","name":"Taller Chapa y pintura Guggi Torredembarra","alternateName":"Taller Guggi","url":"https:\/\/guggi.es\/","logo":{"@type":"ImageObject","inLanguage":"ca","@id":"https:\/\/guggi.es\/#\/schema\/logo\/image\/","url":"https:\/\/guggi.es\/wp-content\/uploads\/2021\/12\/guggi-logo-2-2.svg","contentUrl":"https:\/\/guggi.es\/wp-content\/uploads\/2021\/12\/guggi-logo-2-2.svg","width":500,"height":250,"caption":"Taller Chapa y pintura Guggi Torredembarra"},"image":{"@id":"https:\/\/guggi.es\/#\/schema\/logo\/image\/"},"sameAs":["https:\/\/www.facebook.com\/guggitaller\/"]}]}},"jetpack_sharing_enabled":true,"_links":{"self":[{"href":"https:\/\/guggi.es\/ca\/wp-json\/wp\/v2\/product\/20828","targetHints":{"allow":["GET"]}}],"collection":[{"href":"https:\/\/guggi.es\/ca\/wp-json\/wp\/v2\/product"}],"about":[{"href":"https:\/\/guggi.es\/ca\/wp-json\/wp\/v2\/types\/product"}],"replies":[{"embeddable":true,"href":"https:\/\/guggi.es\/ca\/wp-json\/wp\/v2\/comments?post=20828"}],"wp:featuredmedia":[{"embeddable":true,"href":"https:\/\/guggi.es\/ca\/wp-json\/wp\/v2\/media\/20829"}],"wp:attachment":[{"href":"https:\/\/guggi.es\/ca\/wp-json\/wp\/v2\/media?parent=20828"}],"wp:term":[{"taxonomy":"product_brand","embeddable":true,"href":"https:\/\/guggi.es\/ca\/wp-json\/wp\/v2\/product_brand?post=20828"},{"taxonomy":"product_cat","embeddable":true,"href":"https:\/\/guggi.es\/ca\/wp-json\/wp\/v2\/product_cat?post=20828"},{"taxonomy":"product_tag","embeddable":true,"href":"https:\/\/guggi.es\/ca\/wp-json\/wp\/v2\/product_tag?post=20828"}],"curies":[{"name":"wp","href":"https:\/\/api.w.org\/{rel}","templated":true}]}}