{"id":20818,"date":"2024-05-08T08:58:05","date_gmt":"2024-05-08T07:58:05","guid":{"rendered":"https:\/\/guggi.es\/?post_type=product&#038;p=20818"},"modified":"2024-05-08T09:01:06","modified_gmt":"2024-05-08T08:01:06","slug":"20818","status":"publish","type":"product","link":"https:\/\/guggi.es\/ca\/product\/20818\/","title":{"rendered":"Limpiador de Motor 150ml"},"content":{"rendered":"<div class=\"title--wrap--wDzGayX description--title--ZsqjrTd\">\n<div class=\"title--text--Lx66GPw\">\n<h2 class=\"title--title--RN9Pt03\" data-spm-anchor-id=\"a2g0o.detail.0.i7.10b88186FhhvsU\">Descripci\u00f3n<\/h2>\n<\/div>\n<\/div>\n<div>\n<div class=\"extend--content--DlnAngg\">\n<div>\n<div id=\"product-description\" class=\"description--product-description--nxRv0lW\" data-spm=\"1000023\" data-pl=\"product-description\">\n<div class=\"description--origin-part--SsZJoGC\">\n<div class=\"detailmodule_html\">\n<div class=\"detail-desc-decorate-richtext\"><strong id=\"tl_1\">Puntos destacados:<\/strong><br \/>\n<span id=\"tl_2\">1. Limpieza avanzada del motor: Garantiza la seguridad de la conducci\u00f3n, este limpiador de motor de coche de 150ml no solo mejora el rendimiento del motor, sino que tambi\u00e9n restaura su brillo, al tiempo que elimina eficazmente el aceite y el polvo.<\/span><br \/>\n<span id=\"tl_3\">2. Durabilidad del motor mejorada: proteja la longevidad del motor de su autom\u00f3vil con nuestro limpiador de motor de autom\u00f3vil de 150ml. Fortalece la estabilidad, reduce el desgaste y la erosi\u00f3n y prolonga la vida \u00fatil. Su f\u00f3rmula avanzada garantiza un mejor rendimiento y evita el envejecimiento, d\u00e1ndote la experiencia de conducci\u00f3n ideal.<\/span><br \/>\n<span id=\"tl_4\">3. Soluci\u00f3n ecol\u00f3gica: experimente el f\u00e1cil mantenimiento del motor de su autom\u00f3vil con nuestro limpiador de motor de autom\u00f3vil de alta calidad de 150ml. Sin sustancias nocivas incluidas, tenga la seguridad de su elecci\u00f3n segura y respetuosa con el medio ambiente que no da\u00f1ar\u00e1 las l\u00edneas y piezas del motor.<\/span><br \/>\n<span id=\"tl_5\">4. Limpieza sin esfuerzo: Roc\u00ede nuestro limpiador de motor de coche de 150ml y espere unos minutos para un motor impecable. No se requiere desmontaje ni herramientas profesionales, simplemente limpie y ahorre tiempo y esfuerzo.<\/span><br \/>\n<span id=\"tl_6\">5. Amplia aplicaci\u00f3n: mejora eficazmente la potencia del motor y la velocidad de respuesta para diferentes veh\u00edculos, incluidos autom\u00f3viles, motocicletas y barcos. Tambi\u00e9n se puede utilizar para desengrasar y descontaminar otras superficies met\u00e1licas, d\u00e1ndote un acabado potente e impecable.<\/span><strong id=\"tl_7\">Descripci\u00f3n:<\/strong><span id=\"tl_8\">\u00bfQuiere un limpiador de motor de coche de 150ml fiable que garantice la seguridad de conducci\u00f3n y produzca una vida \u00fatil prolongada para su motor? No busque m\u00e1s, nuestra f\u00f3rmula f\u00e1cil de usar y ampliamente aplicable. Tenga la seguridad de que nuestro producto no da\u00f1ar\u00e1 las l\u00edneas y piezas de su motor, dejando su veh\u00edculo funcionando sin problemas.<\/span><strong id=\"tl_9\">Especificaci\u00f3n:<\/strong><br \/>\n<span id=\"tl_10\">Nombre: Limpiador de motor de coche de 150ml<\/span><br \/>\n<span id=\"tl_11\">Contenido neto: 150ml<\/span><br \/>\n<span id=\"tl_12\">Peso: 185g<\/span><br \/>\n<span id=\"tl_13\">Tama\u00f1o del producto: 17,5&#215;4,3 cm\/6,89&#215;1,69 pulgadas<\/span><br \/>\n<span id=\"tl_14\">Vida \u00fatil: 3 a\u00f1os<\/span><strong id=\"tl_15\">Lista de embalaje<\/strong><br \/>\n<span id=\"tl_16\">1 limpiador de motor de coche de 150ml<\/span><\/p>\n<\/div>\n<\/div>\n<\/div>\n<\/div>\n<\/div>\n<\/div>\n<\/div>","protected":false},"excerpt":{"rendered":"<p>Limpiador de motor de coche, agente multiusos, herramientas de descontaminaci\u00f3n fuerte, desengrasante automotriz, limpiador Interior, 150ml<\/p>","protected":false},"featured_media":20820,"comment_status":"open","ping_status":"closed","template":"","meta":[],"product_brand":[],"product_cat":[71,83],"product_tag":[],"class_list":{"0":"post-20818","1":"product","2":"type-product","3":"status-publish","4":"has-post-thumbnail","6":"product_cat-otros","7":"product_cat-motor","9":"first","10":"instock","11":"taxable","12":"shipping-taxable","13":"product-type-simple"},"yoast_head":"<!-- This site is optimized with the Yoast SEO plugin v27.3 - https:\/\/yoast.com\/product\/yoast-seo-wordpress\/ -->\n<title>Limpiador de Motor 150ml - Taller chapa y pintura Guggi Torredembarra<\/title>\n<meta name=\"robots\" content=\"index, follow, max-snippet:-1, max-image-preview:large, max-video-preview:-1\" \/>\n<link rel=\"canonical\" href=\"https:\/\/guggi.es\/ca\/product\/20818\/\" \/>\n<meta property=\"og:locale\" content=\"ca_ES\" \/>\n<meta property=\"og:type\" content=\"article\" \/>\n<meta property=\"og:title\" content=\"Limpiador de Motor 150ml - Taller chapa y pintura Guggi Torredembarra\" \/>\n<meta property=\"og:description\" content=\"Limpiador de motor de coche, agente multiusos, herramientas de descontaminaci\u00f3n fuerte, desengrasante automotriz, limpiador Interior, 150ml\" \/>\n<meta property=\"og:url\" content=\"https:\/\/guggi.es\/ca\/product\/20818\/\" \/>\n<meta property=\"og:site_name\" content=\"Taller chapa y pintura Guggi Torredembarra\" \/>\n<meta property=\"article:publisher\" content=\"https:\/\/www.facebook.com\/guggitaller\/\" \/>\n<meta property=\"article:modified_time\" content=\"2024-05-08T08:01:06+00:00\" \/>\n<meta property=\"og:image\" content=\"https:\/\/guggi.es\/wp-content\/uploads\/2024\/05\/limpiador.webp\" \/>\n\t<meta property=\"og:image:width\" content=\"800\" \/>\n\t<meta property=\"og:image:height\" content=\"800\" \/>\n\t<meta property=\"og:image:type\" content=\"image\/webp\" \/>\n<meta name=\"twitter:card\" content=\"summary_large_image\" \/>\n<meta name=\"twitter:label1\" content=\"Temps estimat de lectura\" \/>\n\t<meta name=\"twitter:data1\" content=\"2 minuts\" \/>\n<script type=\"application\/ld+json\" class=\"yoast-schema-graph\">{\"@context\":\"https:\\\/\\\/schema.org\",\"@graph\":[{\"@type\":\"WebPage\",\"@id\":\"https:\\\/\\\/guggi.es\\\/product\\\/20818\\\/\",\"url\":\"https:\\\/\\\/guggi.es\\\/product\\\/20818\\\/\",\"name\":\"Limpiador de Motor 150ml - Taller chapa y pintura Guggi Torredembarra\",\"isPartOf\":{\"@id\":\"https:\\\/\\\/guggi.es\\\/#website\"},\"primaryImageOfPage\":{\"@id\":\"https:\\\/\\\/guggi.es\\\/product\\\/20818\\\/#primaryimage\"},\"image\":{\"@id\":\"https:\\\/\\\/guggi.es\\\/product\\\/20818\\\/#primaryimage\"},\"thumbnailUrl\":\"https:\\\/\\\/guggi.es\\\/wp-content\\\/uploads\\\/2024\\\/05\\\/limpiador.webp\",\"datePublished\":\"2024-05-08T07:58:05+00:00\",\"dateModified\":\"2024-05-08T08:01:06+00:00\",\"breadcrumb\":{\"@id\":\"https:\\\/\\\/guggi.es\\\/product\\\/20818\\\/#breadcrumb\"},\"inLanguage\":\"ca\",\"potentialAction\":[{\"@type\":\"ReadAction\",\"target\":[\"https:\\\/\\\/guggi.es\\\/product\\\/20818\\\/\"]}]},{\"@type\":\"ImageObject\",\"inLanguage\":\"ca\",\"@id\":\"https:\\\/\\\/guggi.es\\\/product\\\/20818\\\/#primaryimage\",\"url\":\"https:\\\/\\\/guggi.es\\\/wp-content\\\/uploads\\\/2024\\\/05\\\/limpiador.webp\",\"contentUrl\":\"https:\\\/\\\/guggi.es\\\/wp-content\\\/uploads\\\/2024\\\/05\\\/limpiador.webp\",\"width\":800,\"height\":800},{\"@type\":\"BreadcrumbList\",\"@id\":\"https:\\\/\\\/guggi.es\\\/product\\\/20818\\\/#breadcrumb\",\"itemListElement\":[{\"@type\":\"ListItem\",\"position\":1,\"name\":\"Portada\",\"item\":\"https:\\\/\\\/guggi.es\\\/\"},{\"@type\":\"ListItem\",\"position\":2,\"name\":\"tienda\",\"item\":\"https:\\\/\\\/guggi.es\\\/tienda-2\\\/\"},{\"@type\":\"ListItem\",\"position\":3,\"name\":\"Limpiador de Motor 150ml\"}]},{\"@type\":\"WebSite\",\"@id\":\"https:\\\/\\\/guggi.es\\\/#website\",\"url\":\"https:\\\/\\\/guggi.es\\\/\",\"name\":\"Taller chapa y pintura Guggi Torredembarra\",\"description\":\"Taller de chapa y pintura y alquiler de coches Torredembarra\",\"publisher\":{\"@id\":\"https:\\\/\\\/guggi.es\\\/#organization\"},\"alternateName\":\"Taller Guggi\",\"potentialAction\":[{\"@type\":\"SearchAction\",\"target\":{\"@type\":\"EntryPoint\",\"urlTemplate\":\"https:\\\/\\\/guggi.es\\\/?s={search_term_string}\"},\"query-input\":{\"@type\":\"PropertyValueSpecification\",\"valueRequired\":true,\"valueName\":\"search_term_string\"}}],\"inLanguage\":\"ca\"},{\"@type\":\"Organization\",\"@id\":\"https:\\\/\\\/guggi.es\\\/#organization\",\"name\":\"Taller Chapa y pintura Guggi Torredembarra\",\"alternateName\":\"Taller Guggi\",\"url\":\"https:\\\/\\\/guggi.es\\\/\",\"logo\":{\"@type\":\"ImageObject\",\"inLanguage\":\"ca\",\"@id\":\"https:\\\/\\\/guggi.es\\\/#\\\/schema\\\/logo\\\/image\\\/\",\"url\":\"https:\\\/\\\/guggi.es\\\/wp-content\\\/uploads\\\/2021\\\/12\\\/guggi-logo-2-2.svg\",\"contentUrl\":\"https:\\\/\\\/guggi.es\\\/wp-content\\\/uploads\\\/2021\\\/12\\\/guggi-logo-2-2.svg\",\"width\":500,\"height\":250,\"caption\":\"Taller Chapa y pintura Guggi Torredembarra\"},\"image\":{\"@id\":\"https:\\\/\\\/guggi.es\\\/#\\\/schema\\\/logo\\\/image\\\/\"},\"sameAs\":[\"https:\\\/\\\/www.facebook.com\\\/guggitaller\\\/\"]}]}<\/script>\n<!-- \/ Yoast SEO plugin. -->","yoast_head_json":{"title":"Limpiador de Motor 150ml - Taller chapa y pintura Guggi Torredembarra","robots":{"index":"index","follow":"follow","max-snippet":"max-snippet:-1","max-image-preview":"max-image-preview:large","max-video-preview":"max-video-preview:-1"},"canonical":"https:\/\/guggi.es\/ca\/product\/20818\/","og_locale":"ca_ES","og_type":"article","og_title":"Limpiador de Motor 150ml - Taller chapa y pintura Guggi Torredembarra","og_description":"Limpiador de motor de coche, agente multiusos, herramientas de descontaminaci\u00f3n fuerte, desengrasante automotriz, limpiador Interior, 150ml","og_url":"https:\/\/guggi.es\/ca\/product\/20818\/","og_site_name":"Taller chapa y pintura Guggi Torredembarra","article_publisher":"https:\/\/www.facebook.com\/guggitaller\/","article_modified_time":"2024-05-08T08:01:06+00:00","og_image":[{"width":800,"height":800,"url":"https:\/\/guggi.es\/wp-content\/uploads\/2024\/05\/limpiador.webp","type":"image\/webp"}],"twitter_card":"summary_large_image","twitter_misc":{"Temps estimat de lectura":"2 minuts"},"schema":{"@context":"https:\/\/schema.org","@graph":[{"@type":"WebPage","@id":"https:\/\/guggi.es\/product\/20818\/","url":"https:\/\/guggi.es\/product\/20818\/","name":"Limpiador de Motor 150ml - Taller chapa y pintura Guggi Torredembarra","isPartOf":{"@id":"https:\/\/guggi.es\/#website"},"primaryImageOfPage":{"@id":"https:\/\/guggi.es\/product\/20818\/#primaryimage"},"image":{"@id":"https:\/\/guggi.es\/product\/20818\/#primaryimage"},"thumbnailUrl":"https:\/\/guggi.es\/wp-content\/uploads\/2024\/05\/limpiador.webp","datePublished":"2024-05-08T07:58:05+00:00","dateModified":"2024-05-08T08:01:06+00:00","breadcrumb":{"@id":"https:\/\/guggi.es\/product\/20818\/#breadcrumb"},"inLanguage":"ca","potentialAction":[{"@type":"ReadAction","target":["https:\/\/guggi.es\/product\/20818\/"]}]},{"@type":"ImageObject","inLanguage":"ca","@id":"https:\/\/guggi.es\/product\/20818\/#primaryimage","url":"https:\/\/guggi.es\/wp-content\/uploads\/2024\/05\/limpiador.webp","contentUrl":"https:\/\/guggi.es\/wp-content\/uploads\/2024\/05\/limpiador.webp","width":800,"height":800},{"@type":"BreadcrumbList","@id":"https:\/\/guggi.es\/product\/20818\/#breadcrumb","itemListElement":[{"@type":"ListItem","position":1,"name":"Portada","item":"https:\/\/guggi.es\/"},{"@type":"ListItem","position":2,"name":"tienda","item":"https:\/\/guggi.es\/tienda-2\/"},{"@type":"ListItem","position":3,"name":"Limpiador de Motor 150ml"}]},{"@type":"WebSite","@id":"https:\/\/guggi.es\/#website","url":"https:\/\/guggi.es\/","name":"Taller chapa y pintura Guggi Torredembarra","description":"Taller de chapa y pintura y alquiler de coches Torredembarra","publisher":{"@id":"https:\/\/guggi.es\/#organization"},"alternateName":"Taller Guggi","potentialAction":[{"@type":"SearchAction","target":{"@type":"EntryPoint","urlTemplate":"https:\/\/guggi.es\/?s={search_term_string}"},"query-input":{"@type":"PropertyValueSpecification","valueRequired":true,"valueName":"search_term_string"}}],"inLanguage":"ca"},{"@type":"Organization","@id":"https:\/\/guggi.es\/#organization","name":"Taller Chapa y pintura Guggi Torredembarra","alternateName":"Taller Guggi","url":"https:\/\/guggi.es\/","logo":{"@type":"ImageObject","inLanguage":"ca","@id":"https:\/\/guggi.es\/#\/schema\/logo\/image\/","url":"https:\/\/guggi.es\/wp-content\/uploads\/2021\/12\/guggi-logo-2-2.svg","contentUrl":"https:\/\/guggi.es\/wp-content\/uploads\/2021\/12\/guggi-logo-2-2.svg","width":500,"height":250,"caption":"Taller Chapa y pintura Guggi Torredembarra"},"image":{"@id":"https:\/\/guggi.es\/#\/schema\/logo\/image\/"},"sameAs":["https:\/\/www.facebook.com\/guggitaller\/"]}]}},"jetpack_sharing_enabled":true,"_links":{"self":[{"href":"https:\/\/guggi.es\/ca\/wp-json\/wp\/v2\/product\/20818","targetHints":{"allow":["GET"]}}],"collection":[{"href":"https:\/\/guggi.es\/ca\/wp-json\/wp\/v2\/product"}],"about":[{"href":"https:\/\/guggi.es\/ca\/wp-json\/wp\/v2\/types\/product"}],"replies":[{"embeddable":true,"href":"https:\/\/guggi.es\/ca\/wp-json\/wp\/v2\/comments?post=20818"}],"wp:featuredmedia":[{"embeddable":true,"href":"https:\/\/guggi.es\/ca\/wp-json\/wp\/v2\/media\/20820"}],"wp:attachment":[{"href":"https:\/\/guggi.es\/ca\/wp-json\/wp\/v2\/media?parent=20818"}],"wp:term":[{"taxonomy":"product_brand","embeddable":true,"href":"https:\/\/guggi.es\/ca\/wp-json\/wp\/v2\/product_brand?post=20818"},{"taxonomy":"product_cat","embeddable":true,"href":"https:\/\/guggi.es\/ca\/wp-json\/wp\/v2\/product_cat?post=20818"},{"taxonomy":"product_tag","embeddable":true,"href":"https:\/\/guggi.es\/ca\/wp-json\/wp\/v2\/product_tag?post=20818"}],"curies":[{"name":"wp","href":"https:\/\/api.w.org\/{rel}","templated":true}]}}