{"id":20804,"date":"2024-05-08T08:53:22","date_gmt":"2024-05-08T07:53:22","guid":{"rendered":"https:\/\/guggi.es\/?post_type=product&#038;p=20804"},"modified":"2024-05-08T08:56:10","modified_gmt":"2024-05-08T07:56:10","slug":"llantas-de-aleacion-universales","status":"publish","type":"product","link":"https:\/\/guggi.es\/ca\/product\/llantas-de-aleacion-universales\/","title":{"rendered":"Llantas de aleaci\u00f3n Universales"},"content":{"rendered":"<div class=\"title--wrap--Ms9Zv4A\">\n<p data-pl=\"product-title\">Llantas de aleaci\u00f3n para coche, tama\u00f1o peque\u00f1o, 12, 13, 14 pulgadas, 4&#215;100, 5&#215;112<\/p>\n<\/div>","protected":false},"excerpt":{"rendered":"<p>Llantas de aleaci\u00f3n para coche, tama\u00f1o peque\u00f1o, 12, 13, 14 pulgadas, 4&#215;100, 5&#215;112<\/p>","protected":false},"featured_media":20806,"comment_status":"open","ping_status":"closed","template":"","meta":[],"product_brand":[],"product_cat":[78],"product_tag":[],"class_list":{"0":"post-20804","1":"product","2":"type-product","3":"status-publish","4":"has-post-thumbnail","6":"product_cat-llantas","8":"first","9":"instock","10":"taxable","11":"shipping-taxable","12":"product-type-variable"},"yoast_head":"<!-- This site is optimized with the Yoast SEO plugin v27.3 - https:\/\/yoast.com\/product\/yoast-seo-wordpress\/ -->\n<title>Llantas de aleaci\u00f3n Universales - Taller chapa y pintura Guggi Torredembarra<\/title>\n<meta name=\"robots\" content=\"index, follow, max-snippet:-1, max-image-preview:large, max-video-preview:-1\" \/>\n<link rel=\"canonical\" href=\"https:\/\/guggi.es\/ca\/product\/llantas-de-aleacion-universales\/\" \/>\n<meta property=\"og:locale\" content=\"ca_ES\" \/>\n<meta property=\"og:type\" content=\"article\" \/>\n<meta property=\"og:title\" content=\"Llantas de aleaci\u00f3n Universales - Taller chapa y pintura Guggi Torredembarra\" \/>\n<meta property=\"og:description\" content=\"Llantas de aleaci\u00f3n para coche, tama\u00f1o peque\u00f1o, 12, 13, 14 pulgadas, 4&#215;100, 5&#215;112\" \/>\n<meta property=\"og:url\" content=\"https:\/\/guggi.es\/ca\/product\/llantas-de-aleacion-universales\/\" \/>\n<meta property=\"og:site_name\" content=\"Taller chapa y pintura Guggi Torredembarra\" \/>\n<meta property=\"article:publisher\" content=\"https:\/\/www.facebook.com\/guggitaller\/\" \/>\n<meta property=\"article:modified_time\" content=\"2024-05-08T07:56:10+00:00\" \/>\n<meta property=\"og:image\" content=\"https:\/\/guggi.es\/wp-content\/uploads\/2024\/05\/Llantas-de-aleaci-n-para-coche-tama-o-peque-o-12-13-14-pulgadas-4x100-5x112.jpg_.webp\" \/>\n\t<meta property=\"og:image:width\" content=\"800\" \/>\n\t<meta property=\"og:image:height\" content=\"800\" \/>\n\t<meta property=\"og:image:type\" content=\"image\/webp\" \/>\n<meta name=\"twitter:card\" content=\"summary_large_image\" \/>\n<meta name=\"twitter:label1\" content=\"Temps estimat de lectura\" \/>\n\t<meta name=\"twitter:data1\" content=\"1 minut\" \/>\n<script type=\"application\/ld+json\" class=\"yoast-schema-graph\">{\"@context\":\"https:\\\/\\\/schema.org\",\"@graph\":[{\"@type\":\"WebPage\",\"@id\":\"https:\\\/\\\/guggi.es\\\/product\\\/llantas-de-aleacion-universales\\\/\",\"url\":\"https:\\\/\\\/guggi.es\\\/product\\\/llantas-de-aleacion-universales\\\/\",\"name\":\"Llantas de aleaci\u00f3n Universales - Taller chapa y pintura Guggi Torredembarra\",\"isPartOf\":{\"@id\":\"https:\\\/\\\/guggi.es\\\/#website\"},\"primaryImageOfPage\":{\"@id\":\"https:\\\/\\\/guggi.es\\\/product\\\/llantas-de-aleacion-universales\\\/#primaryimage\"},\"image\":{\"@id\":\"https:\\\/\\\/guggi.es\\\/product\\\/llantas-de-aleacion-universales\\\/#primaryimage\"},\"thumbnailUrl\":\"https:\\\/\\\/guggi.es\\\/wp-content\\\/uploads\\\/2024\\\/05\\\/Llantas-de-aleaci-n-para-coche-tama-o-peque-o-12-13-14-pulgadas-4x100-5x112.jpg_.webp\",\"datePublished\":\"2024-05-08T07:53:22+00:00\",\"dateModified\":\"2024-05-08T07:56:10+00:00\",\"breadcrumb\":{\"@id\":\"https:\\\/\\\/guggi.es\\\/product\\\/llantas-de-aleacion-universales\\\/#breadcrumb\"},\"inLanguage\":\"ca\",\"potentialAction\":[{\"@type\":\"ReadAction\",\"target\":[\"https:\\\/\\\/guggi.es\\\/product\\\/llantas-de-aleacion-universales\\\/\"]}]},{\"@type\":\"ImageObject\",\"inLanguage\":\"ca\",\"@id\":\"https:\\\/\\\/guggi.es\\\/product\\\/llantas-de-aleacion-universales\\\/#primaryimage\",\"url\":\"https:\\\/\\\/guggi.es\\\/wp-content\\\/uploads\\\/2024\\\/05\\\/Llantas-de-aleaci-n-para-coche-tama-o-peque-o-12-13-14-pulgadas-4x100-5x112.jpg_.webp\",\"contentUrl\":\"https:\\\/\\\/guggi.es\\\/wp-content\\\/uploads\\\/2024\\\/05\\\/Llantas-de-aleaci-n-para-coche-tama-o-peque-o-12-13-14-pulgadas-4x100-5x112.jpg_.webp\",\"width\":800,\"height\":800},{\"@type\":\"BreadcrumbList\",\"@id\":\"https:\\\/\\\/guggi.es\\\/product\\\/llantas-de-aleacion-universales\\\/#breadcrumb\",\"itemListElement\":[{\"@type\":\"ListItem\",\"position\":1,\"name\":\"Portada\",\"item\":\"https:\\\/\\\/guggi.es\\\/\"},{\"@type\":\"ListItem\",\"position\":2,\"name\":\"tienda\",\"item\":\"https:\\\/\\\/guggi.es\\\/tienda-2\\\/\"},{\"@type\":\"ListItem\",\"position\":3,\"name\":\"Llantas de aleaci\u00f3n Universales\"}]},{\"@type\":\"WebSite\",\"@id\":\"https:\\\/\\\/guggi.es\\\/#website\",\"url\":\"https:\\\/\\\/guggi.es\\\/\",\"name\":\"Taller chapa y pintura Guggi Torredembarra\",\"description\":\"Taller de chapa y pintura y alquiler de coches Torredembarra\",\"publisher\":{\"@id\":\"https:\\\/\\\/guggi.es\\\/#organization\"},\"alternateName\":\"Taller Guggi\",\"potentialAction\":[{\"@type\":\"SearchAction\",\"target\":{\"@type\":\"EntryPoint\",\"urlTemplate\":\"https:\\\/\\\/guggi.es\\\/?s={search_term_string}\"},\"query-input\":{\"@type\":\"PropertyValueSpecification\",\"valueRequired\":true,\"valueName\":\"search_term_string\"}}],\"inLanguage\":\"ca\"},{\"@type\":\"Organization\",\"@id\":\"https:\\\/\\\/guggi.es\\\/#organization\",\"name\":\"Taller Chapa y pintura Guggi Torredembarra\",\"alternateName\":\"Taller Guggi\",\"url\":\"https:\\\/\\\/guggi.es\\\/\",\"logo\":{\"@type\":\"ImageObject\",\"inLanguage\":\"ca\",\"@id\":\"https:\\\/\\\/guggi.es\\\/#\\\/schema\\\/logo\\\/image\\\/\",\"url\":\"https:\\\/\\\/guggi.es\\\/wp-content\\\/uploads\\\/2021\\\/12\\\/guggi-logo-2-2.svg\",\"contentUrl\":\"https:\\\/\\\/guggi.es\\\/wp-content\\\/uploads\\\/2021\\\/12\\\/guggi-logo-2-2.svg\",\"width\":500,\"height\":250,\"caption\":\"Taller Chapa y pintura Guggi Torredembarra\"},\"image\":{\"@id\":\"https:\\\/\\\/guggi.es\\\/#\\\/schema\\\/logo\\\/image\\\/\"},\"sameAs\":[\"https:\\\/\\\/www.facebook.com\\\/guggitaller\\\/\"]}]}<\/script>\n<!-- \/ Yoast SEO plugin. -->","yoast_head_json":{"title":"Llantas de aleaci\u00f3n Universales - Taller chapa y pintura Guggi Torredembarra","robots":{"index":"index","follow":"follow","max-snippet":"max-snippet:-1","max-image-preview":"max-image-preview:large","max-video-preview":"max-video-preview:-1"},"canonical":"https:\/\/guggi.es\/ca\/product\/llantas-de-aleacion-universales\/","og_locale":"ca_ES","og_type":"article","og_title":"Llantas de aleaci\u00f3n Universales - Taller chapa y pintura Guggi Torredembarra","og_description":"Llantas de aleaci\u00f3n para coche, tama\u00f1o peque\u00f1o, 12, 13, 14 pulgadas, 4&#215;100, 5&#215;112","og_url":"https:\/\/guggi.es\/ca\/product\/llantas-de-aleacion-universales\/","og_site_name":"Taller chapa y pintura Guggi Torredembarra","article_publisher":"https:\/\/www.facebook.com\/guggitaller\/","article_modified_time":"2024-05-08T07:56:10+00:00","og_image":[{"width":800,"height":800,"url":"https:\/\/guggi.es\/wp-content\/uploads\/2024\/05\/Llantas-de-aleaci-n-para-coche-tama-o-peque-o-12-13-14-pulgadas-4x100-5x112.jpg_.webp","type":"image\/webp"}],"twitter_card":"summary_large_image","twitter_misc":{"Temps estimat de lectura":"1 minut"},"schema":{"@context":"https:\/\/schema.org","@graph":[{"@type":"WebPage","@id":"https:\/\/guggi.es\/product\/llantas-de-aleacion-universales\/","url":"https:\/\/guggi.es\/product\/llantas-de-aleacion-universales\/","name":"Llantas de aleaci\u00f3n Universales - Taller chapa y pintura Guggi Torredembarra","isPartOf":{"@id":"https:\/\/guggi.es\/#website"},"primaryImageOfPage":{"@id":"https:\/\/guggi.es\/product\/llantas-de-aleacion-universales\/#primaryimage"},"image":{"@id":"https:\/\/guggi.es\/product\/llantas-de-aleacion-universales\/#primaryimage"},"thumbnailUrl":"https:\/\/guggi.es\/wp-content\/uploads\/2024\/05\/Llantas-de-aleaci-n-para-coche-tama-o-peque-o-12-13-14-pulgadas-4x100-5x112.jpg_.webp","datePublished":"2024-05-08T07:53:22+00:00","dateModified":"2024-05-08T07:56:10+00:00","breadcrumb":{"@id":"https:\/\/guggi.es\/product\/llantas-de-aleacion-universales\/#breadcrumb"},"inLanguage":"ca","potentialAction":[{"@type":"ReadAction","target":["https:\/\/guggi.es\/product\/llantas-de-aleacion-universales\/"]}]},{"@type":"ImageObject","inLanguage":"ca","@id":"https:\/\/guggi.es\/product\/llantas-de-aleacion-universales\/#primaryimage","url":"https:\/\/guggi.es\/wp-content\/uploads\/2024\/05\/Llantas-de-aleaci-n-para-coche-tama-o-peque-o-12-13-14-pulgadas-4x100-5x112.jpg_.webp","contentUrl":"https:\/\/guggi.es\/wp-content\/uploads\/2024\/05\/Llantas-de-aleaci-n-para-coche-tama-o-peque-o-12-13-14-pulgadas-4x100-5x112.jpg_.webp","width":800,"height":800},{"@type":"BreadcrumbList","@id":"https:\/\/guggi.es\/product\/llantas-de-aleacion-universales\/#breadcrumb","itemListElement":[{"@type":"ListItem","position":1,"name":"Portada","item":"https:\/\/guggi.es\/"},{"@type":"ListItem","position":2,"name":"tienda","item":"https:\/\/guggi.es\/tienda-2\/"},{"@type":"ListItem","position":3,"name":"Llantas de aleaci\u00f3n Universales"}]},{"@type":"WebSite","@id":"https:\/\/guggi.es\/#website","url":"https:\/\/guggi.es\/","name":"Taller chapa y pintura Guggi Torredembarra","description":"Taller de chapa y pintura y alquiler de coches Torredembarra","publisher":{"@id":"https:\/\/guggi.es\/#organization"},"alternateName":"Taller Guggi","potentialAction":[{"@type":"SearchAction","target":{"@type":"EntryPoint","urlTemplate":"https:\/\/guggi.es\/?s={search_term_string}"},"query-input":{"@type":"PropertyValueSpecification","valueRequired":true,"valueName":"search_term_string"}}],"inLanguage":"ca"},{"@type":"Organization","@id":"https:\/\/guggi.es\/#organization","name":"Taller Chapa y pintura Guggi Torredembarra","alternateName":"Taller Guggi","url":"https:\/\/guggi.es\/","logo":{"@type":"ImageObject","inLanguage":"ca","@id":"https:\/\/guggi.es\/#\/schema\/logo\/image\/","url":"https:\/\/guggi.es\/wp-content\/uploads\/2021\/12\/guggi-logo-2-2.svg","contentUrl":"https:\/\/guggi.es\/wp-content\/uploads\/2021\/12\/guggi-logo-2-2.svg","width":500,"height":250,"caption":"Taller Chapa y pintura Guggi Torredembarra"},"image":{"@id":"https:\/\/guggi.es\/#\/schema\/logo\/image\/"},"sameAs":["https:\/\/www.facebook.com\/guggitaller\/"]}]}},"jetpack_sharing_enabled":true,"_links":{"self":[{"href":"https:\/\/guggi.es\/ca\/wp-json\/wp\/v2\/product\/20804","targetHints":{"allow":["GET"]}}],"collection":[{"href":"https:\/\/guggi.es\/ca\/wp-json\/wp\/v2\/product"}],"about":[{"href":"https:\/\/guggi.es\/ca\/wp-json\/wp\/v2\/types\/product"}],"replies":[{"embeddable":true,"href":"https:\/\/guggi.es\/ca\/wp-json\/wp\/v2\/comments?post=20804"}],"wp:featuredmedia":[{"embeddable":true,"href":"https:\/\/guggi.es\/ca\/wp-json\/wp\/v2\/media\/20806"}],"wp:attachment":[{"href":"https:\/\/guggi.es\/ca\/wp-json\/wp\/v2\/media?parent=20804"}],"wp:term":[{"taxonomy":"product_brand","embeddable":true,"href":"https:\/\/guggi.es\/ca\/wp-json\/wp\/v2\/product_brand?post=20804"},{"taxonomy":"product_cat","embeddable":true,"href":"https:\/\/guggi.es\/ca\/wp-json\/wp\/v2\/product_cat?post=20804"},{"taxonomy":"product_tag","embeddable":true,"href":"https:\/\/guggi.es\/ca\/wp-json\/wp\/v2\/product_tag?post=20804"}],"curies":[{"name":"wp","href":"https:\/\/api.w.org\/{rel}","templated":true}]}}