{"id":20741,"date":"2024-05-08T08:26:28","date_gmt":"2024-05-08T07:26:28","guid":{"rendered":"https:\/\/guggi.es\/?post_type=product&#038;p=20741"},"modified":"2024-05-08T08:26:28","modified_gmt":"2024-05-08T07:26:28","slug":"tudor-tc700-bateria-de-coche-70ah-640a-en","status":"publish","type":"product","link":"https:\/\/guggi.es\/ca\/product\/tudor-tc700-bateria-de-coche-70ah-640a-en\/","title":{"rendered":"Tudor TC700 Bater\u00eda de Coche 70Ah 640A EN"},"content":{"rendered":"<ul>\n<li>Largo: 27.8cm<\/li>\n<li>Ancho: 17.5cm<\/li>\n<li>Alto: 19cm<\/li>\n<li>Intensidad de la corriente: 640A<\/li>\n<li>Referencia ManoMano: ME84724356<\/li>\n<li>MMID 307765602561<\/li>\n<li>Ref.Fabricante: TC700<\/li>\n<\/ul>\n<p>La bater\u00eda de coche Tudor TC700 es una opci\u00f3n potente y de alta calidad para los conductores que buscan una bater\u00eda que ofrezca un rendimiento fiable y duradero. Con una capacidad de 70Ah y 640A, esta bater\u00eda pertenece a la gama Standard de Tudor, lo que significa que es una opci\u00f3n perfecta para el uso diario y ocasional.<\/p>","protected":false},"excerpt":{"rendered":"<p>La bater\u00eda de coche Tudor TC700 es una opci\u00f3n potente y de alta calidad para los conductores que buscan una bater\u00eda que ofrezca un rendimiento fiable y duradero.<\/p>","protected":false},"featured_media":20742,"comment_status":"open","ping_status":"closed","template":"","meta":[],"product_brand":[],"product_cat":[81],"product_tag":[],"class_list":{"0":"post-20741","1":"product","2":"type-product","3":"status-publish","4":"has-post-thumbnail","6":"product_cat-baterias","8":"first","9":"instock","10":"taxable","11":"shipping-taxable","12":"purchasable","13":"product-type-simple"},"yoast_head":"<!-- This site is optimized with the Yoast SEO plugin v27.3 - https:\/\/yoast.com\/product\/yoast-seo-wordpress\/ -->\n<title>Tudor TC700 Bater\u00eda de Coche 70Ah 640A EN - Taller chapa y pintura Guggi Torredembarra<\/title>\n<meta name=\"robots\" content=\"index, follow, max-snippet:-1, max-image-preview:large, max-video-preview:-1\" \/>\n<link rel=\"canonical\" href=\"https:\/\/guggi.es\/ca\/product\/tudor-tc700-bateria-de-coche-70ah-640a-en\/\" \/>\n<meta property=\"og:locale\" content=\"ca_ES\" \/>\n<meta property=\"og:type\" content=\"article\" \/>\n<meta property=\"og:title\" content=\"Tudor TC700 Bater\u00eda de Coche 70Ah 640A EN - Taller chapa y pintura Guggi Torredembarra\" \/>\n<meta property=\"og:description\" content=\"La bater\u00eda de coche Tudor TC700 es una opci\u00f3n potente y de alta calidad para los conductores que buscan una bater\u00eda que ofrezca un rendimiento fiable y duradero.\" \/>\n<meta property=\"og:url\" content=\"https:\/\/guggi.es\/ca\/product\/tudor-tc700-bateria-de-coche-70ah-640a-en\/\" \/>\n<meta property=\"og:site_name\" content=\"Taller chapa y pintura Guggi Torredembarra\" \/>\n<meta property=\"article:publisher\" content=\"https:\/\/www.facebook.com\/guggitaller\/\" \/>\n<meta property=\"og:image\" content=\"https:\/\/guggi.es\/wp-content\/uploads\/2024\/05\/118888246_1.webp\" \/>\n\t<meta property=\"og:image:width\" content=\"800\" \/>\n\t<meta property=\"og:image:height\" content=\"800\" \/>\n\t<meta property=\"og:image:type\" content=\"image\/webp\" \/>\n<meta name=\"twitter:card\" content=\"summary_large_image\" \/>\n<meta name=\"twitter:label1\" content=\"Temps estimat de lectura\" \/>\n\t<meta name=\"twitter:data1\" content=\"1 minut\" \/>\n<script type=\"application\/ld+json\" class=\"yoast-schema-graph\">{\"@context\":\"https:\\\/\\\/schema.org\",\"@graph\":[{\"@type\":\"WebPage\",\"@id\":\"https:\\\/\\\/guggi.es\\\/product\\\/tudor-tc700-bateria-de-coche-70ah-640a-en\\\/\",\"url\":\"https:\\\/\\\/guggi.es\\\/product\\\/tudor-tc700-bateria-de-coche-70ah-640a-en\\\/\",\"name\":\"Tudor TC700 Bater\u00eda de Coche 70Ah 640A EN - Taller chapa y pintura Guggi Torredembarra\",\"isPartOf\":{\"@id\":\"https:\\\/\\\/guggi.es\\\/#website\"},\"primaryImageOfPage\":{\"@id\":\"https:\\\/\\\/guggi.es\\\/product\\\/tudor-tc700-bateria-de-coche-70ah-640a-en\\\/#primaryimage\"},\"image\":{\"@id\":\"https:\\\/\\\/guggi.es\\\/product\\\/tudor-tc700-bateria-de-coche-70ah-640a-en\\\/#primaryimage\"},\"thumbnailUrl\":\"https:\\\/\\\/guggi.es\\\/wp-content\\\/uploads\\\/2024\\\/05\\\/118888246_1.webp\",\"datePublished\":\"2024-05-08T07:26:28+00:00\",\"breadcrumb\":{\"@id\":\"https:\\\/\\\/guggi.es\\\/product\\\/tudor-tc700-bateria-de-coche-70ah-640a-en\\\/#breadcrumb\"},\"inLanguage\":\"ca\",\"potentialAction\":[{\"@type\":\"ReadAction\",\"target\":[\"https:\\\/\\\/guggi.es\\\/product\\\/tudor-tc700-bateria-de-coche-70ah-640a-en\\\/\"]}]},{\"@type\":\"ImageObject\",\"inLanguage\":\"ca\",\"@id\":\"https:\\\/\\\/guggi.es\\\/product\\\/tudor-tc700-bateria-de-coche-70ah-640a-en\\\/#primaryimage\",\"url\":\"https:\\\/\\\/guggi.es\\\/wp-content\\\/uploads\\\/2024\\\/05\\\/118888246_1.webp\",\"contentUrl\":\"https:\\\/\\\/guggi.es\\\/wp-content\\\/uploads\\\/2024\\\/05\\\/118888246_1.webp\",\"width\":800,\"height\":800},{\"@type\":\"BreadcrumbList\",\"@id\":\"https:\\\/\\\/guggi.es\\\/product\\\/tudor-tc700-bateria-de-coche-70ah-640a-en\\\/#breadcrumb\",\"itemListElement\":[{\"@type\":\"ListItem\",\"position\":1,\"name\":\"Portada\",\"item\":\"https:\\\/\\\/guggi.es\\\/\"},{\"@type\":\"ListItem\",\"position\":2,\"name\":\"tienda\",\"item\":\"https:\\\/\\\/guggi.es\\\/tienda-2\\\/\"},{\"@type\":\"ListItem\",\"position\":3,\"name\":\"Tudor TC700 Bater\u00eda de Coche 70Ah 640A EN\"}]},{\"@type\":\"WebSite\",\"@id\":\"https:\\\/\\\/guggi.es\\\/#website\",\"url\":\"https:\\\/\\\/guggi.es\\\/\",\"name\":\"Taller chapa y pintura Guggi Torredembarra\",\"description\":\"Taller de chapa y pintura y alquiler de coches Torredembarra\",\"publisher\":{\"@id\":\"https:\\\/\\\/guggi.es\\\/#organization\"},\"alternateName\":\"Taller Guggi\",\"potentialAction\":[{\"@type\":\"SearchAction\",\"target\":{\"@type\":\"EntryPoint\",\"urlTemplate\":\"https:\\\/\\\/guggi.es\\\/?s={search_term_string}\"},\"query-input\":{\"@type\":\"PropertyValueSpecification\",\"valueRequired\":true,\"valueName\":\"search_term_string\"}}],\"inLanguage\":\"ca\"},{\"@type\":\"Organization\",\"@id\":\"https:\\\/\\\/guggi.es\\\/#organization\",\"name\":\"Taller Chapa y pintura Guggi Torredembarra\",\"alternateName\":\"Taller Guggi\",\"url\":\"https:\\\/\\\/guggi.es\\\/\",\"logo\":{\"@type\":\"ImageObject\",\"inLanguage\":\"ca\",\"@id\":\"https:\\\/\\\/guggi.es\\\/#\\\/schema\\\/logo\\\/image\\\/\",\"url\":\"https:\\\/\\\/guggi.es\\\/wp-content\\\/uploads\\\/2021\\\/12\\\/guggi-logo-2-2.svg\",\"contentUrl\":\"https:\\\/\\\/guggi.es\\\/wp-content\\\/uploads\\\/2021\\\/12\\\/guggi-logo-2-2.svg\",\"width\":500,\"height\":250,\"caption\":\"Taller Chapa y pintura Guggi Torredembarra\"},\"image\":{\"@id\":\"https:\\\/\\\/guggi.es\\\/#\\\/schema\\\/logo\\\/image\\\/\"},\"sameAs\":[\"https:\\\/\\\/www.facebook.com\\\/guggitaller\\\/\"]}]}<\/script>\n<!-- \/ Yoast SEO plugin. -->","yoast_head_json":{"title":"Tudor TC700 Bater\u00eda de Coche 70Ah 640A EN - Taller chapa y pintura Guggi Torredembarra","robots":{"index":"index","follow":"follow","max-snippet":"max-snippet:-1","max-image-preview":"max-image-preview:large","max-video-preview":"max-video-preview:-1"},"canonical":"https:\/\/guggi.es\/ca\/product\/tudor-tc700-bateria-de-coche-70ah-640a-en\/","og_locale":"ca_ES","og_type":"article","og_title":"Tudor TC700 Bater\u00eda de Coche 70Ah 640A EN - Taller chapa y pintura Guggi Torredembarra","og_description":"La bater\u00eda de coche Tudor TC700 es una opci\u00f3n potente y de alta calidad para los conductores que buscan una bater\u00eda que ofrezca un rendimiento fiable y duradero.","og_url":"https:\/\/guggi.es\/ca\/product\/tudor-tc700-bateria-de-coche-70ah-640a-en\/","og_site_name":"Taller chapa y pintura Guggi Torredembarra","article_publisher":"https:\/\/www.facebook.com\/guggitaller\/","og_image":[{"width":800,"height":800,"url":"https:\/\/guggi.es\/wp-content\/uploads\/2024\/05\/118888246_1.webp","type":"image\/webp"}],"twitter_card":"summary_large_image","twitter_misc":{"Temps estimat de lectura":"1 minut"},"schema":{"@context":"https:\/\/schema.org","@graph":[{"@type":"WebPage","@id":"https:\/\/guggi.es\/product\/tudor-tc700-bateria-de-coche-70ah-640a-en\/","url":"https:\/\/guggi.es\/product\/tudor-tc700-bateria-de-coche-70ah-640a-en\/","name":"Tudor TC700 Bater\u00eda de Coche 70Ah 640A EN - Taller chapa y pintura Guggi Torredembarra","isPartOf":{"@id":"https:\/\/guggi.es\/#website"},"primaryImageOfPage":{"@id":"https:\/\/guggi.es\/product\/tudor-tc700-bateria-de-coche-70ah-640a-en\/#primaryimage"},"image":{"@id":"https:\/\/guggi.es\/product\/tudor-tc700-bateria-de-coche-70ah-640a-en\/#primaryimage"},"thumbnailUrl":"https:\/\/guggi.es\/wp-content\/uploads\/2024\/05\/118888246_1.webp","datePublished":"2024-05-08T07:26:28+00:00","breadcrumb":{"@id":"https:\/\/guggi.es\/product\/tudor-tc700-bateria-de-coche-70ah-640a-en\/#breadcrumb"},"inLanguage":"ca","potentialAction":[{"@type":"ReadAction","target":["https:\/\/guggi.es\/product\/tudor-tc700-bateria-de-coche-70ah-640a-en\/"]}]},{"@type":"ImageObject","inLanguage":"ca","@id":"https:\/\/guggi.es\/product\/tudor-tc700-bateria-de-coche-70ah-640a-en\/#primaryimage","url":"https:\/\/guggi.es\/wp-content\/uploads\/2024\/05\/118888246_1.webp","contentUrl":"https:\/\/guggi.es\/wp-content\/uploads\/2024\/05\/118888246_1.webp","width":800,"height":800},{"@type":"BreadcrumbList","@id":"https:\/\/guggi.es\/product\/tudor-tc700-bateria-de-coche-70ah-640a-en\/#breadcrumb","itemListElement":[{"@type":"ListItem","position":1,"name":"Portada","item":"https:\/\/guggi.es\/"},{"@type":"ListItem","position":2,"name":"tienda","item":"https:\/\/guggi.es\/tienda-2\/"},{"@type":"ListItem","position":3,"name":"Tudor TC700 Bater\u00eda de Coche 70Ah 640A EN"}]},{"@type":"WebSite","@id":"https:\/\/guggi.es\/#website","url":"https:\/\/guggi.es\/","name":"Taller chapa y pintura Guggi Torredembarra","description":"Taller de chapa y pintura y alquiler de coches Torredembarra","publisher":{"@id":"https:\/\/guggi.es\/#organization"},"alternateName":"Taller Guggi","potentialAction":[{"@type":"SearchAction","target":{"@type":"EntryPoint","urlTemplate":"https:\/\/guggi.es\/?s={search_term_string}"},"query-input":{"@type":"PropertyValueSpecification","valueRequired":true,"valueName":"search_term_string"}}],"inLanguage":"ca"},{"@type":"Organization","@id":"https:\/\/guggi.es\/#organization","name":"Taller Chapa y pintura Guggi Torredembarra","alternateName":"Taller Guggi","url":"https:\/\/guggi.es\/","logo":{"@type":"ImageObject","inLanguage":"ca","@id":"https:\/\/guggi.es\/#\/schema\/logo\/image\/","url":"https:\/\/guggi.es\/wp-content\/uploads\/2021\/12\/guggi-logo-2-2.svg","contentUrl":"https:\/\/guggi.es\/wp-content\/uploads\/2021\/12\/guggi-logo-2-2.svg","width":500,"height":250,"caption":"Taller Chapa y pintura Guggi Torredembarra"},"image":{"@id":"https:\/\/guggi.es\/#\/schema\/logo\/image\/"},"sameAs":["https:\/\/www.facebook.com\/guggitaller\/"]}]}},"jetpack_sharing_enabled":true,"_links":{"self":[{"href":"https:\/\/guggi.es\/ca\/wp-json\/wp\/v2\/product\/20741","targetHints":{"allow":["GET"]}}],"collection":[{"href":"https:\/\/guggi.es\/ca\/wp-json\/wp\/v2\/product"}],"about":[{"href":"https:\/\/guggi.es\/ca\/wp-json\/wp\/v2\/types\/product"}],"replies":[{"embeddable":true,"href":"https:\/\/guggi.es\/ca\/wp-json\/wp\/v2\/comments?post=20741"}],"wp:featuredmedia":[{"embeddable":true,"href":"https:\/\/guggi.es\/ca\/wp-json\/wp\/v2\/media\/20742"}],"wp:attachment":[{"href":"https:\/\/guggi.es\/ca\/wp-json\/wp\/v2\/media?parent=20741"}],"wp:term":[{"taxonomy":"product_brand","embeddable":true,"href":"https:\/\/guggi.es\/ca\/wp-json\/wp\/v2\/product_brand?post=20741"},{"taxonomy":"product_cat","embeddable":true,"href":"https:\/\/guggi.es\/ca\/wp-json\/wp\/v2\/product_cat?post=20741"},{"taxonomy":"product_tag","embeddable":true,"href":"https:\/\/guggi.es\/ca\/wp-json\/wp\/v2\/product_tag?post=20741"}],"curies":[{"name":"wp","href":"https:\/\/api.w.org\/{rel}","templated":true}]}}