{"id":20967,"date":"2024-05-16T10:14:33","date_gmt":"2024-05-16T09:14:33","guid":{"rendered":"https:\/\/guggi.es\/?page_id=20967"},"modified":"2024-05-16T10:41:47","modified_gmt":"2024-05-16T09:41:47","slug":"alquiler-de-vehiculos-en-torredembarra","status":"publish","type":"page","link":"https:\/\/guggi.es\/ca\/alquiler-de-vehiculos-en-torredembarra\/","title":{"rendered":"Alquiler de Veh\u00edculos en Torredembarra"},"content":{"rendered":"<div data-elementor-type=\"wp-page\" data-elementor-id=\"20967\" class=\"elementor elementor-20967\">\n\t\t\t\t<div class=\"elementor-element elementor-element-1abcc54 e-flex e-con-boxed e-con e-parent\" data-id=\"1abcc54\" data-element_type=\"container\" data-e-type=\"container\">\n\t\t\t\t\t<div class=\"e-con-inner\">\n\t\t\t\t<div class=\"elementor-element elementor-element-83eccf8 elementor-widget elementor-widget-text-editor\" data-id=\"83eccf8\" data-element_type=\"widget\" data-e-type=\"widget\" data-widget_type=\"text-editor.default\">\n\t\t\t\t<div class=\"elementor-widget-container\">\n\t\t\t\t\t\t\t\t\t<h1>Alquiler de Veh\u00edculos en Torredembarra<\/h1><p>\u00bfEst\u00e1s buscando una manera de alquilar veh\u00edculos en Torredembarra? \u00a1No busques m\u00e1s! En Guggi, no solo ofrecemos servicios de alta calidad en nuestro taller de chapa y pintura, \u00a1sino que tambi\u00e9n te proporcionamos la soluci\u00f3n perfecta de alquiler de veh\u00edculos en Torredembarra!<\/p>\t\t\t\t\t\t\t\t<\/div>\n\t\t\t\t<\/div>\n\t\t\t\t\t<\/div>\n\t\t\t\t<\/div>\n\t\t<div class=\"elementor-element elementor-element-87756e4 e-flex e-con-boxed e-con e-parent\" data-id=\"87756e4\" data-element_type=\"container\" data-e-type=\"container\">\n\t\t\t\t\t<div class=\"e-con-inner\">\n\t\t<div class=\"elementor-element elementor-element-2f8997d e-con-full e-flex e-con e-child\" data-id=\"2f8997d\" data-element_type=\"container\" data-e-type=\"container\">\n\t\t\t\t<div class=\"elementor-element elementor-element-6a42683 elementor-widget elementor-widget-image\" data-id=\"6a42683\" data-element_type=\"widget\" data-e-type=\"widget\" data-widget_type=\"image.default\">\n\t\t\t\t<div class=\"elementor-widget-container\">\n\t\t\t\t\t\t\t\t\t\t\t\t\t\t\t<img fetchpriority=\"high\" decoding=\"async\" width=\"1024\" height=\"768\" src=\"https:\/\/guggi.es\/wp-content\/uploads\/2024\/05\/1676642592246-1-1024x768.jpg\" class=\"attachment-large size-large wp-image-20873\" alt=\"\" srcset=\"https:\/\/guggi.es\/wp-content\/uploads\/2024\/05\/1676642592246-1-1024x768.jpg 1024w, https:\/\/guggi.es\/wp-content\/uploads\/2024\/05\/1676642592246-1-300x225.jpg 300w, https:\/\/guggi.es\/wp-content\/uploads\/2024\/05\/1676642592246-1-768x576.jpg 768w, https:\/\/guggi.es\/wp-content\/uploads\/2024\/05\/1676642592246-1-1536x1152.jpg 1536w, https:\/\/guggi.es\/wp-content\/uploads\/2024\/05\/1676642592246-1-2048x1536.jpg 2048w, https:\/\/guggi.es\/wp-content\/uploads\/2024\/05\/1676642592246-1-16x12.jpg 16w, https:\/\/guggi.es\/wp-content\/uploads\/2024\/05\/1676642592246-1-88x66.jpg 88w, https:\/\/guggi.es\/wp-content\/uploads\/2024\/05\/1676642592246-1-173x130.jpg 173w, https:\/\/guggi.es\/wp-content\/uploads\/2024\/05\/1676642592246-1-640x480.jpg 640w, https:\/\/guggi.es\/wp-content\/uploads\/2024\/05\/1676642592246-1-350x263.jpg 350w, https:\/\/guggi.es\/wp-content\/uploads\/2024\/05\/1676642592246-1-600x450.jpg 600w\" sizes=\"(max-width: 1024px) 100vw, 1024px\" \/>\t\t\t\t\t\t\t\t\t\t\t\t\t\t\t<\/div>\n\t\t\t\t<\/div>\n\t\t\t\t<div class=\"elementor-element elementor-element-0a7da7e elementor-widget elementor-widget-image\" data-id=\"0a7da7e\" data-element_type=\"widget\" data-e-type=\"widget\" data-widget_type=\"image.default\">\n\t\t\t\t<div class=\"elementor-widget-container\">\n\t\t\t\t\t\t\t\t\t\t\t\t\t\t\t<img decoding=\"async\" width=\"470\" height=\"280\" src=\"https:\/\/guggi.es\/wp-content\/uploads\/2024\/05\/1676886369847-470x280.jpg\" class=\"attachment-autozone-post-thumb size-autozone-post-thumb wp-image-20843\" alt=\"\" \/>\t\t\t\t\t\t\t\t\t\t\t\t\t\t\t<\/div>\n\t\t\t\t<\/div>\n\t\t\t\t<\/div>\n\t\t<div class=\"elementor-element elementor-element-1d5a9f6 e-con-full e-flex e-con e-child\" data-id=\"1d5a9f6\" data-element_type=\"container\" data-e-type=\"container\">\n\t\t\t\t<div class=\"elementor-element elementor-element-7c61d99 elementor-widget elementor-widget-text-editor\" data-id=\"7c61d99\" data-element_type=\"widget\" data-e-type=\"widget\" data-widget_type=\"text-editor.default\">\n\t\t\t\t<div class=\"elementor-widget-container\">\n\t\t\t\t\t\t\t\t\t<h3>\u00bfPor Qu\u00e9 Alquilar un Veh\u00edculo en Torredembarra con Guggi?<\/h3><p>En lugar de comprar un veh\u00edculo, el alquiler tiene varias ventajas que hacen que sea la opci\u00f3n ideal para muchos:<\/p><ol><li><p><strong>Flexibilidad<\/strong>: Alquilar un veh\u00edculo te brinda la libertad de elegir el veh\u00edculo adecuado para cada ocasi\u00f3n. Desde compactos para desplazamientos urbanos hasta SUVs para aventuras en carretera, tenemos la opci\u00f3n perfecta para ti.<\/p><\/li><li><p><strong>Sin Gastos Iniciales Elevados<\/strong>: Al alquilar, no tienes que preocuparte por el costo inicial de comprar un veh\u00edculo nuevo. Solo pagas por el tiempo que utilizas el veh\u00edculo, lo que puede ser m\u00e1s econ\u00f3mico a corto plazo.<\/p><\/li><li><p><strong>Mantenimiento Incluido<\/strong>: Con Guggi, no tienes que preocuparte por los costos de mantenimiento, reparaciones o seguros. Nos encargamos de todo, para que puedas disfrutar de tu viaje sin preocupaciones.<\/p><\/li><li><p><strong>Veh\u00edculos Siempre en \u00d3ptimas Condiciones<\/strong>: Nuestra flota de coches se mantiene en perfectas condiciones, con mantenimiento regular y limpieza meticulosa despu\u00e9s de cada alquiler. Puedes confiar en que tu veh\u00edculo estar\u00e1 listo y seguro para conducir.<\/p><\/li><\/ol>\t\t\t\t\t\t\t\t<\/div>\n\t\t\t\t<\/div>\n\t\t\t\t<\/div>\n\t\t\t\t\t<\/div>\n\t\t\t\t<\/div>\n\t\t<div class=\"elementor-element elementor-element-506e76a e-flex e-con-boxed e-con e-parent\" data-id=\"506e76a\" data-element_type=\"container\" data-e-type=\"container\">\n\t\t\t\t\t<div class=\"e-con-inner\">\n\t\t\t\t<div class=\"elementor-element elementor-element-051937c elementor-widget elementor-widget-text-editor\" data-id=\"051937c\" data-element_type=\"widget\" data-e-type=\"widget\" data-widget_type=\"text-editor.default\">\n\t\t\t\t<div class=\"elementor-widget-container\">\n\t\t\t\t\t\t\t\t\t<h3>Combina Tu Alquiler con Nuestros Servicios de Chapa y Pintura<\/h3><p>\u00bfNecesitas reparar tu veh\u00edculo mientras est\u00e1s en Torredembarra? \u00a1No hay problema! Ven a nuestro taller de chapa y pintura Guggi y aprovecha al m\u00e1ximo tu visita:<\/p><ul><li><p><strong>Reparaciones R\u00e1pidas y Profesionales<\/strong>: Nuestro equipo de expertos estar\u00e1 encantado de cuidar de cualquier da\u00f1o en la carrocer\u00eda de tu coche mientras disfrutas de tu estancia en Torredembarra.<\/p><\/li><li><p><strong>Pintura de Calidad<\/strong>: \u00bfQuieres darle un nuevo aspecto a tu coche? D\u00e9janos encargarnos de la pintura. Utilizamos t\u00e9cnicas avanzadas y pinturas de alta calidad para garantizar resultados excepcionales.<\/p><\/li><li><p><strong>Atenci\u00f3n Personalizada<\/strong>: Nuestro equipo se esfuerza por brindarte un servicio excepcional y una experiencia sin estr\u00e9s. Nos aseguramos de entender tus necesidades y de proporcionarte soluciones a medida.<\/p><\/li><\/ul>\t\t\t\t\t\t\t\t<\/div>\n\t\t\t\t<\/div>\n\t\t\t\t\t<\/div>\n\t\t\t\t<\/div>\n\t\t<div class=\"elementor-element elementor-element-496b5a3 e-flex e-con-boxed e-con e-parent\" data-id=\"496b5a3\" data-element_type=\"container\" data-e-type=\"container\">\n\t\t\t\t\t<div class=\"e-con-inner\">\n\t\t<div class=\"elementor-element elementor-element-cf793bf e-con-full e-flex e-con e-child\" data-id=\"cf793bf\" data-element_type=\"container\" data-e-type=\"container\">\n\t\t\t\t<div class=\"elementor-element elementor-element-6f0fd78 elementor-widget elementor-widget-text-editor\" data-id=\"6f0fd78\" data-element_type=\"widget\" data-e-type=\"widget\" data-widget_type=\"text-editor.default\">\n\t\t\t\t<div class=\"elementor-widget-container\">\n\t\t\t\t\t\t\t\t\t<h3>Ubicaci\u00f3n Conveniente en Torredembarra<\/h3><p>Nuestro taller de chapa y pintura Guggi y nuestro servicio de alquiler de veh\u00edculo en Torredembarra, lo que facilita el acceso tanto para residentes locales como para visitantes. Pasa por nuestro taller, alquila un veh\u00edculo y aprovecha al m\u00e1ximo tu tiempo en esta hermosa ciudad costera.<\/p>\t\t\t\t\t\t\t\t<\/div>\n\t\t\t\t<\/div>\n\t\t\t\t<\/div>\n\t\t<div class=\"elementor-element elementor-element-ee1cbcd e-con-full e-flex e-con e-child\" data-id=\"ee1cbcd\" data-element_type=\"container\" data-e-type=\"container\">\n\t\t\t\t<div class=\"elementor-element elementor-element-1f61d97 elementor-widget elementor-widget-image\" data-id=\"1f61d97\" data-element_type=\"widget\" data-e-type=\"widget\" data-widget_type=\"image.default\">\n\t\t\t\t<div class=\"elementor-widget-container\">\n\t\t\t\t\t\t\t\t\t\t\t\t\t\t\t<img decoding=\"async\" width=\"750\" height=\"420\" src=\"https:\/\/guggi.es\/wp-content\/uploads\/2024\/05\/pexels-peterfazekas-1386649-750x420.jpg\" class=\"attachment-autozone-auto-single_crop size-autozone-auto-single_crop wp-image-20716\" alt=\"\" srcset=\"https:\/\/guggi.es\/wp-content\/uploads\/2024\/05\/pexels-peterfazekas-1386649-750x420.jpg 750w, https:\/\/guggi.es\/wp-content\/uploads\/2024\/05\/pexels-peterfazekas-1386649-117x66.jpg 117w\" sizes=\"(max-width: 750px) 100vw, 750px\" \/>\t\t\t\t\t\t\t\t\t\t\t\t\t\t\t<\/div>\n\t\t\t\t<\/div>\n\t\t\t\t<\/div>\n\t\t\t\t\t<\/div>\n\t\t\t\t<\/div>\n\t\t<div class=\"elementor-element elementor-element-cf8926c e-flex e-con-boxed e-con e-parent\" data-id=\"cf8926c\" data-element_type=\"container\" data-e-type=\"container\">\n\t\t\t\t\t<div class=\"e-con-inner\">\n\t\t\t\t<div class=\"elementor-element elementor-element-e63cf66 elementor-widget elementor-widget-text-editor\" data-id=\"e63cf66\" data-element_type=\"widget\" data-e-type=\"widget\" data-widget_type=\"text-editor.default\">\n\t\t\t\t<div class=\"elementor-widget-container\">\n\t\t\t\t\t\t\t\t\t<h3>\u00a1Haz Tu Reserva Hoy Mismo!<\/h3><p>En Guggi, nos enorgullece ofrecer una experiencia de alquiler de veh\u00edculo en Torredembarra sin complicaciones y servicios de chapa y pintura de primera calidad. \u00a1Haz tu reserva hoy mismo y descubre la conveniencia y las ventajas de alquilar un veh\u00edculo con nosotros!<\/p>\t\t\t\t\t\t\t\t<\/div>\n\t\t\t\t<\/div>\n\t\t\t\t\t<\/div>\n\t\t\t\t<\/div>\n\t\t<div class=\"elementor-element elementor-element-a59e4f5 e-flex e-con-boxed e-con e-parent\" data-id=\"a59e4f5\" data-element_type=\"container\" data-e-type=\"container\">\n\t\t\t\t\t<div class=\"e-con-inner\">\n\t\t\t\t<div class=\"elementor-element elementor-element-ea38233 elementor-align-center elementor-widget elementor-widget-button\" data-id=\"ea38233\" data-element_type=\"widget\" data-e-type=\"widget\" data-widget_type=\"button.default\">\n\t\t\t\t<div class=\"elementor-widget-container\">\n\t\t\t\t\t\t\t\t\t<div class=\"elementor-button-wrapper\">\n\t\t\t\t\t<a class=\"elementor-button elementor-button-link elementor-size-sm\" href=\"https:\/\/guggi.es\/ca\/cita-previa\/\">\n\t\t\t\t\t\t<span class=\"elementor-button-content-wrapper\">\n\t\t\t\t\t\t\t\t\t<span class=\"elementor-button-text\">Reservar Cita<\/span>\n\t\t\t\t\t<\/span>\n\t\t\t\t\t<\/a>\n\t\t\t\t<\/div>\n\t\t\t\t\t\t\t\t<\/div>\n\t\t\t\t<\/div>\n\t\t\t\t\t<\/div>\n\t\t\t\t<\/div>\n\t\t\t\t<\/div>","protected":false},"excerpt":{"rendered":"<p>Alquiler de Veh\u00edculos en Torredembarra \u00bfEst\u00e1s buscando una manera de alquilar veh\u00edculos en Torredembarra? \u00a1No busques m\u00e1s! En Guggi, no solo ofrecemos servicios de alta calidad en nuestro taller de chapa y pintura, \u00a1sino que tambi\u00e9n te proporcionamos la soluci\u00f3n perfecta de alquiler de veh\u00edculos en Torredembarra! \u00bfPor Qu\u00e9 Alquilar un Veh\u00edculo en Torredembarra con [&hellip;]<\/p>\n","protected":false},"author":30,"featured_media":0,"parent":0,"menu_order":0,"comment_status":"open","ping_status":"open","template":"","meta":{"footnotes":""},"class_list":["post-20967","page","type-page","status-publish","hentry"],"yoast_head":"<!-- This site is optimized with the Yoast SEO plugin v27.6 - https:\/\/yoast.com\/product\/yoast-seo-wordpress\/ -->\n<title>Alquiler de Veh\u00edculos en Torredembarra - Taller chapa y pintura Guggi Torredembarra<\/title>\n<meta name=\"description\" content=\"\u00bfEst\u00e1s buscando un Alquiler de Veh\u00edculos en Torredembarra? En Guggi tenemos alquileres de veh\u00edculos en Torredembarra a tu disposici\u00f3n.\" \/>\n<meta name=\"robots\" content=\"index, follow, max-snippet:-1, max-image-preview:large, max-video-preview:-1\" \/>\n<link rel=\"canonical\" href=\"https:\/\/guggi.es\/ca\/alquiler-de-vehiculos-en-torredembarra\/\" \/>\n<meta property=\"og:locale\" content=\"ca_ES\" \/>\n<meta property=\"og:type\" content=\"article\" \/>\n<meta property=\"og:title\" content=\"Alquiler de Veh\u00edculos en Torredembarra - Taller chapa y pintura Guggi Torredembarra\" \/>\n<meta property=\"og:description\" content=\"\u00bfEst\u00e1s buscando un Alquiler de Veh\u00edculos en Torredembarra? En Guggi tenemos alquileres de veh\u00edculos en Torredembarra a tu disposici\u00f3n.\" \/>\n<meta property=\"og:url\" content=\"https:\/\/guggi.es\/ca\/alquiler-de-vehiculos-en-torredembarra\/\" \/>\n<meta property=\"og:site_name\" content=\"Taller chapa y pintura Guggi Torredembarra\" \/>\n<meta property=\"article:publisher\" content=\"https:\/\/www.facebook.com\/guggitaller\/\" \/>\n<meta property=\"article:modified_time\" content=\"2024-05-16T09:41:47+00:00\" \/>\n<meta property=\"og:image\" content=\"https:\/\/guggi.es\/wp-content\/uploads\/2024\/05\/1676642592246-1-1024x768.jpg\" \/>\n<meta name=\"twitter:card\" content=\"summary_large_image\" \/>\n<meta name=\"twitter:label1\" content=\"Temps estimat de lectura\" \/>\n\t<meta name=\"twitter:data1\" content=\"3 minuts\" \/>\n<script type=\"application\/ld+json\" class=\"yoast-schema-graph\">{\"@context\":\"https:\\\/\\\/schema.org\",\"@graph\":[{\"@type\":\"WebPage\",\"@id\":\"https:\\\/\\\/guggi.es\\\/alquiler-de-vehiculos-en-torredembarra\\\/\",\"url\":\"https:\\\/\\\/guggi.es\\\/alquiler-de-vehiculos-en-torredembarra\\\/\",\"name\":\"Alquiler de Veh\u00edculos en Torredembarra - Taller chapa y pintura Guggi Torredembarra\",\"isPartOf\":{\"@id\":\"https:\\\/\\\/guggi.es\\\/#website\"},\"primaryImageOfPage\":{\"@id\":\"https:\\\/\\\/guggi.es\\\/alquiler-de-vehiculos-en-torredembarra\\\/#primaryimage\"},\"image\":{\"@id\":\"https:\\\/\\\/guggi.es\\\/alquiler-de-vehiculos-en-torredembarra\\\/#primaryimage\"},\"thumbnailUrl\":\"https:\\\/\\\/guggi.es\\\/wp-content\\\/uploads\\\/2024\\\/05\\\/1676642592246-1-1024x768.jpg\",\"datePublished\":\"2024-05-16T09:14:33+00:00\",\"dateModified\":\"2024-05-16T09:41:47+00:00\",\"description\":\"\u00bfEst\u00e1s buscando un Alquiler de Veh\u00edculos en Torredembarra? En Guggi tenemos alquileres de veh\u00edculos en Torredembarra a tu disposici\u00f3n.\",\"breadcrumb\":{\"@id\":\"https:\\\/\\\/guggi.es\\\/alquiler-de-vehiculos-en-torredembarra\\\/#breadcrumb\"},\"inLanguage\":\"ca\",\"potentialAction\":[{\"@type\":\"ReadAction\",\"target\":[\"https:\\\/\\\/guggi.es\\\/alquiler-de-vehiculos-en-torredembarra\\\/\"]}]},{\"@type\":\"ImageObject\",\"inLanguage\":\"ca\",\"@id\":\"https:\\\/\\\/guggi.es\\\/alquiler-de-vehiculos-en-torredembarra\\\/#primaryimage\",\"url\":\"https:\\\/\\\/guggi.es\\\/wp-content\\\/uploads\\\/2024\\\/05\\\/1676642592246-1-1024x768.jpg\",\"contentUrl\":\"https:\\\/\\\/guggi.es\\\/wp-content\\\/uploads\\\/2024\\\/05\\\/1676642592246-1-1024x768.jpg\"},{\"@type\":\"BreadcrumbList\",\"@id\":\"https:\\\/\\\/guggi.es\\\/alquiler-de-vehiculos-en-torredembarra\\\/#breadcrumb\",\"itemListElement\":[{\"@type\":\"ListItem\",\"position\":1,\"name\":\"Portada\",\"item\":\"https:\\\/\\\/guggi.es\\\/\"},{\"@type\":\"ListItem\",\"position\":2,\"name\":\"Alquiler de Veh\u00edculos en Torredembarra\"}]},{\"@type\":\"WebSite\",\"@id\":\"https:\\\/\\\/guggi.es\\\/#website\",\"url\":\"https:\\\/\\\/guggi.es\\\/\",\"name\":\"Taller chapa y pintura Guggi Torredembarra\",\"description\":\"Taller de chapa y pintura y alquiler de coches Torredembarra\",\"publisher\":{\"@id\":\"https:\\\/\\\/guggi.es\\\/#organization\"},\"alternateName\":\"Taller Guggi\",\"potentialAction\":[{\"@type\":\"SearchAction\",\"target\":{\"@type\":\"EntryPoint\",\"urlTemplate\":\"https:\\\/\\\/guggi.es\\\/?s={search_term_string}\"},\"query-input\":{\"@type\":\"PropertyValueSpecification\",\"valueRequired\":true,\"valueName\":\"search_term_string\"}}],\"inLanguage\":\"ca\"},{\"@type\":\"Organization\",\"@id\":\"https:\\\/\\\/guggi.es\\\/#organization\",\"name\":\"Taller Chapa y pintura Guggi Torredembarra\",\"alternateName\":\"Taller Guggi\",\"url\":\"https:\\\/\\\/guggi.es\\\/\",\"logo\":{\"@type\":\"ImageObject\",\"inLanguage\":\"ca\",\"@id\":\"https:\\\/\\\/guggi.es\\\/#\\\/schema\\\/logo\\\/image\\\/\",\"url\":\"https:\\\/\\\/guggi.es\\\/wp-content\\\/uploads\\\/2021\\\/12\\\/guggi-logo-2-2.svg\",\"contentUrl\":\"https:\\\/\\\/guggi.es\\\/wp-content\\\/uploads\\\/2021\\\/12\\\/guggi-logo-2-2.svg\",\"width\":500,\"height\":250,\"caption\":\"Taller Chapa y pintura Guggi Torredembarra\"},\"image\":{\"@id\":\"https:\\\/\\\/guggi.es\\\/#\\\/schema\\\/logo\\\/image\\\/\"},\"sameAs\":[\"https:\\\/\\\/www.facebook.com\\\/guggitaller\\\/\"]}]}<\/script>\n<!-- \/ Yoast SEO plugin. -->","yoast_head_json":{"title":"Alquiler de Veh\u00edculos en Torredembarra - Taller chapa y pintura Guggi Torredembarra","description":"\u00bfEst\u00e1s buscando un Alquiler de Veh\u00edculos en Torredembarra? En Guggi tenemos alquileres de veh\u00edculos en Torredembarra a tu disposici\u00f3n.","robots":{"index":"index","follow":"follow","max-snippet":"max-snippet:-1","max-image-preview":"max-image-preview:large","max-video-preview":"max-video-preview:-1"},"canonical":"https:\/\/guggi.es\/ca\/alquiler-de-vehiculos-en-torredembarra\/","og_locale":"ca_ES","og_type":"article","og_title":"Alquiler de Veh\u00edculos en Torredembarra - Taller chapa y pintura Guggi Torredembarra","og_description":"\u00bfEst\u00e1s buscando un Alquiler de Veh\u00edculos en Torredembarra? En Guggi tenemos alquileres de veh\u00edculos en Torredembarra a tu disposici\u00f3n.","og_url":"https:\/\/guggi.es\/ca\/alquiler-de-vehiculos-en-torredembarra\/","og_site_name":"Taller chapa y pintura Guggi Torredembarra","article_publisher":"https:\/\/www.facebook.com\/guggitaller\/","article_modified_time":"2024-05-16T09:41:47+00:00","og_image":[{"url":"https:\/\/guggi.es\/wp-content\/uploads\/2024\/05\/1676642592246-1-1024x768.jpg","type":"","width":"","height":""}],"twitter_card":"summary_large_image","twitter_misc":{"Temps estimat de lectura":"3 minuts"},"schema":{"@context":"https:\/\/schema.org","@graph":[{"@type":"WebPage","@id":"https:\/\/guggi.es\/alquiler-de-vehiculos-en-torredembarra\/","url":"https:\/\/guggi.es\/alquiler-de-vehiculos-en-torredembarra\/","name":"Alquiler de Veh\u00edculos en Torredembarra - Taller chapa y pintura Guggi Torredembarra","isPartOf":{"@id":"https:\/\/guggi.es\/#website"},"primaryImageOfPage":{"@id":"https:\/\/guggi.es\/alquiler-de-vehiculos-en-torredembarra\/#primaryimage"},"image":{"@id":"https:\/\/guggi.es\/alquiler-de-vehiculos-en-torredembarra\/#primaryimage"},"thumbnailUrl":"https:\/\/guggi.es\/wp-content\/uploads\/2024\/05\/1676642592246-1-1024x768.jpg","datePublished":"2024-05-16T09:14:33+00:00","dateModified":"2024-05-16T09:41:47+00:00","description":"\u00bfEst\u00e1s buscando un Alquiler de Veh\u00edculos en Torredembarra? En Guggi tenemos alquileres de veh\u00edculos en Torredembarra a tu disposici\u00f3n.","breadcrumb":{"@id":"https:\/\/guggi.es\/alquiler-de-vehiculos-en-torredembarra\/#breadcrumb"},"inLanguage":"ca","potentialAction":[{"@type":"ReadAction","target":["https:\/\/guggi.es\/alquiler-de-vehiculos-en-torredembarra\/"]}]},{"@type":"ImageObject","inLanguage":"ca","@id":"https:\/\/guggi.es\/alquiler-de-vehiculos-en-torredembarra\/#primaryimage","url":"https:\/\/guggi.es\/wp-content\/uploads\/2024\/05\/1676642592246-1-1024x768.jpg","contentUrl":"https:\/\/guggi.es\/wp-content\/uploads\/2024\/05\/1676642592246-1-1024x768.jpg"},{"@type":"BreadcrumbList","@id":"https:\/\/guggi.es\/alquiler-de-vehiculos-en-torredembarra\/#breadcrumb","itemListElement":[{"@type":"ListItem","position":1,"name":"Portada","item":"https:\/\/guggi.es\/"},{"@type":"ListItem","position":2,"name":"Alquiler de Veh\u00edculos en Torredembarra"}]},{"@type":"WebSite","@id":"https:\/\/guggi.es\/#website","url":"https:\/\/guggi.es\/","name":"Taller chapa y pintura Guggi Torredembarra","description":"Taller de chapa y pintura y alquiler de coches Torredembarra","publisher":{"@id":"https:\/\/guggi.es\/#organization"},"alternateName":"Taller Guggi","potentialAction":[{"@type":"SearchAction","target":{"@type":"EntryPoint","urlTemplate":"https:\/\/guggi.es\/?s={search_term_string}"},"query-input":{"@type":"PropertyValueSpecification","valueRequired":true,"valueName":"search_term_string"}}],"inLanguage":"ca"},{"@type":"Organization","@id":"https:\/\/guggi.es\/#organization","name":"Taller Chapa y pintura Guggi Torredembarra","alternateName":"Taller Guggi","url":"https:\/\/guggi.es\/","logo":{"@type":"ImageObject","inLanguage":"ca","@id":"https:\/\/guggi.es\/#\/schema\/logo\/image\/","url":"https:\/\/guggi.es\/wp-content\/uploads\/2021\/12\/guggi-logo-2-2.svg","contentUrl":"https:\/\/guggi.es\/wp-content\/uploads\/2021\/12\/guggi-logo-2-2.svg","width":500,"height":250,"caption":"Taller Chapa y pintura Guggi Torredembarra"},"image":{"@id":"https:\/\/guggi.es\/#\/schema\/logo\/image\/"},"sameAs":["https:\/\/www.facebook.com\/guggitaller\/"]}]}},"jetpack_sharing_enabled":true,"_links":{"self":[{"href":"https:\/\/guggi.es\/ca\/wp-json\/wp\/v2\/pages\/20967","targetHints":{"allow":["GET"]}}],"collection":[{"href":"https:\/\/guggi.es\/ca\/wp-json\/wp\/v2\/pages"}],"about":[{"href":"https:\/\/guggi.es\/ca\/wp-json\/wp\/v2\/types\/page"}],"author":[{"embeddable":true,"href":"https:\/\/guggi.es\/ca\/wp-json\/wp\/v2\/users\/30"}],"replies":[{"embeddable":true,"href":"https:\/\/guggi.es\/ca\/wp-json\/wp\/v2\/comments?post=20967"}],"version-history":[{"count":16,"href":"https:\/\/guggi.es\/ca\/wp-json\/wp\/v2\/pages\/20967\/revisions"}],"predecessor-version":[{"id":20985,"href":"https:\/\/guggi.es\/ca\/wp-json\/wp\/v2\/pages\/20967\/revisions\/20985"}],"wp:attachment":[{"href":"https:\/\/guggi.es\/ca\/wp-json\/wp\/v2\/media?parent=20967"}],"curies":[{"name":"wp","href":"https:\/\/api.w.org\/{rel}","templated":true}]}}