{"id":20880,"date":"2024-05-10T09:04:18","date_gmt":"2024-05-10T08:04:18","guid":{"rendered":"https:\/\/guggi.es\/?page_id=20880"},"modified":"2024-09-16T10:57:21","modified_gmt":"2024-09-16T09:57:21","slug":"neumaticos-en-torredembarra","status":"publish","type":"page","link":"https:\/\/guggi.es\/ca\/neumaticos-en-torredembarra\/","title":{"rendered":"Neum\u00e1ticos en Torredembarra"},"content":{"rendered":"<div data-elementor-type=\"wp-page\" data-elementor-id=\"20880\" class=\"elementor elementor-20880\">\n\t\t\t\t<div class=\"elementor-element elementor-element-4792cbc e-flex e-con-boxed e-con e-parent\" data-id=\"4792cbc\" data-element_type=\"container\" data-e-type=\"container\">\n\t\t\t\t\t<div class=\"e-con-inner\">\n\t\t\t\t<div class=\"elementor-element elementor-element-8f6351a elementor-widget elementor-widget-heading\" data-id=\"8f6351a\" data-element_type=\"widget\" data-e-type=\"widget\" data-widget_type=\"heading.default\">\n\t\t\t\t<div class=\"elementor-widget-container\">\n\t\t\t\t\t<h1 class=\"elementor-heading-title elementor-size-default\">Neum\u00e1ticos en Torredembarra en Guggi<\/h1>\t\t\t\t<\/div>\n\t\t\t\t<\/div>\n\t\t\t\t\t<\/div>\n\t\t\t\t<\/div>\n\t\t<div class=\"elementor-element elementor-element-1abcc54 e-flex e-con-boxed e-con e-parent\" data-id=\"1abcc54\" data-element_type=\"container\" data-e-type=\"container\">\n\t\t\t\t\t<div class=\"e-con-inner\">\n\t\t\t\t<div class=\"elementor-element elementor-element-83eccf8 elementor-widget elementor-widget-text-editor\" data-id=\"83eccf8\" data-element_type=\"widget\" data-e-type=\"widget\" data-widget_type=\"text-editor.default\">\n\t\t\t\t<div class=\"elementor-widget-container\">\n\t\t\t\t\t\t\t\t\t<p>\u00bfEst\u00e1s buscando neum\u00e1ticos de calidad en Torredembarra? Entonces es esencial contar con un servicio confiable y experto que garantice no solo la compra, sino tambi\u00e9n la instalaci\u00f3n adecuada de tus neum\u00e1ticos. En Taller Guggi, nos destacamos por proporcionar un servicio integral en la selecci\u00f3n e instalaci\u00f3n de neum\u00e1ticos para diversos tipos de veh\u00edculos.<\/p>\t\t\t\t\t\t\t\t<\/div>\n\t\t\t\t<\/div>\n\t\t\t\t\t<\/div>\n\t\t\t\t<\/div>\n\t\t<div class=\"elementor-element elementor-element-87756e4 e-flex e-con-boxed e-con e-parent\" data-id=\"87756e4\" data-element_type=\"container\" data-e-type=\"container\">\n\t\t\t\t\t<div class=\"e-con-inner\">\n\t\t<div class=\"elementor-element elementor-element-2f8997d e-con-full e-flex e-con e-child\" data-id=\"2f8997d\" data-element_type=\"container\" data-e-type=\"container\">\n\t\t\t\t<div class=\"elementor-element elementor-element-6a42683 elementor-widget elementor-widget-image\" data-id=\"6a42683\" data-element_type=\"widget\" data-e-type=\"widget\" data-widget_type=\"image.default\">\n\t\t\t\t<div class=\"elementor-widget-container\">\n\t\t\t\t\t\t\t\t\t\t\t\t\t\t\t<img fetchpriority=\"high\" decoding=\"async\" width=\"1024\" height=\"683\" src=\"https:\/\/guggi.es\/wp-content\/uploads\/2024\/05\/reparacion-de-neumaticos-a-domicilio-Madrid-1024x683-1.jpg\" class=\"attachment-large size-large wp-image-20725\" alt=\"\" srcset=\"https:\/\/guggi.es\/wp-content\/uploads\/2024\/05\/reparacion-de-neumaticos-a-domicilio-Madrid-1024x683-1.jpg 1024w, https:\/\/guggi.es\/wp-content\/uploads\/2024\/05\/reparacion-de-neumaticos-a-domicilio-Madrid-1024x683-1-300x200.jpg 300w, https:\/\/guggi.es\/wp-content\/uploads\/2024\/05\/reparacion-de-neumaticos-a-domicilio-Madrid-1024x683-1-768x512.jpg 768w, https:\/\/guggi.es\/wp-content\/uploads\/2024\/05\/reparacion-de-neumaticos-a-domicilio-Madrid-1024x683-1-18x12.jpg 18w, https:\/\/guggi.es\/wp-content\/uploads\/2024\/05\/reparacion-de-neumaticos-a-domicilio-Madrid-1024x683-1-99x66.jpg 99w, https:\/\/guggi.es\/wp-content\/uploads\/2024\/05\/reparacion-de-neumaticos-a-domicilio-Madrid-1024x683-1-195x130.jpg 195w, https:\/\/guggi.es\/wp-content\/uploads\/2024\/05\/reparacion-de-neumaticos-a-domicilio-Madrid-1024x683-1-720x480.jpg 720w, https:\/\/guggi.es\/wp-content\/uploads\/2024\/05\/reparacion-de-neumaticos-a-domicilio-Madrid-1024x683-1-350x233.jpg 350w, https:\/\/guggi.es\/wp-content\/uploads\/2024\/05\/reparacion-de-neumaticos-a-domicilio-Madrid-1024x683-1-600x400.jpg 600w\" sizes=\"(max-width: 1024px) 100vw, 1024px\" \/>\t\t\t\t\t\t\t\t\t\t\t\t\t\t\t<\/div>\n\t\t\t\t<\/div>\n\t\t\t\t<\/div>\n\t\t<div class=\"elementor-element elementor-element-1d5a9f6 e-con-full e-flex e-con e-child\" data-id=\"1d5a9f6\" data-element_type=\"container\" data-e-type=\"container\">\n\t\t\t\t<div class=\"elementor-element elementor-element-7c61d99 elementor-widget elementor-widget-text-editor\" data-id=\"7c61d99\" data-element_type=\"widget\" data-e-type=\"widget\" data-widget_type=\"text-editor.default\">\n\t\t\t\t<div class=\"elementor-widget-container\">\n\t\t\t\t\t\t\t\t\t<h4><strong>\u00bfPor qu\u00e9 es Crucial Elegir Bien tus Neum\u00e1ticos?<\/strong><\/h4><p>Los neum\u00e1ticos son uno de los componentes m\u00e1s importantes de tu veh\u00edculo. No solo son esenciales para la seguridad al conducir, sino que tambi\u00e9n influyen en el rendimiento y el consumo de combustible de tu autom\u00f3vil. Elegir el neum\u00e1tico adecuado para tu veh\u00edculo y las condiciones clim\u00e1ticas de Torredembarra es crucial. Un neum\u00e1tico adecuado te proporcionar\u00e1 mayor agarre, estabilidad y una capacidad \u00f3ptima de frenado.<\/p>\t\t\t\t\t\t\t\t<\/div>\n\t\t\t\t<\/div>\n\t\t\t\t<\/div>\n\t\t\t\t\t<\/div>\n\t\t\t\t<\/div>\n\t\t<div class=\"elementor-element elementor-element-506e76a e-flex e-con-boxed e-con e-parent\" data-id=\"506e76a\" data-element_type=\"container\" data-e-type=\"container\">\n\t\t\t\t\t<div class=\"e-con-inner\">\n\t\t\t\t<div class=\"elementor-element elementor-element-051937c elementor-widget elementor-widget-text-editor\" data-id=\"051937c\" data-element_type=\"widget\" data-e-type=\"widget\" data-widget_type=\"text-editor.default\">\n\t\t\t\t<div class=\"elementor-widget-container\">\n\t\t\t\t\t\t\t\t\t<h4><strong>Tipos de Neum\u00e1ticos Disponibles<\/strong><\/h4><p>En Taller Guggi, ofrecemos una amplia variedad de neum\u00e1ticos para satisfacer cualquier necesidad:<\/p><ul><li><strong>Neum\u00e1ticos para turismos:<\/strong> Ideales para la conducci\u00f3n diaria por la ciudad o carretera.<\/li><li><strong>Neum\u00e1ticos de alto rendimiento:<\/strong> Perfectos para quienes buscan una experiencia de conducci\u00f3n m\u00e1s deportiva.<\/li><li><strong>Neum\u00e1ticos para SUV y todoterreno:<\/strong> Dise\u00f1ados para enfrentar tanto carreteras asfaltadas como caminos menos transitados.<\/li><li><strong>Neum\u00e1ticos para condiciones clim\u00e1ticas espec\u00edficas:<\/strong> Incluyendo neum\u00e1ticos de verano e invierno, as\u00ed como los todotiempo.<\/li><\/ul><h4><strong>Servicios de Neum\u00e1ticos en Taller Guggi<\/strong><\/h4><p>En Taller Guggi, no solo vendemos neum\u00e1ticos, tambi\u00e9n ofrecemos servicios completos que incluyen:<\/p><ul><li><strong>Instalaci\u00f3n profesional de neum\u00e1ticos:<\/strong> Utilizamos equipo de \u00faltima generaci\u00f3n para asegurar que los neum\u00e1ticos est\u00e9n correctamente instalados.<\/li><li><strong>Alineaci\u00f3n y balanceo:<\/strong> Esenciales para prolongar la vida de tus neum\u00e1ticos y para mantener un manejo seguro y estable.<\/li><li><strong>Asesor\u00eda especializada:<\/strong> Nuestros expertos te ayudar\u00e1n a seleccionar el mejor neum\u00e1tico seg\u00fan tus necesidades y el tipo de veh\u00edculo.<\/li><\/ul>\t\t\t\t\t\t\t\t<\/div>\n\t\t\t\t<\/div>\n\t\t\t\t\t<\/div>\n\t\t\t\t<\/div>\n\t\t<div class=\"elementor-element elementor-element-496b5a3 e-flex e-con-boxed e-con e-parent\" data-id=\"496b5a3\" data-element_type=\"container\" data-e-type=\"container\">\n\t\t\t\t\t<div class=\"e-con-inner\">\n\t\t<div class=\"elementor-element elementor-element-cf793bf e-con-full e-flex e-con e-child\" data-id=\"cf793bf\" data-element_type=\"container\" data-e-type=\"container\">\n\t\t\t\t<div class=\"elementor-element elementor-element-6f0fd78 elementor-widget elementor-widget-text-editor\" data-id=\"6f0fd78\" data-element_type=\"widget\" data-e-type=\"widget\" data-widget_type=\"text-editor.default\">\n\t\t\t\t<div class=\"elementor-widget-container\">\n\t\t\t\t\t\t\t\t\t<h4><strong>\u00bfPor Qu\u00e9 Elegir Taller Guggi en Torredembarra?<\/strong><\/h4><p>En Taller Guggi, entendemos la importancia de los neum\u00e1ticos para la seguridad y el rendimiento de tu veh\u00edculo. Nuestros t\u00e9cnicos especializados cuentan con a\u00f1os de experiencia y est\u00e1n comprometidos con proporcionar un servicio de la m\u00e1s alta calidad. Adem\u00e1s, nuestra ubicaci\u00f3n en Torredembarra nos hace f\u00e1cilmente accesibles para todos los residentes locales y aquellos de \u00e1reas circundantes.<\/p>\t\t\t\t\t\t\t\t<\/div>\n\t\t\t\t<\/div>\n\t\t\t\t<\/div>\n\t\t<div class=\"elementor-element elementor-element-ee1cbcd e-con-full e-flex e-con e-child\" data-id=\"ee1cbcd\" data-element_type=\"container\" data-e-type=\"container\">\n\t\t\t\t<div class=\"elementor-element elementor-element-1f61d97 elementor-widget elementor-widget-image\" data-id=\"1f61d97\" data-element_type=\"widget\" data-e-type=\"widget\" data-widget_type=\"image.default\">\n\t\t\t\t<div class=\"elementor-widget-container\">\n\t\t\t\t\t\t\t\t\t\t\t\t\t\t\t<img decoding=\"async\" width=\"600\" height=\"420\" src=\"https:\/\/guggi.es\/wp-content\/uploads\/2024\/05\/GettyImages-1312470738-6x6-1-600x420.jpg\" class=\"attachment-autozone-auto-single_crop size-autozone-auto-single_crop wp-image-20726\" alt=\"\" \/>\t\t\t\t\t\t\t\t\t\t\t\t\t\t\t<\/div>\n\t\t\t\t<\/div>\n\t\t\t\t<\/div>\n\t\t\t\t\t<\/div>\n\t\t\t\t<\/div>\n\t\t<div class=\"elementor-element elementor-element-26084af e-flex e-con-boxed e-con e-parent\" data-id=\"26084af\" data-element_type=\"container\" data-e-type=\"container\">\n\t\t\t\t\t<div class=\"e-con-inner\">\n\t\t\t\t<div class=\"elementor-element elementor-element-e43a745 elementor-widget elementor-widget-text-editor\" data-id=\"e43a745\" data-element_type=\"widget\" data-e-type=\"widget\" data-widget_type=\"text-editor.default\">\n\t\t\t\t<div class=\"elementor-widget-container\">\n\t\t\t\t\t\t\t\t\t<h4><strong>Neum\u00e1ticos en Torredembarra<\/strong><\/h4><p>En <strong>Guggi<\/strong>, somos tu taller de confianza para la venta e instalaci\u00f3n de <strong>neum\u00e1ticos en Torredembarra<\/strong>. Ofrecemos una amplia gama de neum\u00e1ticos de las mejores marcas del mercado, garantizando que tu veh\u00edculo tenga el mejor rendimiento en carretera y la m\u00e1xima seguridad. Ya sea que necesites cambiar tus neum\u00e1ticos por desgaste o est\u00e9s buscando neum\u00e1ticos espec\u00edficos para diferentes condiciones clim\u00e1ticas, en <strong>Guggi<\/strong> tenemos la soluci\u00f3n perfecta para ti.<\/p><p>Nuestro equipo de expertos te asesorar\u00e1 para que elijas los neum\u00e1ticos adecuados seg\u00fan las necesidades de tu veh\u00edculo y tu estilo de conducci\u00f3n. Adem\u00e1s, ofrecemos servicios de montaje, equilibrado y alineaci\u00f3n de neum\u00e1ticos para que disfrutes de una conducci\u00f3n \u00f3ptima.<\/p><p>Si buscas <strong>neum\u00e1ticos en Torredembarra<\/strong>, conf\u00eda en <strong>Guggi<\/strong>. Nos comprometemos a ofrecerte productos de calidad, un servicio r\u00e1pido y precios competitivos. Vis\u00edtanos hoy mismo y deja tu veh\u00edculo en manos de profesionales.<\/p>\t\t\t\t\t\t\t\t<\/div>\n\t\t\t\t<\/div>\n\t\t\t\t\t<\/div>\n\t\t\t\t<\/div>\n\t\t<div class=\"elementor-element elementor-element-cf8926c e-flex e-con-boxed e-con e-parent\" data-id=\"cf8926c\" data-element_type=\"container\" data-e-type=\"container\">\n\t\t\t\t\t<div class=\"e-con-inner\">\n\t\t\t\t<div class=\"elementor-element elementor-element-e63cf66 elementor-widget elementor-widget-text-editor\" data-id=\"e63cf66\" data-element_type=\"widget\" data-e-type=\"widget\" data-widget_type=\"text-editor.default\">\n\t\t\t\t<div class=\"elementor-widget-container\">\n\t\t\t\t\t\t\t\t\t<h4><strong>Conclusi\u00f3n<\/strong><\/h4><p>Cuando se trata de neum\u00e1ticos en Torredembarra, Taller Guggi es tu mejor opci\u00f3n para encontrar productos de calidad y recibir un servicio de instalaci\u00f3n experto. Con nuestra amplia gama de neum\u00e1ticos y servicios adicionales, garantizamos satisfacer todas tus necesidades de mantenimiento y seguridad vehicular. \u00a1Vis\u00edtanos hoy y experimenta por qu\u00e9 somos conocidos como los expertos en neum\u00e1ticos en Torredembarra!<\/p>\t\t\t\t\t\t\t\t<\/div>\n\t\t\t\t<\/div>\n\t\t\t\t\t<\/div>\n\t\t\t\t<\/div>\n\t\t<div class=\"elementor-element elementor-element-a59e4f5 e-flex e-con-boxed e-con e-parent\" data-id=\"a59e4f5\" data-element_type=\"container\" data-e-type=\"container\">\n\t\t\t\t\t<div class=\"e-con-inner\">\n\t\t\t\t<div class=\"elementor-element elementor-element-ea38233 elementor-align-center elementor-widget elementor-widget-button\" data-id=\"ea38233\" data-element_type=\"widget\" data-e-type=\"widget\" data-widget_type=\"button.default\">\n\t\t\t\t<div class=\"elementor-widget-container\">\n\t\t\t\t\t\t\t\t\t<div class=\"elementor-button-wrapper\">\n\t\t\t\t\t<a class=\"elementor-button elementor-button-link elementor-size-sm\" href=\"https:\/\/guggi.es\/ca\/cita-previa\/\">\n\t\t\t\t\t\t<span class=\"elementor-button-content-wrapper\">\n\t\t\t\t\t\t\t\t\t<span class=\"elementor-button-text\">Reservar Cita<\/span>\n\t\t\t\t\t<\/span>\n\t\t\t\t\t<\/a>\n\t\t\t\t<\/div>\n\t\t\t\t\t\t\t\t<\/div>\n\t\t\t\t<\/div>\n\t\t\t\t\t<\/div>\n\t\t\t\t<\/div>\n\t\t\t\t<\/div>","protected":false},"excerpt":{"rendered":"<p>Neum\u00e1ticos en Torredembarra en Guggi \u00bfEst\u00e1s buscando neum\u00e1ticos de calidad en Torredembarra? Entonces es esencial contar con un servicio confiable y experto que garantice no solo la compra, sino tambi\u00e9n la instalaci\u00f3n adecuada de tus neum\u00e1ticos. En Taller Guggi, nos destacamos por proporcionar un servicio integral en la selecci\u00f3n e instalaci\u00f3n de neum\u00e1ticos para diversos [&hellip;]<\/p>\n","protected":false},"author":30,"featured_media":0,"parent":0,"menu_order":0,"comment_status":"open","ping_status":"open","template":"","meta":{"footnotes":""},"class_list":["post-20880","page","type-page","status-publish","hentry"],"yoast_head":"<!-- This site is optimized with the Yoast SEO plugin v27.4 - https:\/\/yoast.com\/product\/yoast-seo-wordpress\/ -->\n<title>Neum\u00e1ticos en Torredembarra - Taller chapa y pintura Guggi Torredembarra<\/title>\n<meta name=\"description\" content=\"\u00bfEst\u00e1s buscando neum\u00e1ticos de calidad en Torredembarra? Entonces es esencial contar con un servicio confiable y ven a talleres Guggi.\" \/>\n<meta name=\"robots\" content=\"index, follow, max-snippet:-1, max-image-preview:large, max-video-preview:-1\" \/>\n<link rel=\"canonical\" href=\"https:\/\/guggi.es\/ca\/neumaticos-en-torredembarra\/\" \/>\n<meta property=\"og:locale\" content=\"ca_ES\" \/>\n<meta property=\"og:type\" content=\"article\" \/>\n<meta property=\"og:title\" content=\"Neum\u00e1ticos en Torredembarra - Taller chapa y pintura Guggi Torredembarra\" \/>\n<meta property=\"og:description\" content=\"\u00bfEst\u00e1s buscando neum\u00e1ticos de calidad en Torredembarra? Entonces es esencial contar con un servicio confiable y ven a talleres Guggi.\" \/>\n<meta property=\"og:url\" content=\"https:\/\/guggi.es\/ca\/neumaticos-en-torredembarra\/\" \/>\n<meta property=\"og:site_name\" content=\"Taller chapa y pintura Guggi Torredembarra\" \/>\n<meta property=\"article:publisher\" content=\"https:\/\/www.facebook.com\/guggitaller\/\" \/>\n<meta property=\"article:modified_time\" content=\"2024-09-16T09:57:21+00:00\" \/>\n<meta property=\"og:image\" content=\"https:\/\/guggi.es\/wp-content\/uploads\/2024\/05\/reparacion-de-neumaticos-a-domicilio-Madrid-1024x683-1.jpg\" \/>\n<meta name=\"twitter:card\" content=\"summary_large_image\" \/>\n<meta name=\"twitter:label1\" content=\"Temps estimat de lectura\" \/>\n\t<meta name=\"twitter:data1\" content=\"3 minuts\" \/>\n<script type=\"application\/ld+json\" class=\"yoast-schema-graph\">{\"@context\":\"https:\\\/\\\/schema.org\",\"@graph\":[{\"@type\":\"WebPage\",\"@id\":\"https:\\\/\\\/guggi.es\\\/neumaticos-en-torredembarra\\\/\",\"url\":\"https:\\\/\\\/guggi.es\\\/neumaticos-en-torredembarra\\\/\",\"name\":\"Neum\u00e1ticos en Torredembarra - Taller chapa y pintura Guggi Torredembarra\",\"isPartOf\":{\"@id\":\"https:\\\/\\\/guggi.es\\\/#website\"},\"primaryImageOfPage\":{\"@id\":\"https:\\\/\\\/guggi.es\\\/neumaticos-en-torredembarra\\\/#primaryimage\"},\"image\":{\"@id\":\"https:\\\/\\\/guggi.es\\\/neumaticos-en-torredembarra\\\/#primaryimage\"},\"thumbnailUrl\":\"https:\\\/\\\/guggi.es\\\/wp-content\\\/uploads\\\/2024\\\/05\\\/reparacion-de-neumaticos-a-domicilio-Madrid-1024x683-1.jpg\",\"datePublished\":\"2024-05-10T08:04:18+00:00\",\"dateModified\":\"2024-09-16T09:57:21+00:00\",\"description\":\"\u00bfEst\u00e1s buscando neum\u00e1ticos de calidad en Torredembarra? Entonces es esencial contar con un servicio confiable y ven a talleres Guggi.\",\"breadcrumb\":{\"@id\":\"https:\\\/\\\/guggi.es\\\/neumaticos-en-torredembarra\\\/#breadcrumb\"},\"inLanguage\":\"ca\",\"potentialAction\":[{\"@type\":\"ReadAction\",\"target\":[\"https:\\\/\\\/guggi.es\\\/neumaticos-en-torredembarra\\\/\"]}]},{\"@type\":\"ImageObject\",\"inLanguage\":\"ca\",\"@id\":\"https:\\\/\\\/guggi.es\\\/neumaticos-en-torredembarra\\\/#primaryimage\",\"url\":\"https:\\\/\\\/guggi.es\\\/wp-content\\\/uploads\\\/2024\\\/05\\\/reparacion-de-neumaticos-a-domicilio-Madrid-1024x683-1.jpg\",\"contentUrl\":\"https:\\\/\\\/guggi.es\\\/wp-content\\\/uploads\\\/2024\\\/05\\\/reparacion-de-neumaticos-a-domicilio-Madrid-1024x683-1.jpg\"},{\"@type\":\"BreadcrumbList\",\"@id\":\"https:\\\/\\\/guggi.es\\\/neumaticos-en-torredembarra\\\/#breadcrumb\",\"itemListElement\":[{\"@type\":\"ListItem\",\"position\":1,\"name\":\"Portada\",\"item\":\"https:\\\/\\\/guggi.es\\\/\"},{\"@type\":\"ListItem\",\"position\":2,\"name\":\"Neum\u00e1ticos en Torredembarra\"}]},{\"@type\":\"WebSite\",\"@id\":\"https:\\\/\\\/guggi.es\\\/#website\",\"url\":\"https:\\\/\\\/guggi.es\\\/\",\"name\":\"Taller chapa y pintura Guggi Torredembarra\",\"description\":\"Taller de chapa y pintura y alquiler de coches Torredembarra\",\"publisher\":{\"@id\":\"https:\\\/\\\/guggi.es\\\/#organization\"},\"alternateName\":\"Taller Guggi\",\"potentialAction\":[{\"@type\":\"SearchAction\",\"target\":{\"@type\":\"EntryPoint\",\"urlTemplate\":\"https:\\\/\\\/guggi.es\\\/?s={search_term_string}\"},\"query-input\":{\"@type\":\"PropertyValueSpecification\",\"valueRequired\":true,\"valueName\":\"search_term_string\"}}],\"inLanguage\":\"ca\"},{\"@type\":\"Organization\",\"@id\":\"https:\\\/\\\/guggi.es\\\/#organization\",\"name\":\"Taller Chapa y pintura Guggi Torredembarra\",\"alternateName\":\"Taller Guggi\",\"url\":\"https:\\\/\\\/guggi.es\\\/\",\"logo\":{\"@type\":\"ImageObject\",\"inLanguage\":\"ca\",\"@id\":\"https:\\\/\\\/guggi.es\\\/#\\\/schema\\\/logo\\\/image\\\/\",\"url\":\"https:\\\/\\\/guggi.es\\\/wp-content\\\/uploads\\\/2021\\\/12\\\/guggi-logo-2-2.svg\",\"contentUrl\":\"https:\\\/\\\/guggi.es\\\/wp-content\\\/uploads\\\/2021\\\/12\\\/guggi-logo-2-2.svg\",\"width\":500,\"height\":250,\"caption\":\"Taller Chapa y pintura Guggi Torredembarra\"},\"image\":{\"@id\":\"https:\\\/\\\/guggi.es\\\/#\\\/schema\\\/logo\\\/image\\\/\"},\"sameAs\":[\"https:\\\/\\\/www.facebook.com\\\/guggitaller\\\/\"]}]}<\/script>\n<!-- \/ Yoast SEO plugin. -->","yoast_head_json":{"title":"Neum\u00e1ticos en Torredembarra - Taller chapa y pintura Guggi Torredembarra","description":"\u00bfEst\u00e1s buscando neum\u00e1ticos de calidad en Torredembarra? Entonces es esencial contar con un servicio confiable y ven a talleres Guggi.","robots":{"index":"index","follow":"follow","max-snippet":"max-snippet:-1","max-image-preview":"max-image-preview:large","max-video-preview":"max-video-preview:-1"},"canonical":"https:\/\/guggi.es\/ca\/neumaticos-en-torredembarra\/","og_locale":"ca_ES","og_type":"article","og_title":"Neum\u00e1ticos en Torredembarra - Taller chapa y pintura Guggi Torredembarra","og_description":"\u00bfEst\u00e1s buscando neum\u00e1ticos de calidad en Torredembarra? Entonces es esencial contar con un servicio confiable y ven a talleres Guggi.","og_url":"https:\/\/guggi.es\/ca\/neumaticos-en-torredembarra\/","og_site_name":"Taller chapa y pintura Guggi Torredembarra","article_publisher":"https:\/\/www.facebook.com\/guggitaller\/","article_modified_time":"2024-09-16T09:57:21+00:00","og_image":[{"url":"https:\/\/guggi.es\/wp-content\/uploads\/2024\/05\/reparacion-de-neumaticos-a-domicilio-Madrid-1024x683-1.jpg","type":"","width":"","height":""}],"twitter_card":"summary_large_image","twitter_misc":{"Temps estimat de lectura":"3 minuts"},"schema":{"@context":"https:\/\/schema.org","@graph":[{"@type":"WebPage","@id":"https:\/\/guggi.es\/neumaticos-en-torredembarra\/","url":"https:\/\/guggi.es\/neumaticos-en-torredembarra\/","name":"Neum\u00e1ticos en Torredembarra - Taller chapa y pintura Guggi Torredembarra","isPartOf":{"@id":"https:\/\/guggi.es\/#website"},"primaryImageOfPage":{"@id":"https:\/\/guggi.es\/neumaticos-en-torredembarra\/#primaryimage"},"image":{"@id":"https:\/\/guggi.es\/neumaticos-en-torredembarra\/#primaryimage"},"thumbnailUrl":"https:\/\/guggi.es\/wp-content\/uploads\/2024\/05\/reparacion-de-neumaticos-a-domicilio-Madrid-1024x683-1.jpg","datePublished":"2024-05-10T08:04:18+00:00","dateModified":"2024-09-16T09:57:21+00:00","description":"\u00bfEst\u00e1s buscando neum\u00e1ticos de calidad en Torredembarra? Entonces es esencial contar con un servicio confiable y ven a talleres Guggi.","breadcrumb":{"@id":"https:\/\/guggi.es\/neumaticos-en-torredembarra\/#breadcrumb"},"inLanguage":"ca","potentialAction":[{"@type":"ReadAction","target":["https:\/\/guggi.es\/neumaticos-en-torredembarra\/"]}]},{"@type":"ImageObject","inLanguage":"ca","@id":"https:\/\/guggi.es\/neumaticos-en-torredembarra\/#primaryimage","url":"https:\/\/guggi.es\/wp-content\/uploads\/2024\/05\/reparacion-de-neumaticos-a-domicilio-Madrid-1024x683-1.jpg","contentUrl":"https:\/\/guggi.es\/wp-content\/uploads\/2024\/05\/reparacion-de-neumaticos-a-domicilio-Madrid-1024x683-1.jpg"},{"@type":"BreadcrumbList","@id":"https:\/\/guggi.es\/neumaticos-en-torredembarra\/#breadcrumb","itemListElement":[{"@type":"ListItem","position":1,"name":"Portada","item":"https:\/\/guggi.es\/"},{"@type":"ListItem","position":2,"name":"Neum\u00e1ticos en Torredembarra"}]},{"@type":"WebSite","@id":"https:\/\/guggi.es\/#website","url":"https:\/\/guggi.es\/","name":"Taller chapa y pintura Guggi Torredembarra","description":"Taller de chapa y pintura y alquiler de coches Torredembarra","publisher":{"@id":"https:\/\/guggi.es\/#organization"},"alternateName":"Taller Guggi","potentialAction":[{"@type":"SearchAction","target":{"@type":"EntryPoint","urlTemplate":"https:\/\/guggi.es\/?s={search_term_string}"},"query-input":{"@type":"PropertyValueSpecification","valueRequired":true,"valueName":"search_term_string"}}],"inLanguage":"ca"},{"@type":"Organization","@id":"https:\/\/guggi.es\/#organization","name":"Taller Chapa y pintura Guggi Torredembarra","alternateName":"Taller Guggi","url":"https:\/\/guggi.es\/","logo":{"@type":"ImageObject","inLanguage":"ca","@id":"https:\/\/guggi.es\/#\/schema\/logo\/image\/","url":"https:\/\/guggi.es\/wp-content\/uploads\/2021\/12\/guggi-logo-2-2.svg","contentUrl":"https:\/\/guggi.es\/wp-content\/uploads\/2021\/12\/guggi-logo-2-2.svg","width":500,"height":250,"caption":"Taller Chapa y pintura Guggi Torredembarra"},"image":{"@id":"https:\/\/guggi.es\/#\/schema\/logo\/image\/"},"sameAs":["https:\/\/www.facebook.com\/guggitaller\/"]}]}},"jetpack_sharing_enabled":true,"_links":{"self":[{"href":"https:\/\/guggi.es\/ca\/wp-json\/wp\/v2\/pages\/20880","targetHints":{"allow":["GET"]}}],"collection":[{"href":"https:\/\/guggi.es\/ca\/wp-json\/wp\/v2\/pages"}],"about":[{"href":"https:\/\/guggi.es\/ca\/wp-json\/wp\/v2\/types\/page"}],"author":[{"embeddable":true,"href":"https:\/\/guggi.es\/ca\/wp-json\/wp\/v2\/users\/30"}],"replies":[{"embeddable":true,"href":"https:\/\/guggi.es\/ca\/wp-json\/wp\/v2\/comments?post=20880"}],"version-history":[{"count":11,"href":"https:\/\/guggi.es\/ca\/wp-json\/wp\/v2\/pages\/20880\/revisions"}],"predecessor-version":[{"id":21085,"href":"https:\/\/guggi.es\/ca\/wp-json\/wp\/v2\/pages\/20880\/revisions\/21085"}],"wp:attachment":[{"href":"https:\/\/guggi.es\/ca\/wp-json\/wp\/v2\/media?parent=20880"}],"curies":[{"name":"wp","href":"https:\/\/api.w.org\/{rel}","templated":true}]}}