{"id":20674,"date":"2024-05-07T10:37:04","date_gmt":"2024-05-07T09:37:04","guid":{"rendered":"https:\/\/guggi.es\/?page_id=20674"},"modified":"2024-05-08T08:47:16","modified_gmt":"2024-05-08T07:47:16","slug":"itv","status":"publish","type":"page","link":"https:\/\/guggi.es\/ca\/itv\/","title":{"rendered":"ITV"},"content":{"rendered":"<div data-elementor-type=\"wp-page\" data-elementor-id=\"20674\" class=\"elementor elementor-20674\">\n\t\t\t\t\t\t<section class=\"elementor-section elementor-top-section elementor-element elementor-element-29747bf elementor-section-boxed elementor-section-height-default elementor-section-height-default elementor-invisible\" data-id=\"29747bf\" data-element_type=\"section\" data-e-type=\"section\" data-settings=\"{&quot;animation&quot;:&quot;fadeIn&quot;}\">\n\t\t\t\t\t\t<div class=\"elementor-container elementor-column-gap-no\">\n\t\t\t\t\t<div class=\"elementor-column elementor-col-100 elementor-top-column elementor-element elementor-element-1a58448\" data-id=\"1a58448\" data-element_type=\"column\" data-e-type=\"column\">\n\t\t\t<div class=\"elementor-widget-wrap elementor-element-populated\">\n\t\t\t\t\t\t<div class=\"elementor-element elementor-element-fc29b6c elementor-widget elementor-widget-text-editor\" data-id=\"fc29b6c\" data-element_type=\"widget\" data-e-type=\"widget\" data-widget_type=\"text-editor.default\">\n\t\t\t\t<div class=\"elementor-widget-container\">\n\t\t\t\t\t\t\t\t\t<h2 class=\"txt-centrado ini-titulo-h2\">CITA PREVIA ITV TORREDEMBARRA<\/h2><p style=\"font-size: 16px;\">Si buscas un taller para\u00a0<strong>pasar la ITV en Torredembarra<\/strong> elige los servicios expertos de Taller Guggi. El primer paso en cualquier proceso de ITV es contactar con nuestro taller, sea en persona, por tel\u00e9fono o utilizando nuestro formulario de cita previa.<\/p><h2>\u00a0<\/h2>\t\t\t\t\t\t\t\t<\/div>\n\t\t\t\t<\/div>\n\t\t\t\t\t<\/div>\n\t\t<\/div>\n\t\t\t\t\t<\/div>\n\t\t<\/section>\n\t\t\t\t<section class=\"elementor-section elementor-top-section elementor-element elementor-element-dbbe811 elementor-section-boxed elementor-section-height-default elementor-section-height-default elementor-invisible\" data-id=\"dbbe811\" data-element_type=\"section\" data-e-type=\"section\" data-settings=\"{&quot;animation&quot;:&quot;fadeIn&quot;}\">\n\t\t\t\t\t\t<div class=\"elementor-container elementor-column-gap-no\">\n\t\t\t\t\t<div class=\"elementor-column elementor-col-33 elementor-top-column elementor-element elementor-element-ed26da5\" data-id=\"ed26da5\" data-element_type=\"column\" data-e-type=\"column\">\n\t\t\t<div class=\"elementor-widget-wrap\">\n\t\t\t\t\t\t\t<\/div>\n\t\t<\/div>\n\t\t\t\t<div class=\"elementor-column elementor-col-33 elementor-top-column elementor-element elementor-element-e9cba64\" data-id=\"e9cba64\" data-element_type=\"column\" data-e-type=\"column\">\n\t\t\t<div class=\"elementor-widget-wrap elementor-element-populated\">\n\t\t\t\t\t\t<div class=\"elementor-element elementor-element-297f68e elementor-widget elementor-widget-image\" data-id=\"297f68e\" data-element_type=\"widget\" data-e-type=\"widget\" data-widget_type=\"image.default\">\n\t\t\t\t<div class=\"elementor-widget-container\">\n\t\t\t\t\t\t\t\t\t\t\t\t\t\t\t<img fetchpriority=\"high\" decoding=\"async\" width=\"400\" height=\"250\" src=\"https:\/\/guggi.es\/wp-content\/uploads\/2023\/01\/reparacion-chapa-y-pintura-Torredembarra-revision-final.jpg\" class=\"attachment-autozone-auto-single_crop size-autozone-auto-single_crop wp-image-20388\" alt=\"reparaci\u00f3n chapa y pintura Torredembarra revision final\" srcset=\"https:\/\/guggi.es\/wp-content\/uploads\/2023\/01\/reparacion-chapa-y-pintura-Torredembarra-revision-final.jpg 400w, https:\/\/guggi.es\/wp-content\/uploads\/2023\/01\/reparacion-chapa-y-pintura-Torredembarra-revision-final-300x188.jpg 300w, https:\/\/guggi.es\/wp-content\/uploads\/2023\/01\/reparacion-chapa-y-pintura-Torredembarra-revision-final-106x66.jpg 106w, https:\/\/guggi.es\/wp-content\/uploads\/2023\/01\/reparacion-chapa-y-pintura-Torredembarra-revision-final-200x125.jpg 200w, https:\/\/guggi.es\/wp-content\/uploads\/2023\/01\/reparacion-chapa-y-pintura-Torredembarra-revision-final-350x219.jpg 350w\" sizes=\"(max-width: 400px) 100vw, 400px\" \/>\t\t\t\t\t\t\t\t\t\t\t\t\t\t\t<\/div>\n\t\t\t\t<\/div>\n\t\t\t\t\t<\/div>\n\t\t<\/div>\n\t\t\t\t<div class=\"elementor-column elementor-col-33 elementor-top-column elementor-element elementor-element-55bcb6c\" data-id=\"55bcb6c\" data-element_type=\"column\" data-e-type=\"column\">\n\t\t\t<div class=\"elementor-widget-wrap elementor-element-populated\">\n\t\t\t\t\t\t<div class=\"elementor-element elementor-element-0d2d8b4 elementor-widget elementor-widget-text-editor\" data-id=\"0d2d8b4\" data-element_type=\"widget\" data-e-type=\"widget\" data-widget_type=\"text-editor.default\">\n\t\t\t\t<div class=\"elementor-widget-container\">\n\t\t\t\t\t\t\t\t\t<h3>\u00bfQu\u00e9 es la ITV?<\/h3><p>La Inspecci\u00f3n T\u00e9cnica de Veh\u00edculos, m\u00e1s conocida por su acr\u00f3nimo ITV, es un control t\u00e9cnico al que cada cierto tiempo deben someterse los veh\u00edculos en Espa\u00f1a para comprobar que cumplen las normas de seguridad y emisiones contaminantes.<\/p><p>\u00a0<\/p><h3>\u00bfCuando me toca pasar la ITV?<\/h3><p>La periodicidad a la hora de realizar la Inspecci\u00f3n T\u00e9cnica de Veh\u00edculos depender\u00e1 del tipo de veh\u00edculo y de su antig\u00fcedad.<\/p><p>\u00a0<\/p><p>Poseer un veh\u00edculo nos dota autom\u00e1ticamente de una serie de responsabilidades y deberes que tenemos que llevar con la mayor seriedad, ya que repercute en beneficio propio.<\/p><p>\u00a0<\/p><p>La frecuencia con la que tenemos que efectuar nuestra pertinente visita a la ITV, viene reflejada en el Real Decreto 2042\/1994, de 14 de Octubre, modificado por el Real Decreto 711\/2006, donde se establece el tiempo que debe de pasar para realizar la Inspecci\u00f3n T\u00e9cnica de Veh\u00edculos.<\/p>\t\t\t\t\t\t\t\t<\/div>\n\t\t\t\t<\/div>\n\t\t\t\t\t<\/div>\n\t\t<\/div>\n\t\t\t\t\t<\/div>\n\t\t<\/section>\n\t\t\t\t<section class=\"elementor-section elementor-top-section elementor-element elementor-element-928637d elementor-section-boxed elementor-section-height-default elementor-section-height-default elementor-invisible\" data-id=\"928637d\" data-element_type=\"section\" data-e-type=\"section\" data-settings=\"{&quot;animation&quot;:&quot;fadeIn&quot;}\">\n\t\t\t\t\t\t<div class=\"elementor-container elementor-column-gap-no\">\n\t\t\t\t\t<div class=\"elementor-column elementor-col-33 elementor-top-column elementor-element elementor-element-461f614\" data-id=\"461f614\" data-element_type=\"column\" data-e-type=\"column\">\n\t\t\t<div class=\"elementor-widget-wrap\">\n\t\t\t\t\t\t\t<\/div>\n\t\t<\/div>\n\t\t\t\t<div class=\"elementor-column elementor-col-33 elementor-top-column elementor-element elementor-element-847130a\" data-id=\"847130a\" data-element_type=\"column\" data-e-type=\"column\">\n\t\t\t<div class=\"elementor-widget-wrap elementor-element-populated\">\n\t\t\t\t\t\t<div class=\"elementor-element elementor-element-545f4d2 elementor-widget elementor-widget-image\" data-id=\"545f4d2\" data-element_type=\"widget\" data-e-type=\"widget\" data-widget_type=\"image.default\">\n\t\t\t\t<div class=\"elementor-widget-container\">\n\t\t\t\t\t\t\t\t\t\t\t\t\t\t\t<img decoding=\"async\" width=\"400\" height=\"250\" src=\"https:\/\/guggi.es\/wp-content\/uploads\/2023\/01\/peritacion-reparacion-chapa-y-pintura-Torredembarra.jpg\" class=\"attachment-large size-large wp-image-20385\" alt=\"peritacion reparaci\u00f3n chapa y pintura Torredembarra\" srcset=\"https:\/\/guggi.es\/wp-content\/uploads\/2023\/01\/peritacion-reparacion-chapa-y-pintura-Torredembarra.jpg 400w, https:\/\/guggi.es\/wp-content\/uploads\/2023\/01\/peritacion-reparacion-chapa-y-pintura-Torredembarra-300x188.jpg 300w, https:\/\/guggi.es\/wp-content\/uploads\/2023\/01\/peritacion-reparacion-chapa-y-pintura-Torredembarra-106x66.jpg 106w, https:\/\/guggi.es\/wp-content\/uploads\/2023\/01\/peritacion-reparacion-chapa-y-pintura-Torredembarra-200x125.jpg 200w, https:\/\/guggi.es\/wp-content\/uploads\/2023\/01\/peritacion-reparacion-chapa-y-pintura-Torredembarra-350x219.jpg 350w\" sizes=\"(max-width: 400px) 100vw, 400px\" \/>\t\t\t\t\t\t\t\t\t\t\t\t\t\t\t<\/div>\n\t\t\t\t<\/div>\n\t\t\t\t\t<\/div>\n\t\t<\/div>\n\t\t\t\t<div class=\"elementor-column elementor-col-33 elementor-top-column elementor-element elementor-element-ea722e7\" data-id=\"ea722e7\" data-element_type=\"column\" data-e-type=\"column\">\n\t\t\t<div class=\"elementor-widget-wrap elementor-element-populated\">\n\t\t\t\t\t\t<div class=\"elementor-element elementor-element-e84462a elementor-widget elementor-widget-text-editor\" data-id=\"e84462a\" data-element_type=\"widget\" data-e-type=\"widget\" data-widget_type=\"text-editor.default\">\n\t\t\t\t<div class=\"elementor-widget-container\">\n\t\t\t\t\t\t\t\t\t<h3>\u00bfPor que pasar la ITV con nosotros?<\/h3><p>En la de ITV realizaremos la revisi\u00f3n de la documentaci\u00f3n del veh\u00edculo, por un lado, y revisamos t\u00e9cnicamente el veh\u00edculo con la finalidad de que este circula con las condiciones m\u00ednimas de seguridad y de respeto hacia el medioambiente.<\/p><p>Uno de los elementos indispensables en la revisi\u00f3n son los neum\u00e1ticos. Se tendr\u00e1n en cuenta que sus dimensiones coincidan con lo que se indica en la Ficha T\u00e9cnica, que los neum\u00e1ticos de un mismo eje sean iguales y, por supuesto, su estado.<\/p>\t\t\t\t\t\t\t\t<\/div>\n\t\t\t\t<\/div>\n\t\t\t\t\t<\/div>\n\t\t<\/div>\n\t\t\t\t\t<\/div>\n\t\t<\/section>\n\t\t\t\t<section class=\"elementor-section elementor-top-section elementor-element elementor-element-14fbf0a elementor-section-boxed elementor-section-height-default elementor-section-height-default\" data-id=\"14fbf0a\" data-element_type=\"section\" data-e-type=\"section\">\n\t\t\t\t\t\t<div class=\"elementor-container elementor-column-gap-default\">\n\t\t\t\t\t<div class=\"elementor-column elementor-col-100 elementor-top-column elementor-element elementor-element-96a7fbd\" data-id=\"96a7fbd\" data-element_type=\"column\" data-e-type=\"column\">\n\t\t\t<div class=\"elementor-widget-wrap elementor-element-populated\">\n\t\t\t\t\t\t<div class=\"elementor-element elementor-element-2900f84 elementor-widget elementor-widget-text-editor\" data-id=\"2900f84\" data-element_type=\"widget\" data-e-type=\"widget\" data-widget_type=\"text-editor.default\">\n\t\t\t\t<div class=\"elementor-widget-container\">\n\t\t\t\t\t\t\t\t\t<h3 class=\"txt-centrado\" style=\"color: #000;\">Reserva tu cita en nuestro taller en Torredembarra Tarragona<\/h3><p class=\"txt-centrado\">Reserva tu cita llamando nuestros tel\u00e9fonos o rellenando el formulario de reserva:<\/p><p><a class=\"btn-skew-l btn-effect btn-centrado-ini\" href=\"\/ca\/cita-previa\/\">Cita pr\u00e8via Taller<\/a><\/p>\t\t\t\t\t\t\t\t<\/div>\n\t\t\t\t<\/div>\n\t\t\t\t\t<\/div>\n\t\t<\/div>\n\t\t\t\t\t<\/div>\n\t\t<\/section>\n\t\t<div class=\"elementor-element elementor-element-6981d24 e-flex e-con-boxed e-con e-parent\" data-id=\"6981d24\" data-element_type=\"container\" data-e-type=\"container\">\n\t\t\t\t\t<div class=\"e-con-inner\">\n\t\t\t\t<div class=\"elementor-element elementor-element-bffc960 elementor-widget elementor-widget-text-editor\" data-id=\"bffc960\" data-element_type=\"widget\" data-e-type=\"widget\" data-widget_type=\"text-editor.default\">\n\t\t\t\t<div class=\"elementor-widget-container\">\n\t\t\t\t\t\t\t\t\t<h2><strong>Servicios adicionales en Taller Guggi<\/strong><\/h2><ul><li><a href=\"https:\/\/guggi.es\/ca\/alquiler-coches-torredembarra\/\"><strong>Servicio de alquiler de coches en Torredembarra<\/strong><\/a><\/li><li><strong>Venta de recambios nuevos y de ocasi\u00f3n<\/strong><\/li><\/ul><h2>Experiencia y Profesionalismo en Taller Guggi<\/h2><h3>Nuestro Equipo de Expertos en Chapa y Pintura<\/h3><p>En Taller Guggi, contamos con un equipo de expertos en chapa y pintura altamente cualificados y con una amplia experiencia en el sector. Nuestros profesionales son apasionados por su trabajo y se mantienen constantemente actualizados sobre las \u00faltimas t\u00e9cnicas y avances en reparaci\u00f3n de carrocer\u00edas.<\/p><h3>Habilidad y Destreza en Cada Proyecto<\/h3><p>Cada uno de nuestros t\u00e9cnicos tiene la habilidad y destreza necesarias para llevar a cabo reparaciones de chapa y pintura de manera precisa y eficiente. Sabemos lo importante que es tu veh\u00edculo para ti, por lo que tratamos cada proyecto con el m\u00e1ximo cuidado y atenci\u00f3n al detalle, garantizando que tu coche reciba un servicio de la m\u00e1s alta calidad.<\/p><h3>Materiales de Calidad para Acabados Impecables<\/h3><p>En Taller Guggi utilizamos materiales de primera calidad para todas nuestras reparaciones. Trabajamos con las mejores marcas y pinturas homologadas por los fabricantes de autom\u00f3viles, asegurando as\u00ed resultados duraderos y acabados impecables.<\/p><h3>Garant\u00eda de Satisfacci\u00f3n en Cada Reparaci\u00f3n<\/h3><p>Nos enorgullecemos de nuestro compromiso con la satisfacci\u00f3n del cliente. Nuestra prioridad es superar tus expectativas y devolverte un veh\u00edculo en perfectas condiciones. Por ello, ofrecemos una garant\u00eda de satisfacci\u00f3n en cada reparaci\u00f3n realizada en nuestro taller.<\/p><h3>Conf\u00eda en Nuestra Experiencia<\/h3><p>Ya sea que tu coche haya sufrido un peque\u00f1o golpe, ara\u00f1azo o necesite una reparaci\u00f3n m\u00e1s extensa, en Taller Guggi encontrar\u00e1s un equipo de profesionales dispuestos a cuidar de tu veh\u00edculo como si fuera el suyo propio. Conf\u00eda en nuestra experiencia y profesionalismo para devolverle a tu coche su esplendor original.<\/p><h3>Vis\u00edtanos en Torredembarra<\/h3><p>En Taller Guggi, tu satisfacci\u00f3n y la seguridad de tu veh\u00edculo son nuestra m\u00e1xima prioridad. Ac\u00e9rcate a nuestro taller en Torredembarra y descubre por qu\u00e9 somos la elecci\u00f3n preferida de nuestros clientes cuando se trata de reparaci\u00f3n de chapa y pintura en Tarragona. Estamos listos para recibirte y brindarte un servicio de excelencia.<\/p>\t\t\t\t\t\t\t\t<\/div>\n\t\t\t\t<\/div>\n\t\t\t\t\t<\/div>\n\t\t\t\t<\/div>\n\t\t\t\t<\/div>","protected":false},"excerpt":{"rendered":"<p>CITA PREVIA ITV TORREDEMBARRA Si buscas un taller para\u00a0pasar la ITV en Torredembarra elige los servicios expertos de Taller Guggi. El primer paso en cualquier proceso de ITV es contactar con nuestro taller, sea en persona, por tel\u00e9fono o utilizando nuestro formulario de cita previa. \u00a0 \u00bfQu\u00e9 es la ITV? La Inspecci\u00f3n T\u00e9cnica de Veh\u00edculos, [&hellip;]<\/p>\n","protected":false},"author":30,"featured_media":20410,"parent":0,"menu_order":0,"comment_status":"closed","ping_status":"open","template":"","meta":{"footnotes":""},"class_list":["post-20674","page","type-page","status-publish","has-post-thumbnail","hentry"],"yoast_head":"<!-- This site is optimized with the Yoast SEO plugin v27.4 - https:\/\/yoast.com\/product\/yoast-seo-wordpress\/ -->\n<title>ITV<\/title>\n<meta name=\"description\" content=\"Reparaci\u00f3n de chapa y pintura en Torredembarra - Experto en carrocer\u00edas y pintura de coches. Trae tu coche a nosotros. Todos los seguros\" \/>\n<meta name=\"robots\" content=\"index, follow, max-snippet:-1, max-image-preview:large, max-video-preview:-1\" \/>\n<link rel=\"canonical\" href=\"https:\/\/guggi.es\/ca\/itv\/\" \/>\n<meta property=\"og:locale\" content=\"ca_ES\" \/>\n<meta property=\"og:type\" content=\"article\" \/>\n<meta property=\"og:title\" content=\"ITV\" \/>\n<meta property=\"og:description\" content=\"Reparaci\u00f3n de chapa y pintura en Torredembarra - Experto en carrocer\u00edas y pintura de coches. Trae tu coche a nosotros. Todos los seguros\" \/>\n<meta property=\"og:url\" content=\"https:\/\/guggi.es\/ca\/itv\/\" \/>\n<meta property=\"og:site_name\" content=\"Taller chapa y pintura Guggi Torredembarra\" \/>\n<meta property=\"article:publisher\" content=\"https:\/\/www.facebook.com\/guggitaller\/\" \/>\n<meta property=\"article:modified_time\" content=\"2024-05-08T07:47:16+00:00\" \/>\n<meta property=\"og:image\" content=\"https:\/\/guggi.es\/wp-content\/uploads\/2023\/02\/taller-pintura-coche-creixell.jpg\" \/>\n\t<meta property=\"og:image:width\" content=\"400\" \/>\n\t<meta property=\"og:image:height\" content=\"400\" \/>\n\t<meta property=\"og:image:type\" content=\"image\/jpeg\" \/>\n<meta name=\"twitter:card\" content=\"summary_large_image\" \/>\n<meta name=\"twitter:label1\" content=\"Temps estimat de lectura\" \/>\n\t<meta name=\"twitter:data1\" content=\"4 minuts\" \/>\n<script type=\"application\/ld+json\" class=\"yoast-schema-graph\">{\"@context\":\"https:\\\/\\\/schema.org\",\"@graph\":[{\"@type\":\"WebPage\",\"@id\":\"https:\\\/\\\/guggi.es\\\/itv\\\/\",\"url\":\"https:\\\/\\\/guggi.es\\\/itv\\\/\",\"name\":\"ITV\",\"isPartOf\":{\"@id\":\"https:\\\/\\\/guggi.es\\\/#website\"},\"primaryImageOfPage\":{\"@id\":\"https:\\\/\\\/guggi.es\\\/itv\\\/#primaryimage\"},\"image\":{\"@id\":\"https:\\\/\\\/guggi.es\\\/itv\\\/#primaryimage\"},\"thumbnailUrl\":\"https:\\\/\\\/guggi.es\\\/wp-content\\\/uploads\\\/2023\\\/02\\\/taller-pintura-coche-creixell.jpg\",\"datePublished\":\"2024-05-07T09:37:04+00:00\",\"dateModified\":\"2024-05-08T07:47:16+00:00\",\"description\":\"Reparaci\u00f3n de chapa y pintura en Torredembarra - Experto en carrocer\u00edas y pintura de coches. Trae tu coche a nosotros. Todos los seguros\",\"breadcrumb\":{\"@id\":\"https:\\\/\\\/guggi.es\\\/itv\\\/#breadcrumb\"},\"inLanguage\":\"ca\",\"potentialAction\":[{\"@type\":\"ReadAction\",\"target\":[\"https:\\\/\\\/guggi.es\\\/itv\\\/\"]}]},{\"@type\":\"ImageObject\",\"inLanguage\":\"ca\",\"@id\":\"https:\\\/\\\/guggi.es\\\/itv\\\/#primaryimage\",\"url\":\"https:\\\/\\\/guggi.es\\\/wp-content\\\/uploads\\\/2023\\\/02\\\/taller-pintura-coche-creixell.jpg\",\"contentUrl\":\"https:\\\/\\\/guggi.es\\\/wp-content\\\/uploads\\\/2023\\\/02\\\/taller-pintura-coche-creixell.jpg\",\"width\":400,\"height\":400,\"caption\":\"taller pintura coche creixell\"},{\"@type\":\"BreadcrumbList\",\"@id\":\"https:\\\/\\\/guggi.es\\\/itv\\\/#breadcrumb\",\"itemListElement\":[{\"@type\":\"ListItem\",\"position\":1,\"name\":\"Portada\",\"item\":\"https:\\\/\\\/guggi.es\\\/\"},{\"@type\":\"ListItem\",\"position\":2,\"name\":\"ITV\"}]},{\"@type\":\"WebSite\",\"@id\":\"https:\\\/\\\/guggi.es\\\/#website\",\"url\":\"https:\\\/\\\/guggi.es\\\/\",\"name\":\"Taller chapa y pintura Guggi Torredembarra\",\"description\":\"Taller de chapa y pintura y alquiler de coches Torredembarra\",\"publisher\":{\"@id\":\"https:\\\/\\\/guggi.es\\\/#organization\"},\"alternateName\":\"Taller Guggi\",\"potentialAction\":[{\"@type\":\"SearchAction\",\"target\":{\"@type\":\"EntryPoint\",\"urlTemplate\":\"https:\\\/\\\/guggi.es\\\/?s={search_term_string}\"},\"query-input\":{\"@type\":\"PropertyValueSpecification\",\"valueRequired\":true,\"valueName\":\"search_term_string\"}}],\"inLanguage\":\"ca\"},{\"@type\":\"Organization\",\"@id\":\"https:\\\/\\\/guggi.es\\\/#organization\",\"name\":\"Taller Chapa y pintura Guggi Torredembarra\",\"alternateName\":\"Taller Guggi\",\"url\":\"https:\\\/\\\/guggi.es\\\/\",\"logo\":{\"@type\":\"ImageObject\",\"inLanguage\":\"ca\",\"@id\":\"https:\\\/\\\/guggi.es\\\/#\\\/schema\\\/logo\\\/image\\\/\",\"url\":\"https:\\\/\\\/guggi.es\\\/wp-content\\\/uploads\\\/2021\\\/12\\\/guggi-logo-2-2.svg\",\"contentUrl\":\"https:\\\/\\\/guggi.es\\\/wp-content\\\/uploads\\\/2021\\\/12\\\/guggi-logo-2-2.svg\",\"width\":500,\"height\":250,\"caption\":\"Taller Chapa y pintura Guggi Torredembarra\"},\"image\":{\"@id\":\"https:\\\/\\\/guggi.es\\\/#\\\/schema\\\/logo\\\/image\\\/\"},\"sameAs\":[\"https:\\\/\\\/www.facebook.com\\\/guggitaller\\\/\"]}]}<\/script>\n<!-- \/ Yoast SEO plugin. -->","yoast_head_json":{"title":"ITV","description":"Reparaci\u00f3n de chapa y pintura en Torredembarra - Experto en carrocer\u00edas y pintura de coches. Trae tu coche a nosotros. Todos los seguros","robots":{"index":"index","follow":"follow","max-snippet":"max-snippet:-1","max-image-preview":"max-image-preview:large","max-video-preview":"max-video-preview:-1"},"canonical":"https:\/\/guggi.es\/ca\/itv\/","og_locale":"ca_ES","og_type":"article","og_title":"ITV","og_description":"Reparaci\u00f3n de chapa y pintura en Torredembarra - Experto en carrocer\u00edas y pintura de coches. Trae tu coche a nosotros. Todos los seguros","og_url":"https:\/\/guggi.es\/ca\/itv\/","og_site_name":"Taller chapa y pintura Guggi Torredembarra","article_publisher":"https:\/\/www.facebook.com\/guggitaller\/","article_modified_time":"2024-05-08T07:47:16+00:00","og_image":[{"width":400,"height":400,"url":"https:\/\/guggi.es\/wp-content\/uploads\/2023\/02\/taller-pintura-coche-creixell.jpg","type":"image\/jpeg"}],"twitter_card":"summary_large_image","twitter_misc":{"Temps estimat de lectura":"4 minuts"},"schema":{"@context":"https:\/\/schema.org","@graph":[{"@type":"WebPage","@id":"https:\/\/guggi.es\/itv\/","url":"https:\/\/guggi.es\/itv\/","name":"ITV","isPartOf":{"@id":"https:\/\/guggi.es\/#website"},"primaryImageOfPage":{"@id":"https:\/\/guggi.es\/itv\/#primaryimage"},"image":{"@id":"https:\/\/guggi.es\/itv\/#primaryimage"},"thumbnailUrl":"https:\/\/guggi.es\/wp-content\/uploads\/2023\/02\/taller-pintura-coche-creixell.jpg","datePublished":"2024-05-07T09:37:04+00:00","dateModified":"2024-05-08T07:47:16+00:00","description":"Reparaci\u00f3n de chapa y pintura en Torredembarra - Experto en carrocer\u00edas y pintura de coches. Trae tu coche a nosotros. Todos los seguros","breadcrumb":{"@id":"https:\/\/guggi.es\/itv\/#breadcrumb"},"inLanguage":"ca","potentialAction":[{"@type":"ReadAction","target":["https:\/\/guggi.es\/itv\/"]}]},{"@type":"ImageObject","inLanguage":"ca","@id":"https:\/\/guggi.es\/itv\/#primaryimage","url":"https:\/\/guggi.es\/wp-content\/uploads\/2023\/02\/taller-pintura-coche-creixell.jpg","contentUrl":"https:\/\/guggi.es\/wp-content\/uploads\/2023\/02\/taller-pintura-coche-creixell.jpg","width":400,"height":400,"caption":"taller pintura coche creixell"},{"@type":"BreadcrumbList","@id":"https:\/\/guggi.es\/itv\/#breadcrumb","itemListElement":[{"@type":"ListItem","position":1,"name":"Portada","item":"https:\/\/guggi.es\/"},{"@type":"ListItem","position":2,"name":"ITV"}]},{"@type":"WebSite","@id":"https:\/\/guggi.es\/#website","url":"https:\/\/guggi.es\/","name":"Taller chapa y pintura Guggi Torredembarra","description":"Taller de chapa y pintura y alquiler de coches Torredembarra","publisher":{"@id":"https:\/\/guggi.es\/#organization"},"alternateName":"Taller Guggi","potentialAction":[{"@type":"SearchAction","target":{"@type":"EntryPoint","urlTemplate":"https:\/\/guggi.es\/?s={search_term_string}"},"query-input":{"@type":"PropertyValueSpecification","valueRequired":true,"valueName":"search_term_string"}}],"inLanguage":"ca"},{"@type":"Organization","@id":"https:\/\/guggi.es\/#organization","name":"Taller Chapa y pintura Guggi Torredembarra","alternateName":"Taller Guggi","url":"https:\/\/guggi.es\/","logo":{"@type":"ImageObject","inLanguage":"ca","@id":"https:\/\/guggi.es\/#\/schema\/logo\/image\/","url":"https:\/\/guggi.es\/wp-content\/uploads\/2021\/12\/guggi-logo-2-2.svg","contentUrl":"https:\/\/guggi.es\/wp-content\/uploads\/2021\/12\/guggi-logo-2-2.svg","width":500,"height":250,"caption":"Taller Chapa y pintura Guggi Torredembarra"},"image":{"@id":"https:\/\/guggi.es\/#\/schema\/logo\/image\/"},"sameAs":["https:\/\/www.facebook.com\/guggitaller\/"]}]}},"jetpack_sharing_enabled":true,"_links":{"self":[{"href":"https:\/\/guggi.es\/ca\/wp-json\/wp\/v2\/pages\/20674","targetHints":{"allow":["GET"]}}],"collection":[{"href":"https:\/\/guggi.es\/ca\/wp-json\/wp\/v2\/pages"}],"about":[{"href":"https:\/\/guggi.es\/ca\/wp-json\/wp\/v2\/types\/page"}],"author":[{"embeddable":true,"href":"https:\/\/guggi.es\/ca\/wp-json\/wp\/v2\/users\/30"}],"replies":[{"embeddable":true,"href":"https:\/\/guggi.es\/ca\/wp-json\/wp\/v2\/comments?post=20674"}],"version-history":[{"count":13,"href":"https:\/\/guggi.es\/ca\/wp-json\/wp\/v2\/pages\/20674\/revisions"}],"predecessor-version":[{"id":20803,"href":"https:\/\/guggi.es\/ca\/wp-json\/wp\/v2\/pages\/20674\/revisions\/20803"}],"wp:featuredmedia":[{"embeddable":true,"href":"https:\/\/guggi.es\/ca\/wp-json\/wp\/v2\/media\/20410"}],"wp:attachment":[{"href":"https:\/\/guggi.es\/ca\/wp-json\/wp\/v2\/media?parent=20674"}],"curies":[{"name":"wp","href":"https:\/\/api.w.org\/{rel}","templated":true}]}}