{"id":20577,"date":"2023-07-31T10:01:53","date_gmt":"2023-07-31T09:01:53","guid":{"rendered":"https:\/\/guggi.es\/?page_id=20577"},"modified":"2023-07-31T10:08:54","modified_gmt":"2023-07-31T09:08:54","slug":"noticias","status":"publish","type":"page","link":"https:\/\/guggi.es\/ca\/noticias\/","title":{"rendered":"Not\u00edcies"},"content":{"rendered":"\t\t<div data-elementor-type=\"wp-page\" data-elementor-id=\"20577\" class=\"elementor elementor-20577\">\n\t\t\t\t<div class=\"elementor-element elementor-element-5c391b6 e-flex e-con-boxed e-con e-parent\" data-id=\"5c391b6\" data-element_type=\"container\" data-e-type=\"container\">\n\t\t\t\t\t<div class=\"e-con-inner\">\n\t\t\t\t<div class=\"elementor-element elementor-element-0e54808 elementor-widget elementor-widget-templines-blog-box\" data-id=\"0e54808\" data-element_type=\"widget\" data-e-type=\"widget\" data-widget_type=\"templines-blog-box.default\">\n\t\t\t\t<div class=\"elementor-widget-container\">\n\t\t\t\t\t<div class=\"animated pix-lastnews-dark\" data-animation=\"no\"><div class=\"heading-news\">\n                        <h3 class=\"ui-title-block\">Blog Taller de chapa y pintura<\/h3>\n                        <div class=\"ui-subtitle-block_mod-b\"><p>Noticias y consejos sobre el cuidado de tu coche chapa y pintura de coches y otros art\u00edculos relacionados.<\/p><\/div>\n                      <\/div>\n\t\t\t\t<div class=\"box__flex\">\n\t\t\t\t\n\n\t\t\t\t<article class=\"post post_mod-a clearfix zigzag-disable\">\n\t\t\t\t<div class=\"post__box--style-2\">\n\t\t\t\t\t<div class=\"box__media\">\n\t\t\t\t\t\t<img\n\t\t\t\t\t\tloading=\"lazy\"\n\t\t\t\t\t\tsrc=\"https:\/\/guggi.es\/wp-content\/uploads\/2024\/08\/importancia-de-los-neumaticos-en-buen-estado-cambio-neumatico-Torredembarra-470x280.jpg\"\n\t\t\t\t\t\twidth=\"360\"\n\t\t\t\t\t\theight=\"300\"\n\t\t\t\t\t\talt=\"Elementor #21073\"\n\t\t\t\t\t\tclass=\"tumbnail-big\"\n\t\t\t\t\t\t\/>\n\t\t\t\t\t\t<img\n\t\t\t\t\t\tsrc=\"https:\/\/secure.gravatar.com\/avatar\/?s=48&#038;d=wavatar&#038;r=g\"\n\t\t\t\t\t\twidth=\"80\"\n\t\t\t\t\t\theight=\"80\"\n\t\t\t\t\t\talt=\"avatar\"\n\t\t\t\t\t\tclass=\"avatar\"\n\t\t\t\t\t\t\/>\n\t\t\t\t\t<\/div>\n\t\t\t\t\t <div class=\"box__contents\">\n          <div class=\"meta__data\">\n            <span class=\"data\">\n\t\t\t<i class=\"fa fa-calendar\" aria-hidden=\"true\"><\/i>\n              <a href=\"#\">agost 4, 2024<\/a>\n            <\/span>\n            <span class=\"quotes\">\n             <i class=\"fa fa-commenting-o\" aria-hidden=\"true\"><\/i>\n              <a href=\"https:\/\/guggi.es\/ca\/2024\/08\/04\/elementor-21073\/#respond\">0<\/a>\n            <\/span>\n          <\/div>\n          <div class=\"block__content\">\n            <h3><a href=\"https:\/\/guggi.es\/ca\/2024\/08\/04\/elementor-21073\/\">Elementor #21073<\/a><\/h3>\n            <p>La Importancia de Cambiar los Neum\u00e1ticos a Tiempo Los neum\u00e1ticos son uno de los componentes m\u00e1s cruciales de tu veh\u00edculo. No solo proporcionan el contacto necesario con la carretera, sino que tambi\u00e9n juegan un papel esencial en la seguridad y el rendimiento del autom\u00f3vil. Cambiar los neum\u00e1ticos a tiempo puede marcar la diferencia entre una [&hellip;]<\/p>\n            <div class=\"link__box\">\n              <a href=\"https:\/\/guggi.es\/ca\/2024\/08\/04\/elementor-21073\/\" class=\"link__read-more\">Leer m\u00e1s<\/a>\n            <\/div>\n          <\/div>\n        <\/div>\n\t\t\t\t\t\n\t\t\t\t\t\n\t\t\t\t\t<\/div>\n\t\t\t\t<\/article>\n\t\t\t\n\n\t\t\t\t<article class=\"post post_mod-a clearfix zigzag-disable\">\n\t\t\t\t<div class=\"post__box--style-2\">\n\t\t\t\t\t<div class=\"box__media\">\n\t\t\t\t\t\t<img\n\t\t\t\t\t\tloading=\"lazy\"\n\t\t\t\t\t\tsrc=\"https:\/\/guggi.es\/wp-content\/uploads\/2024\/05\/Advertise-Your-Used-Car-for-Sale-Step-8-470x280.jpg\"\n\t\t\t\t\t\twidth=\"360\"\n\t\t\t\t\t\theight=\"300\"\n\t\t\t\t\t\talt=\"Alquilar o Comprar un Coche\"\n\t\t\t\t\t\tclass=\"tumbnail-big\"\n\t\t\t\t\t\t\/>\n\t\t\t\t\t\t<img\n\t\t\t\t\t\tsrc=\"https:\/\/secure.gravatar.com\/avatar\/?s=48&#038;d=wavatar&#038;r=g\"\n\t\t\t\t\t\twidth=\"80\"\n\t\t\t\t\t\theight=\"80\"\n\t\t\t\t\t\talt=\"avatar\"\n\t\t\t\t\t\tclass=\"avatar\"\n\t\t\t\t\t\t\/>\n\t\t\t\t\t<\/div>\n\t\t\t\t\t <div class=\"box__contents\">\n          <div class=\"meta__data\">\n            <span class=\"data\">\n\t\t\t<i class=\"fa fa-calendar\" aria-hidden=\"true\"><\/i>\n              <a href=\"#\">maig 10, 2024<\/a>\n            <\/span>\n            <span class=\"quotes\">\n             <i class=\"fa fa-commenting-o\" aria-hidden=\"true\"><\/i>\n              <a href=\"https:\/\/guggi.es\/ca\/2024\/05\/10\/alquilar-o-comprar-un-coche\/#respond\">0<\/a>\n            <\/span>\n          <\/div>\n          <div class=\"block__content\">\n            <h3><a href=\"https:\/\/guggi.es\/ca\/2024\/05\/10\/alquilar-o-comprar-un-coche\/\">Alquilar o Comprar un Coche<\/a><\/h3>\n            <p>Decidir entre alquilar o comprar un coche puede ser una elecci\u00f3n complicada, llena de variables financieras y personales. Vamos a explorar ambas opciones, analizando sus ventajas y desventajas para ayudarte a tomar una decisi\u00f3n informada seg\u00fan tus necesidades y estilo de vida. Comprar un Coche Ventajas: Propiedad Total: Al comprar un coche, eres el due\u00f1o [&hellip;]<\/p>\n            <div class=\"link__box\">\n              <a href=\"https:\/\/guggi.es\/ca\/2024\/05\/10\/alquilar-o-comprar-un-coche\/\" class=\"link__read-more\">Leer m\u00e1s<\/a>\n            <\/div>\n          <\/div>\n        <\/div>\n\t\t\t\t\t\n\t\t\t\t\t\n\t\t\t\t\t<\/div>\n\t\t\t\t<\/article>\n\t\t\t\n\n\t\t\t\t<article class=\"post post_mod-a clearfix zigzag-disable\">\n\t\t\t\t<div class=\"post__box--style-2\">\n\t\t\t\t\t<div class=\"box__media\">\n\t\t\t\t\t\t<img\n\t\t\t\t\t\tloading=\"lazy\"\n\t\t\t\t\t\tsrc=\"https:\/\/guggi.es\/wp-content\/uploads\/2023\/07\/taller-de-chapa-y-pintura-en-tarragona-creixell-reparar-chapa-470x280.jpg\"\n\t\t\t\t\t\twidth=\"360\"\n\t\t\t\t\t\theight=\"300\"\n\t\t\t\t\t\talt=\"Reparaci\u00f3n de Chapa y Pintura en Torredembarra &#8211; Tu Mejor Opci\u00f3n en Taller Guggi\"\n\t\t\t\t\t\tclass=\"tumbnail-big\"\n\t\t\t\t\t\t\/>\n\t\t\t\t\t\t<img\n\t\t\t\t\t\tsrc=\"https:\/\/secure.gravatar.com\/avatar\/?s=48&#038;d=wavatar&#038;r=g\"\n\t\t\t\t\t\twidth=\"80\"\n\t\t\t\t\t\theight=\"80\"\n\t\t\t\t\t\talt=\"avatar\"\n\t\t\t\t\t\tclass=\"avatar\"\n\t\t\t\t\t\t\/>\n\t\t\t\t\t<\/div>\n\t\t\t\t\t <div class=\"box__contents\">\n          <div class=\"meta__data\">\n            <span class=\"data\">\n\t\t\t<i class=\"fa fa-calendar\" aria-hidden=\"true\"><\/i>\n              <a href=\"#\">juliol 31, 2023<\/a>\n            <\/span>\n            <span class=\"quotes\">\n             <i class=\"fa fa-commenting-o\" aria-hidden=\"true\"><\/i>\n              <a href=\"https:\/\/guggi.es\/ca\/2023\/07\/31\/elementor-20571\/#respond\">0<\/a>\n            <\/span>\n          <\/div>\n          <div class=\"block__content\">\n            <h3><a href=\"https:\/\/guggi.es\/ca\/2023\/07\/31\/elementor-20571\/\">Reparaci\u00f3n de Chapa y Pintura en Torredembarra &#8211; Tu Mejor Opci\u00f3n en Taller Guggi<\/a><\/h3>\n            <p>Expertos en Reparaci\u00f3n de Chapa y Pintura en Torredembarra En Taller Guggi, nos enorgullecemos de ofrecer servicios de reparaci\u00f3n de chapa y pintura de primera calidad en la hermosa localidad de Torredembarra. Nuestro equipo de t\u00e9cnicos altamente capacitados y experimentados est\u00e1 listo para abordar cualquier desaf\u00edo que presente tu veh\u00edculo, desde ara\u00f1azos y abolladuras hasta [&hellip;]<\/p>\n            <div class=\"link__box\">\n              <a href=\"https:\/\/guggi.es\/ca\/2023\/07\/31\/elementor-20571\/\" class=\"link__read-more\">Leer m\u00e1s<\/a>\n            <\/div>\n          <\/div>\n        <\/div>\n\t\t\t\t\t\n\t\t\t\t\t\n\t\t\t\t\t<\/div>\n\t\t\t\t<\/article>\n\t\t\t<\/div>\n\n\t\t\t\t<\/div>\n\t\t\t\t<\/div>\n\t\t\t\t\t<\/div>\n\t\t\t\t<\/div>\n\t\t\t\t<\/div>\n\t\t","protected":false},"excerpt":{"rendered":"<p>Blog Taller de chapa y pintura Noticias y consejos sobre el cuidado de tu coche chapa y pintura de coches y otros art\u00edculos relacionados. julio 31, 2023 0 Reparaci\u00f3n de Chapa y Pintura en Torredembarra &#8211; Tu Mejor Opci\u00f3n en Taller Guggi Expertos en Reparaci\u00f3n de Chapa y Pintura en Torredembarra En Taller Guggi, nos [&hellip;]<\/p>\n","protected":false},"author":29,"featured_media":0,"parent":0,"menu_order":0,"comment_status":"open","ping_status":"open","template":"elementor_header_footer","meta":{"footnotes":""},"class_list":["post-20577","page","type-page","status-publish","hentry"],"yoast_head":"<!-- This site is optimized with the Yoast SEO plugin v27.3 - https:\/\/yoast.com\/product\/yoast-seo-wordpress\/ -->\n<title>Noticias - Taller chapa y pintura Guggi Torredembarra<\/title>\n<meta name=\"robots\" content=\"index, follow, max-snippet:-1, max-image-preview:large, max-video-preview:-1\" \/>\n<link rel=\"canonical\" href=\"https:\/\/guggi.es\/ca\/noticias\/\" \/>\n<meta property=\"og:locale\" content=\"ca_ES\" \/>\n<meta property=\"og:type\" content=\"article\" \/>\n<meta property=\"og:title\" content=\"Noticias - Taller chapa y pintura Guggi Torredembarra\" \/>\n<meta property=\"og:description\" content=\"Blog Taller de chapa y pintura Noticias y consejos sobre el cuidado de tu coche chapa y pintura de coches y otros art\u00edculos relacionados. julio 31, 2023 0 Reparaci\u00f3n de Chapa y Pintura en Torredembarra &#8211; Tu Mejor Opci\u00f3n en Taller Guggi Expertos en Reparaci\u00f3n de Chapa y Pintura en Torredembarra En Taller Guggi, nos [&hellip;]\" \/>\n<meta property=\"og:url\" content=\"https:\/\/guggi.es\/ca\/noticias\/\" \/>\n<meta property=\"og:site_name\" content=\"Taller chapa y pintura Guggi Torredembarra\" \/>\n<meta property=\"article:publisher\" content=\"https:\/\/www.facebook.com\/guggitaller\/\" \/>\n<meta property=\"article:modified_time\" content=\"2023-07-31T09:08:54+00:00\" \/>\n<meta name=\"twitter:card\" content=\"summary_large_image\" \/>\n<meta name=\"twitter:label1\" content=\"Temps estimat de lectura\" \/>\n\t<meta name=\"twitter:data1\" content=\"3 minuts\" \/>\n<script type=\"application\/ld+json\" class=\"yoast-schema-graph\">{\"@context\":\"https:\\\/\\\/schema.org\",\"@graph\":[{\"@type\":\"WebPage\",\"@id\":\"https:\\\/\\\/guggi.es\\\/noticias\\\/\",\"url\":\"https:\\\/\\\/guggi.es\\\/noticias\\\/\",\"name\":\"Noticias - Taller chapa y pintura Guggi Torredembarra\",\"isPartOf\":{\"@id\":\"https:\\\/\\\/guggi.es\\\/#website\"},\"datePublished\":\"2023-07-31T09:01:53+00:00\",\"dateModified\":\"2023-07-31T09:08:54+00:00\",\"breadcrumb\":{\"@id\":\"https:\\\/\\\/guggi.es\\\/noticias\\\/#breadcrumb\"},\"inLanguage\":\"ca\",\"potentialAction\":[{\"@type\":\"ReadAction\",\"target\":[\"https:\\\/\\\/guggi.es\\\/noticias\\\/\"]}]},{\"@type\":\"BreadcrumbList\",\"@id\":\"https:\\\/\\\/guggi.es\\\/noticias\\\/#breadcrumb\",\"itemListElement\":[{\"@type\":\"ListItem\",\"position\":1,\"name\":\"Portada\",\"item\":\"https:\\\/\\\/guggi.es\\\/\"},{\"@type\":\"ListItem\",\"position\":2,\"name\":\"Noticias\"}]},{\"@type\":\"WebSite\",\"@id\":\"https:\\\/\\\/guggi.es\\\/#website\",\"url\":\"https:\\\/\\\/guggi.es\\\/\",\"name\":\"Taller chapa y pintura Guggi Torredembarra\",\"description\":\"Taller de chapa y pintura y alquiler de coches Torredembarra\",\"publisher\":{\"@id\":\"https:\\\/\\\/guggi.es\\\/#organization\"},\"alternateName\":\"Taller Guggi\",\"potentialAction\":[{\"@type\":\"SearchAction\",\"target\":{\"@type\":\"EntryPoint\",\"urlTemplate\":\"https:\\\/\\\/guggi.es\\\/?s={search_term_string}\"},\"query-input\":{\"@type\":\"PropertyValueSpecification\",\"valueRequired\":true,\"valueName\":\"search_term_string\"}}],\"inLanguage\":\"ca\"},{\"@type\":\"Organization\",\"@id\":\"https:\\\/\\\/guggi.es\\\/#organization\",\"name\":\"Taller Chapa y pintura Guggi Torredembarra\",\"alternateName\":\"Taller Guggi\",\"url\":\"https:\\\/\\\/guggi.es\\\/\",\"logo\":{\"@type\":\"ImageObject\",\"inLanguage\":\"ca\",\"@id\":\"https:\\\/\\\/guggi.es\\\/#\\\/schema\\\/logo\\\/image\\\/\",\"url\":\"https:\\\/\\\/guggi.es\\\/wp-content\\\/uploads\\\/2021\\\/12\\\/guggi-logo-2-2.svg\",\"contentUrl\":\"https:\\\/\\\/guggi.es\\\/wp-content\\\/uploads\\\/2021\\\/12\\\/guggi-logo-2-2.svg\",\"width\":500,\"height\":250,\"caption\":\"Taller Chapa y pintura Guggi Torredembarra\"},\"image\":{\"@id\":\"https:\\\/\\\/guggi.es\\\/#\\\/schema\\\/logo\\\/image\\\/\"},\"sameAs\":[\"https:\\\/\\\/www.facebook.com\\\/guggitaller\\\/\"]}]}<\/script>\n<!-- \/ Yoast SEO plugin. -->","yoast_head_json":{"title":"Noticias - Taller chapa y pintura Guggi Torredembarra","robots":{"index":"index","follow":"follow","max-snippet":"max-snippet:-1","max-image-preview":"max-image-preview:large","max-video-preview":"max-video-preview:-1"},"canonical":"https:\/\/guggi.es\/ca\/noticias\/","og_locale":"ca_ES","og_type":"article","og_title":"Noticias - Taller chapa y pintura Guggi Torredembarra","og_description":"Blog Taller de chapa y pintura Noticias y consejos sobre el cuidado de tu coche chapa y pintura de coches y otros art\u00edculos relacionados. julio 31, 2023 0 Reparaci\u00f3n de Chapa y Pintura en Torredembarra &#8211; Tu Mejor Opci\u00f3n en Taller Guggi Expertos en Reparaci\u00f3n de Chapa y Pintura en Torredembarra En Taller Guggi, nos [&hellip;]","og_url":"https:\/\/guggi.es\/ca\/noticias\/","og_site_name":"Taller chapa y pintura Guggi Torredembarra","article_publisher":"https:\/\/www.facebook.com\/guggitaller\/","article_modified_time":"2023-07-31T09:08:54+00:00","twitter_card":"summary_large_image","twitter_misc":{"Temps estimat de lectura":"3 minuts"},"schema":{"@context":"https:\/\/schema.org","@graph":[{"@type":"WebPage","@id":"https:\/\/guggi.es\/noticias\/","url":"https:\/\/guggi.es\/noticias\/","name":"Noticias - Taller chapa y pintura Guggi Torredembarra","isPartOf":{"@id":"https:\/\/guggi.es\/#website"},"datePublished":"2023-07-31T09:01:53+00:00","dateModified":"2023-07-31T09:08:54+00:00","breadcrumb":{"@id":"https:\/\/guggi.es\/noticias\/#breadcrumb"},"inLanguage":"ca","potentialAction":[{"@type":"ReadAction","target":["https:\/\/guggi.es\/noticias\/"]}]},{"@type":"BreadcrumbList","@id":"https:\/\/guggi.es\/noticias\/#breadcrumb","itemListElement":[{"@type":"ListItem","position":1,"name":"Portada","item":"https:\/\/guggi.es\/"},{"@type":"ListItem","position":2,"name":"Noticias"}]},{"@type":"WebSite","@id":"https:\/\/guggi.es\/#website","url":"https:\/\/guggi.es\/","name":"Taller chapa y pintura Guggi Torredembarra","description":"Taller de chapa y pintura y alquiler de coches Torredembarra","publisher":{"@id":"https:\/\/guggi.es\/#organization"},"alternateName":"Taller Guggi","potentialAction":[{"@type":"SearchAction","target":{"@type":"EntryPoint","urlTemplate":"https:\/\/guggi.es\/?s={search_term_string}"},"query-input":{"@type":"PropertyValueSpecification","valueRequired":true,"valueName":"search_term_string"}}],"inLanguage":"ca"},{"@type":"Organization","@id":"https:\/\/guggi.es\/#organization","name":"Taller Chapa y pintura Guggi Torredembarra","alternateName":"Taller Guggi","url":"https:\/\/guggi.es\/","logo":{"@type":"ImageObject","inLanguage":"ca","@id":"https:\/\/guggi.es\/#\/schema\/logo\/image\/","url":"https:\/\/guggi.es\/wp-content\/uploads\/2021\/12\/guggi-logo-2-2.svg","contentUrl":"https:\/\/guggi.es\/wp-content\/uploads\/2021\/12\/guggi-logo-2-2.svg","width":500,"height":250,"caption":"Taller Chapa y pintura Guggi Torredembarra"},"image":{"@id":"https:\/\/guggi.es\/#\/schema\/logo\/image\/"},"sameAs":["https:\/\/www.facebook.com\/guggitaller\/"]}]}},"jetpack_sharing_enabled":true,"_links":{"self":[{"href":"https:\/\/guggi.es\/ca\/wp-json\/wp\/v2\/pages\/20577","targetHints":{"allow":["GET"]}}],"collection":[{"href":"https:\/\/guggi.es\/ca\/wp-json\/wp\/v2\/pages"}],"about":[{"href":"https:\/\/guggi.es\/ca\/wp-json\/wp\/v2\/types\/page"}],"author":[{"embeddable":true,"href":"https:\/\/guggi.es\/ca\/wp-json\/wp\/v2\/users\/29"}],"replies":[{"embeddable":true,"href":"https:\/\/guggi.es\/ca\/wp-json\/wp\/v2\/comments?post=20577"}],"version-history":[{"count":7,"href":"https:\/\/guggi.es\/ca\/wp-json\/wp\/v2\/pages\/20577\/revisions"}],"predecessor-version":[{"id":20585,"href":"https:\/\/guggi.es\/ca\/wp-json\/wp\/v2\/pages\/20577\/revisions\/20585"}],"wp:attachment":[{"href":"https:\/\/guggi.es\/ca\/wp-json\/wp\/v2\/media?parent=20577"}],"curies":[{"name":"wp","href":"https:\/\/api.w.org\/{rel}","templated":true}]}}