{"id":20550,"date":"2023-05-20T22:49:00","date_gmt":"2023-05-20T21:49:00","guid":{"rendered":"https:\/\/guggi.es\/?page_id=20550"},"modified":"2024-05-15T18:38:00","modified_gmt":"2024-05-15T17:38:00","slug":"_alquiler_","status":"publish","type":"page","link":"https:\/\/guggi.es\/ca\/_alquiler_\/","title":{"rendered":"Lloguer de cotxes"},"content":{"rendered":"<p>En Taller Guggi, ofrecemos servicios de alquiler de coches en Torredembarra para que puedas disfrutar de la comodidad y la libertad de moverte a tu ritmo. Contamos con una flota de veh\u00edculos modernos y bien mantenidos, ideales para tus desplazamientos durante tu estancia en la zona.<\/p>\n<p><strong>Alquiler de coches en Torredembarra con precios competitivos y transparencia<\/strong><\/p>\n<p>En Taller Guggi, creemos en la transparencia y la honestidad en nuestros precios. Ofrecemos tarifas competitivas y sin sorpresas ocultas, para que puedas planificar tu viaje sin preocupaciones. Adem\u00e1s, nuestro equipo estar\u00e1 encantado de ayudarte a elegir la opci\u00f3n m\u00e1s adecuada seg\u00fan tus preferencias y presupuesto.<\/p>\n<p><strong>Reserva F\u00e1cil y C\u00f3moda<\/strong><\/p>\n<p>Reservar tu coche de alquiler en Torredembarra es f\u00e1cil y c\u00f3modo con Taller Guggi. Puedes hacerlo en l\u00ednea a trav\u00e9s de nuestro sitio web o contactarnos directamente por tel\u00e9fono. Nuestro proceso de reserva es r\u00e1pido y sencillo, asegurando que tengas tu veh\u00edculo listo para recoger en el momento de tu llegada.<\/p>\n<p>&nbsp;<\/p>\n<p><strong>Seleccione el veh\u00edculo que desea alquilar<\/strong><br \/>\n<div id=\"simple-carousel\" class=\"simple-carousel-container\"><div class=\"carousel-wrapper\"><div class=\"carousel-item\"><img fetchpriority=\"high\" decoding=\"async\" width=\"300\" height=\"225\" src=\"https:\/\/guggi.es\/wp-content\/uploads\/2025\/02\/opel-corsa-alquiler-Torredembarra-coches-alquila-barrato-2-300x225.jpeg\" class=\"img-responsive wp-post-image\" alt=\"opel corsa alquiler Torredembarra coches alquila barrato (2)\" srcset=\"https:\/\/guggi.es\/wp-content\/uploads\/2025\/02\/opel-corsa-alquiler-Torredembarra-coches-alquila-barrato-2-300x225.jpeg 300w, https:\/\/guggi.es\/wp-content\/uploads\/2025\/02\/opel-corsa-alquiler-Torredembarra-coches-alquila-barrato-2-1024x768.jpeg 1024w, https:\/\/guggi.es\/wp-content\/uploads\/2025\/02\/opel-corsa-alquiler-Torredembarra-coches-alquila-barrato-2-768x576.jpeg 768w, https:\/\/guggi.es\/wp-content\/uploads\/2025\/02\/opel-corsa-alquiler-Torredembarra-coches-alquila-barrato-2-1536x1152.jpeg 1536w, https:\/\/guggi.es\/wp-content\/uploads\/2025\/02\/opel-corsa-alquiler-Torredembarra-coches-alquila-barrato-2-16x12.jpeg 16w, https:\/\/guggi.es\/wp-content\/uploads\/2025\/02\/opel-corsa-alquiler-Torredembarra-coches-alquila-barrato-2-88x66.jpeg 88w, https:\/\/guggi.es\/wp-content\/uploads\/2025\/02\/opel-corsa-alquiler-Torredembarra-coches-alquila-barrato-2-173x130.jpeg 173w, https:\/\/guggi.es\/wp-content\/uploads\/2025\/02\/opel-corsa-alquiler-Torredembarra-coches-alquila-barrato-2-640x480.jpeg 640w, https:\/\/guggi.es\/wp-content\/uploads\/2025\/02\/opel-corsa-alquiler-Torredembarra-coches-alquila-barrato-2-350x263.jpeg 350w, https:\/\/guggi.es\/wp-content\/uploads\/2025\/02\/opel-corsa-alquiler-Torredembarra-coches-alquila-barrato-2-600x450.jpeg 600w, https:\/\/guggi.es\/wp-content\/uploads\/2025\/02\/opel-corsa-alquiler-Torredembarra-coches-alquila-barrato-2.jpeg 2040w\" sizes=\"(max-width: 300px) 100vw, 300px\" \/><h3 title=\"Opel\" corsa 2436mtt>Opel corsa...<\/h3><span class=\"car-price\">36\u20ac\/D\u00eda<\/span><div class=\"car-icons\"><span title=\"Gasolina\" class=\"icon fa-solid fa-gas-pump\"><p>Gasolina<\/p><\/span><span title=\"Manual\" class=\"icon fa-solid fa-cogs\"><p>Manual<\/p><\/span><span title=\"ECO No\" class=\"icon fa-solid fa-times\"><p>ECO No<\/p><\/span><span title=\"A.A. S\u00ed\" class=\"icon fa-solid fa-snowflake\"><p>A.A. S\u00ed<\/p><\/span><span title=\"ABS S\u00ed\" class=\"icon fa-solid fa-car\"><p>ABS S\u00ed<\/p><\/span><span title=\"5 plazas\" class=\"icon fa-solid fa-users\"><p>5 plazas<\/p><\/span><span title=\"4 puertas\" class=\"icon fa-solid fa-door-open\"><p>4 puertas<\/p><\/span><\/div><div class='buttons'><a href=\"https:\/\/guggi.es\/ca\/coches\/open-corsa-alq2\/?sh=1&car_id=21122\" class=\"carButton btn btn-primary\">Detalles<\/a><a href=\"\/ca\/formulario-de-reserva-de-alquiler\/?car_id=21122\" class=\"carButton btn btn-primary\">Reservar<\/a><\/div><\/div><div class=\"carousel-item\"><img fetchpriority=\"high\" decoding=\"async\" width=\"300\" height=\"225\" src=\"https:\/\/guggi.es\/wp-content\/uploads\/2025\/02\/opel-corsa-alquiler-Torredembarra-coches-alquila-barrato-2-300x225.jpeg\" class=\"img-responsive wp-post-image\" alt=\"opel corsa alquiler Torredembarra coches alquila barrato (2)\" srcset=\"https:\/\/guggi.es\/wp-content\/uploads\/2025\/02\/opel-corsa-alquiler-Torredembarra-coches-alquila-barrato-2-300x225.jpeg 300w, https:\/\/guggi.es\/wp-content\/uploads\/2025\/02\/opel-corsa-alquiler-Torredembarra-coches-alquila-barrato-2-1024x768.jpeg 1024w, https:\/\/guggi.es\/wp-content\/uploads\/2025\/02\/opel-corsa-alquiler-Torredembarra-coches-alquila-barrato-2-768x576.jpeg 768w, https:\/\/guggi.es\/wp-content\/uploads\/2025\/02\/opel-corsa-alquiler-Torredembarra-coches-alquila-barrato-2-1536x1152.jpeg 1536w, https:\/\/guggi.es\/wp-content\/uploads\/2025\/02\/opel-corsa-alquiler-Torredembarra-coches-alquila-barrato-2-16x12.jpeg 16w, https:\/\/guggi.es\/wp-content\/uploads\/2025\/02\/opel-corsa-alquiler-Torredembarra-coches-alquila-barrato-2-88x66.jpeg 88w, https:\/\/guggi.es\/wp-content\/uploads\/2025\/02\/opel-corsa-alquiler-Torredembarra-coches-alquila-barrato-2-173x130.jpeg 173w, https:\/\/guggi.es\/wp-content\/uploads\/2025\/02\/opel-corsa-alquiler-Torredembarra-coches-alquila-barrato-2-640x480.jpeg 640w, https:\/\/guggi.es\/wp-content\/uploads\/2025\/02\/opel-corsa-alquiler-Torredembarra-coches-alquila-barrato-2-350x263.jpeg 350w, https:\/\/guggi.es\/wp-content\/uploads\/2025\/02\/opel-corsa-alquiler-Torredembarra-coches-alquila-barrato-2-600x450.jpeg 600w, https:\/\/guggi.es\/wp-content\/uploads\/2025\/02\/opel-corsa-alquiler-Torredembarra-coches-alquila-barrato-2.jpeg 2040w\" sizes=\"(max-width: 300px) 100vw, 300px\" \/><h3 title=\"Opel\" corsa 7230mtp>Opel corsa...<\/h3><span class=\"car-price\">36\u20ac\/D\u00eda<\/span><div class=\"car-icons\"><span title=\"Gasolina\" class=\"icon fa-solid fa-gas-pump\"><p>Gasolina<\/p><\/span><span title=\"Manual\" class=\"icon fa-solid fa-cogs\"><p>Manual<\/p><\/span><span title=\"ECO No\" class=\"icon fa-solid fa-times\"><p>ECO No<\/p><\/span><span title=\"A.A. S\u00ed\" class=\"icon fa-solid fa-snowflake\"><p>A.A. S\u00ed<\/p><\/span><span title=\"ABS S\u00ed\" class=\"icon fa-solid fa-car\"><p>ABS S\u00ed<\/p><\/span><span title=\"5 plazas\" class=\"icon fa-solid fa-users\"><p>5 plazas<\/p><\/span><span title=\"4 puertas\" class=\"icon fa-solid fa-door-open\"><p>4 puertas<\/p><\/span><\/div><div class='buttons'><a href=\"https:\/\/guggi.es\/ca\/coches\/open-corsa-alq1\/?sh=1&car_id=21101\" class=\"carButton btn btn-primary\">Detalles<\/a><a href=\"\/ca\/formulario-de-reserva-de-alquiler\/?car_id=21101\" class=\"carButton btn btn-primary\">Reservar<\/a><\/div><\/div><div class=\"carousel-item\"><img decoding=\"async\" width=\"300\" height=\"225\" src=\"https:\/\/guggi.es\/wp-content\/uploads\/2024\/05\/1676642592246-1-300x225.jpg\" class=\"img-responsive wp-post-image\" alt=\"\" srcset=\"https:\/\/guggi.es\/wp-content\/uploads\/2024\/05\/1676642592246-1-300x225.jpg 300w, https:\/\/guggi.es\/wp-content\/uploads\/2024\/05\/1676642592246-1-1024x768.jpg 1024w, https:\/\/guggi.es\/wp-content\/uploads\/2024\/05\/1676642592246-1-768x576.jpg 768w, https:\/\/guggi.es\/wp-content\/uploads\/2024\/05\/1676642592246-1-1536x1152.jpg 1536w, https:\/\/guggi.es\/wp-content\/uploads\/2024\/05\/1676642592246-1-2048x1536.jpg 2048w, https:\/\/guggi.es\/wp-content\/uploads\/2024\/05\/1676642592246-1-16x12.jpg 16w, https:\/\/guggi.es\/wp-content\/uploads\/2024\/05\/1676642592246-1-88x66.jpg 88w, https:\/\/guggi.es\/wp-content\/uploads\/2024\/05\/1676642592246-1-173x130.jpg 173w, https:\/\/guggi.es\/wp-content\/uploads\/2024\/05\/1676642592246-1-640x480.jpg 640w, https:\/\/guggi.es\/wp-content\/uploads\/2024\/05\/1676642592246-1-350x263.jpg 350w, https:\/\/guggi.es\/wp-content\/uploads\/2024\/05\/1676642592246-1-600x450.jpg 600w\" sizes=\"(max-width: 300px) 100vw, 300px\" \/><h3 title=\"RENAULT\" clio 6187mcr>RENAULT CLIO...<\/h3><span class=\"car-price\">34\u20ac\/D\u00eda<\/span><div class=\"car-icons\"><span title=\"Gasolina\" class=\"icon fa-solid fa-gas-pump\"><p>Gasolina<\/p><\/span><span title=\"Manual\" class=\"icon fa-solid fa-cogs\"><p>Manual<\/p><\/span><span title=\"ECO No\" class=\"icon fa-solid fa-times\"><p>ECO No<\/p><\/span><span title=\"A.A. S\u00ed\" class=\"icon fa-solid fa-snowflake\"><p>A.A. S\u00ed<\/p><\/span><span title=\"ABS S\u00ed\" class=\"icon fa-solid fa-car\"><p>ABS S\u00ed<\/p><\/span><span title=\"5 plazas\" class=\"icon fa-solid fa-users\"><p>5 plazas<\/p><\/span><span title=\"5 puertas\" class=\"icon fa-solid fa-door-open\"><p>5 puertas<\/p><\/span><\/div><div class='buttons'><a href=\"https:\/\/guggi.es\/ca\/coches\/renault-clio-6187mcr\/?sh=1&car_id=21013\" class=\"carButton btn btn-primary\">Detalles<\/a><a href=\"\/ca\/formulario-de-reserva-de-alquiler\/?car_id=21013\" class=\"carButton btn btn-primary\">Reservar<\/a><\/div><\/div><div class=\"carousel-item\"><img decoding=\"async\" width=\"300\" height=\"225\" src=\"https:\/\/guggi.es\/wp-content\/uploads\/2024\/05\/1676642592246-1-300x225.jpg\" class=\"img-responsive wp-post-image\" alt=\"\" srcset=\"https:\/\/guggi.es\/wp-content\/uploads\/2024\/05\/1676642592246-1-300x225.jpg 300w, https:\/\/guggi.es\/wp-content\/uploads\/2024\/05\/1676642592246-1-1024x768.jpg 1024w, https:\/\/guggi.es\/wp-content\/uploads\/2024\/05\/1676642592246-1-768x576.jpg 768w, https:\/\/guggi.es\/wp-content\/uploads\/2024\/05\/1676642592246-1-1536x1152.jpg 1536w, https:\/\/guggi.es\/wp-content\/uploads\/2024\/05\/1676642592246-1-2048x1536.jpg 2048w, https:\/\/guggi.es\/wp-content\/uploads\/2024\/05\/1676642592246-1-16x12.jpg 16w, https:\/\/guggi.es\/wp-content\/uploads\/2024\/05\/1676642592246-1-88x66.jpg 88w, https:\/\/guggi.es\/wp-content\/uploads\/2024\/05\/1676642592246-1-173x130.jpg 173w, https:\/\/guggi.es\/wp-content\/uploads\/2024\/05\/1676642592246-1-640x480.jpg 640w, https:\/\/guggi.es\/wp-content\/uploads\/2024\/05\/1676642592246-1-350x263.jpg 350w, https:\/\/guggi.es\/wp-content\/uploads\/2024\/05\/1676642592246-1-600x450.jpg 600w\" sizes=\"(max-width: 300px) 100vw, 300px\" \/><h3 title=\"RENAULT\" clio 6188mcr>RENAULT CLIO...<\/h3><span class=\"car-price\">34\u20ac\/D\u00eda<\/span><div class=\"car-icons\"><span title=\"Gasolina\" class=\"icon fa-solid fa-gas-pump\"><p>Gasolina<\/p><\/span><span title=\"Manual\" class=\"icon fa-solid fa-cogs\"><p>Manual<\/p><\/span><span title=\"ECO No\" class=\"icon fa-solid fa-times\"><p>ECO No<\/p><\/span><span title=\"A.A. S\u00ed\" class=\"icon fa-solid fa-snowflake\"><p>A.A. S\u00ed<\/p><\/span><span title=\"ABS S\u00ed\" class=\"icon fa-solid fa-car\"><p>ABS S\u00ed<\/p><\/span><span title=\"5 plazas\" class=\"icon fa-solid fa-users\"><p>5 plazas<\/p><\/span><span title=\"5 puertas\" class=\"icon fa-solid fa-door-open\"><p>5 puertas<\/p><\/span><\/div><div class='buttons'><a href=\"https:\/\/guggi.es\/ca\/coches\/renault-clio-6188mcr\/?sh=1&car_id=20918\" class=\"carButton btn btn-primary\">Detalles<\/a><a href=\"\/ca\/formulario-de-reserva-de-alquiler\/?car_id=20918\" class=\"carButton btn btn-primary\">Reservar<\/a><\/div><\/div><div class=\"carousel-item\"><img decoding=\"async\" width=\"300\" height=\"138\" src=\"https:\/\/guggi.es\/wp-content\/uploads\/2024\/05\/1676886369847-300x138.jpg\" class=\"img-responsive wp-post-image\" alt=\"\" srcset=\"https:\/\/guggi.es\/wp-content\/uploads\/2024\/05\/1676886369847-300x138.jpg 300w, https:\/\/guggi.es\/wp-content\/uploads\/2024\/05\/1676886369847-1024x472.jpg 1024w, https:\/\/guggi.es\/wp-content\/uploads\/2024\/05\/1676886369847-768x354.jpg 768w, https:\/\/guggi.es\/wp-content\/uploads\/2024\/05\/1676886369847-1536x708.jpg 1536w, https:\/\/guggi.es\/wp-content\/uploads\/2024\/05\/1676886369847-18x8.jpg 18w, https:\/\/guggi.es\/wp-content\/uploads\/2024\/05\/1676886369847-117x54.jpg 117w, https:\/\/guggi.es\/wp-content\/uploads\/2024\/05\/1676886369847-200x92.jpg 200w, https:\/\/guggi.es\/wp-content\/uploads\/2024\/05\/1676886369847-850x392.jpg 850w, https:\/\/guggi.es\/wp-content\/uploads\/2024\/05\/1676886369847-350x161.jpg 350w, https:\/\/guggi.es\/wp-content\/uploads\/2024\/05\/1676886369847-600x277.jpg 600w, https:\/\/guggi.es\/wp-content\/uploads\/2024\/05\/1676886369847.jpg 1600w\" sizes=\"(max-width: 300px) 100vw, 300px\" \/><h3 title=\"9785MBD\" opel corsa>9785MBD OPEL...<\/h3><span class=\"car-price\">34\u20ac\/D\u00eda<\/span><div class=\"car-icons\"><span title=\"Gasolina\" class=\"icon fa-solid fa-gas-pump\"><p>Gasolina<\/p><\/span><span title=\"Manual\" class=\"icon fa-solid fa-cogs\"><p>Manual<\/p><\/span><span title=\"ECO No\" class=\"icon fa-solid fa-times\"><p>ECO No<\/p><\/span><span title=\"A.A. S\u00ed\" class=\"icon fa-solid fa-snowflake\"><p>A.A. S\u00ed<\/p><\/span><span title=\"ABS S\u00ed\" class=\"icon fa-solid fa-car\"><p>ABS S\u00ed<\/p><\/span><span title=\"5 plazas\" class=\"icon fa-solid fa-users\"><p>5 plazas<\/p><\/span><span title=\"5 puertas\" class=\"icon fa-solid fa-door-open\"><p>5 puertas<\/p><\/span><\/div><div class='buttons'><a href=\"https:\/\/guggi.es\/ca\/coches\/9785mbd-opel-corsa\/?sh=1&car_id=20915\" class=\"carButton btn btn-primary\">Detalles<\/a><a href=\"\/ca\/formulario-de-reserva-de-alquiler\/?car_id=20915\" class=\"carButton btn btn-primary\">Reservar<\/a><\/div><\/div><\/div><button class=\"prev\">&#10094;<\/button><button class=\"next\">&#10095;<\/button><\/div><\/p>","protected":false},"excerpt":{"rendered":"<p>En Taller Guggi, ofrecemos servicios de alquiler de coches en Torredembarra para que puedas disfrutar de la comodidad y la libertad de moverte a tu ritmo. Contamos con una flota de veh\u00edculos modernos y bien mantenidos, ideales para tus desplazamientos durante tu estancia en la zona. Alquiler de coches en Torredembarra con precios competitivos y [&hellip;]<\/p>\n","protected":false},"author":120,"featured_media":0,"parent":0,"menu_order":0,"comment_status":"closed","ping_status":"closed","template":"elementor_theme","meta":{"footnotes":""},"class_list":["post-20550","page","type-page","status-publish","hentry"],"yoast_head":"<!-- This site is optimized with the Yoast SEO plugin v27.4 - https:\/\/yoast.com\/product\/yoast-seo-wordpress\/ -->\n<title>Alquiler de coches - Taller chapa y pintura Guggi Torredembarra<\/title>\n<meta name=\"robots\" content=\"index, follow, max-snippet:-1, max-image-preview:large, max-video-preview:-1\" \/>\n<link rel=\"canonical\" href=\"https:\/\/guggi.es\/ca\/_alquiler_\/\" \/>\n<meta property=\"og:locale\" content=\"ca_ES\" \/>\n<meta property=\"og:type\" content=\"article\" \/>\n<meta property=\"og:title\" content=\"Alquiler de coches - Taller chapa y pintura Guggi Torredembarra\" \/>\n<meta property=\"og:description\" content=\"En Taller Guggi, ofrecemos servicios de alquiler de coches en Torredembarra para que puedas disfrutar de la comodidad y la libertad de moverte a tu ritmo. Contamos con una flota de veh\u00edculos modernos y bien mantenidos, ideales para tus desplazamientos durante tu estancia en la zona. Alquiler de coches en Torredembarra con precios competitivos y [&hellip;]\" \/>\n<meta property=\"og:url\" content=\"https:\/\/guggi.es\/ca\/_alquiler_\/\" \/>\n<meta property=\"og:site_name\" content=\"Taller chapa y pintura Guggi Torredembarra\" \/>\n<meta property=\"article:publisher\" content=\"https:\/\/www.facebook.com\/guggitaller\/\" \/>\n<meta property=\"article:modified_time\" content=\"2024-05-15T17:38:00+00:00\" \/>\n<meta name=\"twitter:card\" content=\"summary_large_image\" \/>\n<meta name=\"twitter:label1\" content=\"Temps estimat de lectura\" \/>\n\t<meta name=\"twitter:data1\" content=\"1 minut\" \/>\n<script type=\"application\/ld+json\" class=\"yoast-schema-graph\">{\"@context\":\"https:\\\/\\\/schema.org\",\"@graph\":[{\"@type\":\"WebPage\",\"@id\":\"https:\\\/\\\/guggi.es\\\/_alquiler_\\\/\",\"url\":\"https:\\\/\\\/guggi.es\\\/_alquiler_\\\/\",\"name\":\"Alquiler de coches - Taller chapa y pintura Guggi Torredembarra\",\"isPartOf\":{\"@id\":\"https:\\\/\\\/guggi.es\\\/#website\"},\"datePublished\":\"2023-05-20T21:49:00+00:00\",\"dateModified\":\"2024-05-15T17:38:00+00:00\",\"breadcrumb\":{\"@id\":\"https:\\\/\\\/guggi.es\\\/_alquiler_\\\/#breadcrumb\"},\"inLanguage\":\"ca\",\"potentialAction\":[{\"@type\":\"ReadAction\",\"target\":[\"https:\\\/\\\/guggi.es\\\/_alquiler_\\\/\"]}]},{\"@type\":\"BreadcrumbList\",\"@id\":\"https:\\\/\\\/guggi.es\\\/_alquiler_\\\/#breadcrumb\",\"itemListElement\":[{\"@type\":\"ListItem\",\"position\":1,\"name\":\"Portada\",\"item\":\"https:\\\/\\\/guggi.es\\\/\"},{\"@type\":\"ListItem\",\"position\":2,\"name\":\"Alquiler de coches\"}]},{\"@type\":\"WebSite\",\"@id\":\"https:\\\/\\\/guggi.es\\\/#website\",\"url\":\"https:\\\/\\\/guggi.es\\\/\",\"name\":\"Taller chapa y pintura Guggi Torredembarra\",\"description\":\"Taller de chapa y pintura y alquiler de coches Torredembarra\",\"publisher\":{\"@id\":\"https:\\\/\\\/guggi.es\\\/#organization\"},\"alternateName\":\"Taller Guggi\",\"potentialAction\":[{\"@type\":\"SearchAction\",\"target\":{\"@type\":\"EntryPoint\",\"urlTemplate\":\"https:\\\/\\\/guggi.es\\\/?s={search_term_string}\"},\"query-input\":{\"@type\":\"PropertyValueSpecification\",\"valueRequired\":true,\"valueName\":\"search_term_string\"}}],\"inLanguage\":\"ca\"},{\"@type\":\"Organization\",\"@id\":\"https:\\\/\\\/guggi.es\\\/#organization\",\"name\":\"Taller Chapa y pintura Guggi Torredembarra\",\"alternateName\":\"Taller Guggi\",\"url\":\"https:\\\/\\\/guggi.es\\\/\",\"logo\":{\"@type\":\"ImageObject\",\"inLanguage\":\"ca\",\"@id\":\"https:\\\/\\\/guggi.es\\\/#\\\/schema\\\/logo\\\/image\\\/\",\"url\":\"https:\\\/\\\/guggi.es\\\/wp-content\\\/uploads\\\/2021\\\/12\\\/guggi-logo-2-2.svg\",\"contentUrl\":\"https:\\\/\\\/guggi.es\\\/wp-content\\\/uploads\\\/2021\\\/12\\\/guggi-logo-2-2.svg\",\"width\":500,\"height\":250,\"caption\":\"Taller Chapa y pintura Guggi Torredembarra\"},\"image\":{\"@id\":\"https:\\\/\\\/guggi.es\\\/#\\\/schema\\\/logo\\\/image\\\/\"},\"sameAs\":[\"https:\\\/\\\/www.facebook.com\\\/guggitaller\\\/\"]}]}<\/script>\n<!-- \/ Yoast SEO plugin. -->","yoast_head_json":{"title":"Alquiler de coches - Taller chapa y pintura Guggi Torredembarra","robots":{"index":"index","follow":"follow","max-snippet":"max-snippet:-1","max-image-preview":"max-image-preview:large","max-video-preview":"max-video-preview:-1"},"canonical":"https:\/\/guggi.es\/ca\/_alquiler_\/","og_locale":"ca_ES","og_type":"article","og_title":"Alquiler de coches - Taller chapa y pintura Guggi Torredembarra","og_description":"En Taller Guggi, ofrecemos servicios de alquiler de coches en Torredembarra para que puedas disfrutar de la comodidad y la libertad de moverte a tu ritmo. Contamos con una flota de veh\u00edculos modernos y bien mantenidos, ideales para tus desplazamientos durante tu estancia en la zona. Alquiler de coches en Torredembarra con precios competitivos y [&hellip;]","og_url":"https:\/\/guggi.es\/ca\/_alquiler_\/","og_site_name":"Taller chapa y pintura Guggi Torredembarra","article_publisher":"https:\/\/www.facebook.com\/guggitaller\/","article_modified_time":"2024-05-15T17:38:00+00:00","twitter_card":"summary_large_image","twitter_misc":{"Temps estimat de lectura":"1 minut"},"schema":{"@context":"https:\/\/schema.org","@graph":[{"@type":"WebPage","@id":"https:\/\/guggi.es\/_alquiler_\/","url":"https:\/\/guggi.es\/_alquiler_\/","name":"Alquiler de coches - Taller chapa y pintura Guggi Torredembarra","isPartOf":{"@id":"https:\/\/guggi.es\/#website"},"datePublished":"2023-05-20T21:49:00+00:00","dateModified":"2024-05-15T17:38:00+00:00","breadcrumb":{"@id":"https:\/\/guggi.es\/_alquiler_\/#breadcrumb"},"inLanguage":"ca","potentialAction":[{"@type":"ReadAction","target":["https:\/\/guggi.es\/_alquiler_\/"]}]},{"@type":"BreadcrumbList","@id":"https:\/\/guggi.es\/_alquiler_\/#breadcrumb","itemListElement":[{"@type":"ListItem","position":1,"name":"Portada","item":"https:\/\/guggi.es\/"},{"@type":"ListItem","position":2,"name":"Alquiler de coches"}]},{"@type":"WebSite","@id":"https:\/\/guggi.es\/#website","url":"https:\/\/guggi.es\/","name":"Taller chapa y pintura Guggi Torredembarra","description":"Taller de chapa y pintura y alquiler de coches Torredembarra","publisher":{"@id":"https:\/\/guggi.es\/#organization"},"alternateName":"Taller Guggi","potentialAction":[{"@type":"SearchAction","target":{"@type":"EntryPoint","urlTemplate":"https:\/\/guggi.es\/?s={search_term_string}"},"query-input":{"@type":"PropertyValueSpecification","valueRequired":true,"valueName":"search_term_string"}}],"inLanguage":"ca"},{"@type":"Organization","@id":"https:\/\/guggi.es\/#organization","name":"Taller Chapa y pintura Guggi Torredembarra","alternateName":"Taller Guggi","url":"https:\/\/guggi.es\/","logo":{"@type":"ImageObject","inLanguage":"ca","@id":"https:\/\/guggi.es\/#\/schema\/logo\/image\/","url":"https:\/\/guggi.es\/wp-content\/uploads\/2021\/12\/guggi-logo-2-2.svg","contentUrl":"https:\/\/guggi.es\/wp-content\/uploads\/2021\/12\/guggi-logo-2-2.svg","width":500,"height":250,"caption":"Taller Chapa y pintura Guggi Torredembarra"},"image":{"@id":"https:\/\/guggi.es\/#\/schema\/logo\/image\/"},"sameAs":["https:\/\/www.facebook.com\/guggitaller\/"]}]}},"jetpack_sharing_enabled":true,"_links":{"self":[{"href":"https:\/\/guggi.es\/ca\/wp-json\/wp\/v2\/pages\/20550","targetHints":{"allow":["GET"]}}],"collection":[{"href":"https:\/\/guggi.es\/ca\/wp-json\/wp\/v2\/pages"}],"about":[{"href":"https:\/\/guggi.es\/ca\/wp-json\/wp\/v2\/types\/page"}],"author":[{"embeddable":true,"href":"https:\/\/guggi.es\/ca\/wp-json\/wp\/v2\/users\/120"}],"replies":[{"embeddable":true,"href":"https:\/\/guggi.es\/ca\/wp-json\/wp\/v2\/comments?post=20550"}],"version-history":[{"count":4,"href":"https:\/\/guggi.es\/ca\/wp-json\/wp\/v2\/pages\/20550\/revisions"}],"predecessor-version":[{"id":20933,"href":"https:\/\/guggi.es\/ca\/wp-json\/wp\/v2\/pages\/20550\/revisions\/20933"}],"wp:attachment":[{"href":"https:\/\/guggi.es\/ca\/wp-json\/wp\/v2\/media?parent=20550"}],"curies":[{"name":"wp","href":"https:\/\/api.w.org\/{rel}","templated":true}]}}